{"id":3140,"date":"2018-10-17T13:21:55","date_gmt":"2018-10-17T13:21:55","guid":{"rendered":"https:\/\/kassandra-palace.com\/privacy-policy\/"},"modified":"2021-02-18T12:49:59","modified_gmt":"2021-02-18T10:49:59","slug":"privacy-policy","status":"publish","type":"page","link":"https:\/\/kassandra-palace.com\/fr\/privacy-policy\/","title":{"rendered":"Politique de confidentialit\u00e9"},"content":{"rendered":"<div class=\"wpb-content-wrapper\"><p>[vc_row el_class=\u00a0\u00bbtop-bottom-margin site-container\u00a0\u00bb][vc_column][vc_column_text]Cette page fournit des informations sur la politique de confidentialit\u00e9 appliqu\u00e9e par le Kassandra Palace Hotel sur ses sites web, concernant le traitement des donn\u00e9es \u00e0 caract\u00e8re personnel des personnes qui les visitent.<\/p>\n<p>La notification suivante est \u00e9galement fournie conform\u00e9ment \u00e0 l\u2019article\u00a013 du r\u00e8glement (UE) 2016\/679, \u00e0 l&rsquo;attention des personnes qui interagissent avec les services fournis par le site web du Kassandra Palace Hotel, accessibles en ligne.<\/p>\n<p>Cette notification s\u2019appuie \u00e9galement sur la recommandation n\u00ba 2\/2001 adopt\u00e9e par les autorit\u00e9s europ\u00e9ennes de protection des donn\u00e9es, r\u00e9unies dans le groupe de travail sur la protection des donn\u00e9es institu\u00e9 par l\u2019article\u00a029 de la directive 95\/46\/CE adopt\u00e9 le 17\u00a0mai\u00a02001, et a pour but d\u2019identifier les exigences minimales \u00e0 adopter afin de prot\u00e9ger la collecte en ligne de donn\u00e9es \u00e0 caract\u00e8re personnel ainsi que les dispositions minimales concernant les personnes acc\u00e9dant aux pages web, afin de garantir la loyaut\u00e9 et la lic\u00e9it\u00e9 du traitement en question.[\/vc_column_text][vc_column_text]<\/p>\n<h2>Types de donn\u00e9es trait\u00e9es<\/h2>\n<h3>Donn\u00e9es de navigation<\/h3>\n<p>Dans le cours normal des op\u00e9rations, les syst\u00e8mes et processus informatiques d\u00e9di\u00e9s au fonctionnement du pr\u00e9sent site web collectent certaines donn\u00e9es \u00e0 caract\u00e8re personnel dont la transmission fait partie int\u00e9grante de l\u2019utilisation des protocoles de communication d&rsquo;Internet. Ces donn\u00e9es ne sont pas collect\u00e9es dans le but d\u2019\u00eatre associ\u00e9es \u00e0 des personnes concern\u00e9es identifi\u00e9es. Toutefois, leur nature m\u00eame peut rendre possible, lors de leur traitement et en combinaison avec les donn\u00e9es d\u00e9tenues par des tiers, l\u2019identification des utilisateurs. Cette cat\u00e9gorie de donn\u00e9es inclut les adresses IP ou les noms de domaine des ordinateurs utilis\u00e9s par les utilisateurs pour acc\u00e9der au site, les adresses URI (Uniform Resource Identifier) des ressources demand\u00e9es, l\u2019heure \u00e0 laquelle la demande a \u00e9t\u00e9 faite, les modalit\u00e9s de pr\u00e9sentation de la demande au serveur, la taille des fichiers obtenus en r\u00e9ponse, le code num\u00e9rique indiquant le statut de la r\u00e9ponse donn\u00e9e par le serveur ainsi que d\u2019autres param\u00e8tres li\u00e9s au syst\u00e8me d\u2019exploitation de l\u2019utilisateur et \u00e0 son environnement informatique. Ces donn\u00e9es sont utilis\u00e9es uniquement dans le but de recueillir des informations statistiques anonymes concernant l\u2019utilisation du site et afin de v\u00e9rifier son bon fonctionnement En outre, ces donn\u00e9es peuvent \u00eatre utilis\u00e9es pour \u00e9tablir une \u00e9ventuelle responsabilit\u00e9 en cas d&rsquo;activit\u00e9 cybern\u00e9tique de nature criminelle contre le site web. \u00c0 moins que certaines circonstances ne s\u2019y opposent, les donn\u00e9es \u00e0 caract\u00e8re personnel ne sont pas conserv\u00e9es pendant plus de trente jours.<\/p>\n<h3>Cookies<\/h3>\n<p>Le Kassandra Palace ne proc\u00e8de ni \u00e0 la collecte ni \u00e0 l\u2019extraction automatique d\u2019informations de nature personnelle concernant les visiteurs de ses sites web. Ce site web utilise exclusivement des cookies de session et, ce, \u00e0 la seule fin de permettre une navigation s\u00fbre sur le site. Les cookies sont \u00e9galement utilis\u00e9s pour g\u00e9rer la redirection vers d\u2019autres sites web. En utilisant ce site web, l\u2019utilisateur consent au traitement des donn\u00e9es obtenues au moyen des cookies de session, aux fins de la mise en \u0153uvre des m\u00e9thodes et de la r\u00e9alisation des objectifs susmentionn\u00e9s, conform\u00e9ment \u00e0 la loi.<\/p>\n<h3>Nature optionnelle de la fourniture de donn\u00e9es<\/h3>\n<p>\u00c0 l\u2019exception de ce qui a \u00e9t\u00e9 pr\u00e9cis\u00e9 concernant les donn\u00e9es de navigation, l\u2019utilisateur est libre de fournir les donn\u00e9es \u00e0 caract\u00e8re personnel requises afin de requ\u00e9rir l\u2019envoi d\u2019informations ou de b\u00e9n\u00e9ficier d\u2019autres types de services propos\u00e9s par le Kassandra Palace. En l&rsquo;absence de ces donn\u00e9es en question, l&rsquo;utilisateur est susceptible de ne pas obtenir le service demand\u00e9.<\/p>\n<h3>M\u00e9thodes de traitement<\/h3>\n<p>Les donn\u00e9es \u00e0 caract\u00e8re personnel sont trait\u00e9es de fa\u00e7on automatique pour la dur\u00e9e strictement n\u00e9cessaire \u00e0 la r\u00e9alisation des objectifs pour lesquels elles ont \u00e9t\u00e9 collect\u00e9es. En tout \u00e9tat de cause, elles sont trait\u00e9es conform\u00e9ment aux principes de n\u00e9cessit\u00e9, d\u2019objectif, de pertinence et de pr\u00e9vention des exc\u00e8s stipul\u00e9s dans le r\u00e8glement. Des mesures sp\u00e9ciales de s\u00e9curit\u00e9 sont mises en \u0153uvre afin de pr\u00e9venir la perte de donn\u00e9es, leur utilisation ill\u00e9gale ou inappropri\u00e9e ainsi que tout acc\u00e8s non autoris\u00e9.<\/p>\n<h3>Droits de personnes concern\u00e9es<\/h3>\n<p>Enfin, nous vous informons que les articles 15 \u00e0 22 du r\u00e8glement accordent des droits pr\u00e9cis aux personnes concern\u00e9es. Le r\u00e8glement \u00e9tablit le droit d\u2019obtenir du Responsable du traitement la confirmation de l\u2019existence ou autre des donn\u00e9es \u00e0 caract\u00e8re personnel ainsi que le droit d\u2019obtenir ces donn\u00e9es dans un format compr\u00e9hensible, le droit de prendre connaissance de la source des donn\u00e9es, de la raison et des finalit\u00e9s de leur traitement ; le droit d&rsquo;en demander l&rsquo;effacement, la transformation en donn\u00e9es anonymis\u00e9es ou le droit de s\u2019opposer \u00e0 tout traitement ill\u00e9gal de ces donn\u00e9es. La personne concern\u00e9e peut \u00e9galement demander que leur donn\u00e9es \u00e0 caract\u00e8re personnel soient mises \u00e0 jour, rectifi\u00e9es ou, le cas \u00e9ch\u00e9ant, compl\u00e9t\u00e9es. Elle a \u00e9galement le droit de s\u2019opposer, pour des raisons l\u00e9gitimes, au traitement desdites donn\u00e9es. En outre, le r\u00e8glement europ\u00e9en accorde \u00e0 la personne concern\u00e9e le droit d\u2019introduire une r\u00e9clamation aupr\u00e8s de l\u2019autorit\u00e9 de protection comp\u00e9tente, le droit de retirer son consentement \u00e0 tout moment ainsi que le droit \u00e0 la portabilit\u00e9 des donn\u00e9es.<\/p>\n<p>Afin d\u2019exercer ces droits, vous pouvez contacter directement notre soci\u00e9t\u00e9 \u00e0 l\u2019adresse Kriopigi, Kassandra, BP 63077, Chalcidique, Gr\u00e8ce ou par courriel, \u00e0 l\u2019adresse : <a href=\"mailto:info@kassandra-palace.com\">info@kassandra-palace.com<\/a>[\/vc_column_text][\/vc_column][\/vc_row]<\/p>\n<\/div>","protected":false},"excerpt":{"rendered":"[vc_row el_class=\u00a0\u00bbtop-bottom-margin site-container\u00a0\u00bb][vc_column][vc_column_text]Cette page fournit des informations sur la politique de confidentialit\u00e9 appliqu\u00e9e par le Kassandra Palace Hotel sur ses sites web, concernant le traitement des donn\u00e9es \u00e0 caract\u00e8re personnel des personnes qui les visitent. La notification suivante est \u00e9galement fournie conform\u00e9ment \u00e0 l\u2019article\u00a013 du r\u00e8glement (UE) 2016\/679, \u00e0 l&rsquo;attention des personnes qui interagissent avec&#8230; <a class=\"view-article\" href=\"https:\/\/kassandra-palace.com\/fr\/privacy-policy\/\">Voir l&rsquo;article<\/a>","protected":false},"author":1,"featured_media":0,"parent":0,"menu_order":0,"comment_status":"closed","ping_status":"closed","template":"","meta":{"_acf_changed":false,"footnotes":""},"class_list":["post-3140","page","type-page","status-publish","hentry"],"acf":[],"yoast_head":"<!-- This site is optimized with the Yoast SEO plugin v25.9 - https:\/\/yoast.com\/wordpress\/plugins\/seo\/ -->\n<title>Privacy Policy | Kassandra Palace<\/title>\n<meta name=\"robots\" content=\"index, follow, max-snippet:-1, max-image-preview:large, max-video-preview:-1\" \/>\n<link rel=\"canonical\" href=\"http:\/\/kassandra-palace.com\/fr\/privacy-policy\/\" \/>\n<meta property=\"og:locale\" content=\"fr_FR\" \/>\n<meta property=\"og:type\" content=\"article\" \/>\n<meta property=\"og:title\" content=\"Privacy Policy | Kassandra Palace\" \/>\n<meta property=\"og:description\" content=\"[vc_row el_class=\u00a0\u00bbtop-bottom-margin site-container\u00a0\u00bb][vc_column][vc_column_text]Cette page fournit des informations sur la politique de confidentialit\u00e9 appliqu\u00e9e par le Kassandra Palace Hotel sur ses sites web, concernant le traitement des donn\u00e9es \u00e0 caract\u00e8re personnel des personnes qui les visitent. La notification suivante est \u00e9galement fournie conform\u00e9ment \u00e0 l\u2019article\u00a013 du r\u00e8glement (UE) 2016\/679, \u00e0 l&rsquo;attention des personnes qui interagissent avec... Voir l&#039;article\" \/>\n<meta property=\"og:url\" content=\"http:\/\/kassandra-palace.com\/fr\/privacy-policy\/\" \/>\n<meta property=\"og:site_name\" content=\"Kassandra Palace\" \/>\n<meta property=\"article:modified_time\" content=\"2021-02-18T10:49:59+00:00\" \/>\n<meta name=\"twitter:card\" content=\"summary_large_image\" \/>\n<meta name=\"twitter:label1\" content=\"Dur\u00e9e de lecture estim\u00e9e\" \/>\n\t<meta name=\"twitter:data1\" content=\"5 minutes\" \/>\n<script type=\"application\/ld+json\" class=\"yoast-schema-graph\">{\"@context\":\"https:\/\/schema.org\",\"@graph\":[{\"@type\":\"WebPage\",\"@id\":\"http:\/\/kassandra-palace.com\/fr\/privacy-policy\/\",\"url\":\"http:\/\/kassandra-palace.com\/fr\/privacy-policy\/\",\"name\":\"Privacy Policy | Kassandra Palace\",\"isPartOf\":{\"@id\":\"https:\/\/kassandra-palace.com\/#website\"},\"datePublished\":\"2018-10-17T13:21:55+00:00\",\"dateModified\":\"2021-02-18T10:49:59+00:00\",\"breadcrumb\":{\"@id\":\"http:\/\/kassandra-palace.com\/fr\/privacy-policy\/#breadcrumb\"},\"inLanguage\":\"fr-FR\",\"potentialAction\":[{\"@type\":\"ReadAction\",\"target\":[\"http:\/\/kassandra-palace.com\/fr\/privacy-policy\/\"]}]},{\"@type\":\"BreadcrumbList\",\"@id\":\"http:\/\/kassandra-palace.com\/fr\/privacy-policy\/#breadcrumb\",\"itemListElement\":[{\"@type\":\"ListItem\",\"position\":1,\"name\":\"Home\",\"item\":\"https:\/\/kassandra-palace.com\/fr\/\"},{\"@type\":\"ListItem\",\"position\":2,\"name\":\"Politique de confidentialit\u00e9\"}]},{\"@type\":\"WebSite\",\"@id\":\"https:\/\/kassandra-palace.com\/#website\",\"url\":\"https:\/\/kassandra-palace.com\/\",\"name\":\"Kassandra Palace\",\"description\":\"\",\"potentialAction\":[{\"@type\":\"SearchAction\",\"target\":{\"@type\":\"EntryPoint\",\"urlTemplate\":\"https:\/\/kassandra-palace.com\/?s={search_term_string}\"},\"query-input\":{\"@type\":\"PropertyValueSpecification\",\"valueRequired\":true,\"valueName\":\"search_term_string\"}}],\"inLanguage\":\"fr-FR\"}]}<\/script>\n<!-- \/ Yoast SEO plugin. -->","yoast_head_json":{"title":"Privacy Policy | Kassandra Palace","robots":{"index":"index","follow":"follow","max-snippet":"max-snippet:-1","max-image-preview":"max-image-preview:large","max-video-preview":"max-video-preview:-1"},"canonical":"http:\/\/kassandra-palace.com\/fr\/privacy-policy\/","og_locale":"fr_FR","og_type":"article","og_title":"Privacy Policy | Kassandra Palace","og_description":"[vc_row el_class=\u00a0\u00bbtop-bottom-margin site-container\u00a0\u00bb][vc_column][vc_column_text]Cette page fournit des informations sur la politique de confidentialit\u00e9 appliqu\u00e9e par le Kassandra Palace Hotel sur ses sites web, concernant le traitement des donn\u00e9es \u00e0 caract\u00e8re personnel des personnes qui les visitent. La notification suivante est \u00e9galement fournie conform\u00e9ment \u00e0 l\u2019article\u00a013 du r\u00e8glement (UE) 2016\/679, \u00e0 l&rsquo;attention des personnes qui interagissent avec... Voir l'article","og_url":"http:\/\/kassandra-palace.com\/fr\/privacy-policy\/","og_site_name":"Kassandra Palace","article_modified_time":"2021-02-18T10:49:59+00:00","twitter_card":"summary_large_image","twitter_misc":{"Dur\u00e9e de lecture estim\u00e9e":"5 minutes"},"schema":{"@context":"https:\/\/schema.org","@graph":[{"@type":"WebPage","@id":"http:\/\/kassandra-palace.com\/fr\/privacy-policy\/","url":"http:\/\/kassandra-palace.com\/fr\/privacy-policy\/","name":"Privacy Policy | Kassandra Palace","isPartOf":{"@id":"https:\/\/kassandra-palace.com\/#website"},"datePublished":"2018-10-17T13:21:55+00:00","dateModified":"2021-02-18T10:49:59+00:00","breadcrumb":{"@id":"http:\/\/kassandra-palace.com\/fr\/privacy-policy\/#breadcrumb"},"inLanguage":"fr-FR","potentialAction":[{"@type":"ReadAction","target":["http:\/\/kassandra-palace.com\/fr\/privacy-policy\/"]}]},{"@type":"BreadcrumbList","@id":"http:\/\/kassandra-palace.com\/fr\/privacy-policy\/#breadcrumb","itemListElement":[{"@type":"ListItem","position":1,"name":"Home","item":"https:\/\/kassandra-palace.com\/fr\/"},{"@type":"ListItem","position":2,"name":"Politique de confidentialit\u00e9"}]},{"@type":"WebSite","@id":"https:\/\/kassandra-palace.com\/#website","url":"https:\/\/kassandra-palace.com\/","name":"Kassandra Palace","description":"","potentialAction":[{"@type":"SearchAction","target":{"@type":"EntryPoint","urlTemplate":"https:\/\/kassandra-palace.com\/?s={search_term_string}"},"query-input":{"@type":"PropertyValueSpecification","valueRequired":true,"valueName":"search_term_string"}}],"inLanguage":"fr-FR"}]}},"post_mailing_queue_ids":[],"_links":{"self":[{"href":"https:\/\/kassandra-palace.com\/fr\/wp-json\/wp\/v2\/pages\/3140","targetHints":{"allow":["GET"]}}],"collection":[{"href":"https:\/\/kassandra-palace.com\/fr\/wp-json\/wp\/v2\/pages"}],"about":[{"href":"https:\/\/kassandra-palace.com\/fr\/wp-json\/wp\/v2\/types\/page"}],"author":[{"embeddable":true,"href":"https:\/\/kassandra-palace.com\/fr\/wp-json\/wp\/v2\/users\/1"}],"replies":[{"embeddable":true,"href":"https:\/\/kassandra-palace.com\/fr\/wp-json\/wp\/v2\/comments?post=3140"}],"version-history":[{"count":0,"href":"https:\/\/kassandra-palace.com\/fr\/wp-json\/wp\/v2\/pages\/3140\/revisions"}],"wp:attachment":[{"href":"https:\/\/kassandra-palace.com\/fr\/wp-json\/wp\/v2\/media?parent=3140"}],"curies":[{"name":"wp","href":"https:\/\/api.w.org\/{rel}","templated":true}]}}