{"id":3112,"date":"2018-11-23T18:32:42","date_gmt":"2018-11-23T16:32:42","guid":{"rendered":"https:\/\/kassandra-palace.com\/leisure\/"},"modified":"2023-09-15T11:55:20","modified_gmt":"2023-09-15T09:55:20","slug":"leisure","status":"publish","type":"page","link":"https:\/\/kassandra-palace.com\/fr\/leisure\/","title":{"rendered":"Loisirs"},"content":{"rendered":"<div class=\"wpb-content-wrapper\"><p>[vc_row el_class=\u00a0\u00bbtop-bottom-padding boxed\u00a0\u00bb css=\u00a0\u00bb.vc_custom_1543309314172{padding-right: 5% !important;padding-bottom: 30px !important;padding-left: 5% !important;}\u00a0\u00bb][vc_column]<div class=\"ult-content-box-container \" >\t\t<div class=\"ult-content-box\" style=\"box-shadow: px px px px none;-webkit-transition: all 700ms ease;-moz-transition: all 700ms ease;-ms-transition: all 700ms ease;-o-transition: all 700ms ease;transition: all 700ms ease;\"  data-hover_box_shadow=\"none\"    >[vc_custom_heading text=\u00a0\u00bbLOISIRS\u00a0\u00bb font_container=\u00a0\u00bbtag:h1|text_align:left|color:%23000000&Prime; google_fonts=\u00a0\u00bbfont_family:Arimo%3Aregular%2Citalic%2C700%2C700italic|font_style:400%20regular%3A400%3Anormal\u00a0\u00bb css_animation=\u00a0\u00bbfadeInUp\u00a0\u00bb el_class=\u00a0\u00bbsmall-heading line-left no-line\u00a0\u00bb]\t\t<\/div><\/div>[vc_row_inner equal_height=\u00a0\u00bbyes\u00a0\u00bb gap=\u00a0\u00bb30&Prime;][vc_column_inner width=\u00a0\u00bb1\/2&Prime;][vc_custom_heading text=\u00a0\u00bbLe Kassandra Palace Seaside Resort vous donne la possibilit\u00e9 de jouir d\u2019une plage hors du commun et d\u2019une piscine, \u00e0 quelques pas de votre chambre.\u00a0\u00bb font_container=\u00a0\u00bbtag:h2|font_size:2.5rem|text_align:left|color:%233d616f\u00a0\u00bb google_fonts=\u00a0\u00bbfont_family:Roboto%20Slab%3A100%2C300%2Cregular%2C700|font_style:400%20regular%3A400%3Anormal\u00a0\u00bb css_animation=\u00a0\u00bbfadeInUp\u00a0\u00bb el_class=\u00a0\u00bblarge-heading\u00a0\u00bb css=\u00a0\u00bb.vc_custom_1673440869371{margin-top: 0px !important;}\u00a0\u00bb][\/vc_column_inner][vc_column_inner width=\u00a0\u00bb1\/2&Prime;][vc_column_text css_animation=\u00a0\u00bbfadeInUp\u00a0\u00bb]Le Kassandra Palace Seaside Resort vous propose des vacances passionnantes, ponctu\u00e9es de moments de joie et de ressourcement. Vous aurez le plaisir d\u2019y d\u00e9couvrir un riche \u00e9ventail de loisirs et d\u2019activit\u00e9s sportives, et d\u2019explorer les options passionnantes qui s\u2019offrent \u00e0 vous, tout au long de la journ\u00e9e.[\/vc_column_text][\/vc_column_inner][\/vc_row_inner][\/vc_column][\/vc_row][vc_row el_class=\u00a0\u00bbtop-bottom-padding boxed\u00a0\u00bb css=\u00a0\u00bb.vc_custom_1543400275756{padding-top: 0px !important;}\u00a0\u00bb][vc_column][vc_row_inner][vc_column_inner]<div class=\"ult-content-box-container content-box-padded\" >\t\t<div class=\"ult-content-box\" style=\"box-shadow: px px px px none;-webkit-transition: all 700ms ease;-moz-transition: all 700ms ease;-ms-transition: all 700ms ease;-o-transition: all 700ms ease;transition: all 700ms ease;\"  data-hover_box_shadow=\"none\"    >[vc_custom_heading text=\u00a0\u00bbOUR FACILITIES IN DETAILS\u00a0\u00bb font_container=\u00a0\u00bbtag:h1|text_align:center|color:%23000000&Prime; google_fonts=\u00a0\u00bbfont_family:Arimo%3Aregular%2Citalic%2C700%2C700italic|font_style:400%20regular%3A400%3Anormal\u00a0\u00bb css_animation=\u00a0\u00bbnone\u00a0\u00bb el_class=\u00a0\u00bbsmall-heading\u00a0\u00bb]<div class=\"ult-spacer spacer-69e8150127990\" data-id=\"69e8150127990\" data-height=\"10\" data-height-mobile=\"10\" data-height-tab=\"10\" data-height-tab-portrait=\"\" data-height-mobile-landscape=\"\" style=\"clear:both;display:block;\"><\/div>\t\t<\/div><\/div>[\/vc_column_inner][\/vc_row_inner][vc_row_inner css=\u00a0\u00bb.vc_custom_1543336126862{padding-right: 0px !important;padding-left: 0px !important;}\u00a0\u00bb][vc_column_inner width=\u00a0\u00bb1\/4&Prime;]<div tabindex=\"0\" class=\"ult-new-ib ult-ib-effect-style9  ult-ib-resp ult-ib2-min-height \" data-min-width=\"768\" data-max-width=\"900\" style=\" opacity:0; \" data-opacity=\"1\" data-hover-opacity=\"1\"  data-min-height=\"400\" ><img decoding=\"async\" class=\"ult-new-ib-img\" style=\"opacity:1;\" alt=\"null\" src=\"https:\/\/kassandra-palace.com\/wp-content\/uploads\/2020\/07\/Pools.jpg\"  data-min-height=\"400\"   \/><div id=\"interactive-banner-wrap-4072\" class=\"ult-new-ib-desc\" style=\"\"><h2 class=\"ult-new-ib-title ult-responsive\"  data-ultimate-target='#interactive-banner-wrap-4072 .ult-new-ib-title'  data-responsive-json-new='{\"font-size\":\"desktop:25px;\",\"line-height\":\"\"}'  style=\"font-family:&#039;Roboto Slab&#039;;font-weight:normal;\">Pools<\/h2><div class=\"ult-new-ib-content ult-responsive\"  data-ultimate-target='#interactive-banner-wrap-4072 .ult-new-ib-content'  data-responsive-json-new='{\"font-size\":\"desktop:15px;\",\"line-height\":\"\"}'  style=\"font-weight:normal;\"><p>Outdoor &amp; Indoor heated<\/p><\/div><\/div><a class=\"ult-new-ib-link\" href=\"http:\/\/kassandra-palace.com\/fr\/leisure\/pools\/\"  ><\/a><\/div>[\/vc_column_inner][vc_column_inner width=\u00a0\u00bb1\/4&Prime;]<div tabindex=\"0\" class=\"ult-new-ib ult-ib-effect-style9  ult-ib-resp ult-ib2-min-height \" data-min-width=\"768\" data-max-width=\"900\" style=\" opacity:0; \" data-opacity=\"1\" data-hover-opacity=\"1\"  data-min-height=\"400\" ><img decoding=\"async\" class=\"ult-new-ib-img\" style=\"opacity:1;\" alt=\"null\" src=\"https:\/\/kassandra-palace.com\/wp-content\/uploads\/2019\/01\/beach-home-2.jpg\"  data-min-height=\"400\"   \/><div id=\"interactive-banner-wrap-5061\" class=\"ult-new-ib-desc\" style=\"\"><h2 class=\"ult-new-ib-title ult-responsive\"  data-ultimate-target='#interactive-banner-wrap-5061 .ult-new-ib-title'  data-responsive-json-new='{\"font-size\":\"desktop:25px;\",\"line-height\":\"\"}'  style=\"font-family:&#039;Roboto Slab&#039;;font-weight:normal;\">The Beach<\/h2><div class=\"ult-new-ib-content ult-responsive\"  data-ultimate-target='#interactive-banner-wrap-5061 .ult-new-ib-content'  data-responsive-json-new='{\"font-size\":\"desktop:15px;\",\"line-height\":\"\"}'  style=\"font-weight:normal;\"><p>Blue Flag<\/p><\/div><\/div><a class=\"ult-new-ib-link\" href=\"http:\/\/kassandra-palace.com\/fr\/leisure\/the-beach\/\"  ><\/a><\/div>[\/vc_column_inner][vc_column_inner width=\u00a0\u00bb1\/4&Prime;]<div tabindex=\"0\" class=\"ult-new-ib ult-ib-effect-style9  ult-ib-resp ult-ib2-min-height \" data-min-width=\"768\" data-max-width=\"900\" style=\" opacity:0; \" data-opacity=\"1\" data-hover-opacity=\"1\"  data-min-height=\"400\" ><img decoding=\"async\" class=\"ult-new-ib-img\" style=\"opacity:1;\" alt=\"Kassandra Palace Children Activities\" src=\"https:\/\/kassandra-palace.com\/wp-content\/uploads\/2018\/11\/children-activities-home.jpg\"  data-min-height=\"400\"   \/><div id=\"interactive-banner-wrap-9896\" class=\"ult-new-ib-desc\" style=\"\"><h2 class=\"ult-new-ib-title ult-responsive\"  data-ultimate-target='#interactive-banner-wrap-9896 .ult-new-ib-title'  data-responsive-json-new='{\"font-size\":\"desktop:25px;\",\"line-height\":\"\"}'  style=\"font-family:&#039;Roboto Slab&#039;;font-weight:normal;\">Playlab<\/h2><div class=\"ult-new-ib-content ult-responsive\"  data-ultimate-target='#interactive-banner-wrap-9896 .ult-new-ib-content'  data-responsive-json-new='{\"font-size\":\"desktop:15px;\",\"line-height\":\"\"}'  style=\"font-weight:normal;\"><p>Ages 4-12<\/p><\/div><\/div><a class=\"ult-new-ib-link\" href=\"http:\/\/kassandra-palace.com\/fr\/leisure\/kids\/\"  ><\/a><\/div>[\/vc_column_inner][vc_column_inner width=\u00a0\u00bb1\/4&Prime;]<div tabindex=\"0\" class=\"ult-new-ib ult-ib-effect-style9  ult-ib-resp ult-ib2-min-height \" data-min-width=\"768\" data-max-width=\"900\" style=\" opacity:0; \" data-opacity=\"1\" data-hover-opacity=\"1\"  data-min-height=\"400\" ><img decoding=\"async\" class=\"ult-new-ib-img\" style=\"opacity:1;\" alt=\"null\" src=\"https:\/\/kassandra-palace.com\/wp-content\/uploads\/2023\/09\/glgl2.jpg\"  data-min-height=\"400\"   \/><div id=\"interactive-banner-wrap-7787\" class=\"ult-new-ib-desc\" style=\"\"><h2 class=\"ult-new-ib-title ult-responsive\"  data-ultimate-target='#interactive-banner-wrap-7787 .ult-new-ib-title'  data-responsive-json-new='{\"font-size\":\"desktop:25px;\",\"line-height\":\"\"}'  style=\"font-family:&#039;Roboto Slab&#039;;font-weight:normal;\">Gamelab<\/h2><\/div><a class=\"ult-new-ib-link\" href=\"https:\/\/kassandra-palace.com\/fr\/leisure\/gamelab\/\"  ><\/a><\/div>[\/vc_column_inner][\/vc_row_inner][\/vc_column][\/vc_row][vc_row full_width=\u00a0\u00bbstretch_row\u00a0\u00bb gap=\u00a0\u00bb10&Prime; equal_height=\u00a0\u00bbyes\u00a0\u00bb css=\u00a0\u00bb.vc_custom_1543401890687{margin-bottom: 50px !important;padding-bottom: 25px !important;}\u00a0\u00bb][vc_column css_animation=\u00a0\u00bbfadeInLeft\u00a0\u00bb offset=\u00a0\u00bbvc_col-lg-6&Prime;][vc_column_text css=\u00a0\u00bb.vc_custom_1543403026909{margin-bottom: 0px !important;padding-bottom: 0px !important;}\u00a0\u00bb][\/vc_column_text][\/vc_column][vc_column el_class=\u00a0\u00bbspa-menu-container bg-color1&Prime; offset=\u00a0\u00bbvc_col-lg-6&Prime;][vc_custom_heading text=\u00a0\u00bbACTIVIT\u00c9S\u00a0\u00bb font_container=\u00a0\u00bbtag:h1|text_align:left|color:%23000000&Prime; google_fonts=\u00a0\u00bbfont_family:Arimo%3Aregular%2Citalic%2C700%2C700italic|font_style:400%20regular%3A400%3Anormal\u00a0\u00bb css_animation=\u00a0\u00bbfadeInUp\u00a0\u00bb el_class=\u00a0\u00bbsmall-heading no-line\u00a0\u00bb][vc_custom_heading text=\u00a0\u00bbOffrez-vous des moments de d\u00e9tente\u00a0\u00bb font_container=\u00a0\u00bbtag:h2|font_size:2.5rem|text_align:left|color:%233d616f\u00a0\u00bb google_fonts=\u00a0\u00bbfont_family:Roboto%20Slab%3A100%2C300%2Cregular%2C700|font_style:400%20regular%3A400%3Anormal\u00a0\u00bb css_animation=\u00a0\u00bbfadeInUp\u00a0\u00bb el_class=\u00a0\u00bblarge-heading\u00a0\u00bb css=\u00a0\u00bb.vc_custom_1613642174748{margin-top: 0px !important;}\u00a0\u00bb]<div class=\"ult-content-box-container spa-menu\" >\t\t<div class=\"ult-content-box\" style=\"background-color:#e0e8ea;box-shadow: px px px px none;border-style:none;border-width:1px;border-color:#dbae1d;-webkit-transition: all 700ms ease;-moz-transition: all 700ms ease;-ms-transition: all 700ms ease;-o-transition: all 700ms ease;transition: all 700ms ease;\"  data-hover_box_shadow=\"none\"     data-bg=\"#e0e8ea\"  data-border_color=\"#dbae1d\" >[vc_tta_accordion style=\u00a0\u00bbflat\u00a0\u00bb shape=\u00a0\u00bbsquare\u00a0\u00bb active_section=\u00a0\u00bb1&Prime; el_class=\u00a0\u00bbcustom-style\u00a0\u00bb css=\u00a0\u00bb.vc_custom_1542891839416{margin-bottom: 0px !important;}\u00a0\u00bb][vc_tta_section title=\u00a0\u00bbTennis\u00a0\u00bb tab_id=\u00a0\u00bb1543318628427-1bfa292a-afe41543401881193&Prime;][vc_column_text]Deux (2) courts de tennis \u00e9quip\u00e9s.[\/vc_column_text][\/vc_tta_section][vc_tta_section title=\u00a0\u00bbCours de Yoga\u00a0\u00bb tab_id=\u00a0\u00bb1543318628590-38200838-21de1543401881193&Prime;][vc_column_text]Les h\u00f4tes qui souhaitent garder la forme durant leurs vacances peuvent prendre part \u00e0 nos cours de Yoga mais aussi de Pilates et d\u2019A\u00e9robic aquatique, en acc\u00e8s libre.[\/vc_column_text][\/vc_tta_section][vc_tta_section title=\u00a0\u00bbSalle de remise en forme\u00a0\u00bb tab_id=\u00a0\u00bb1543318628751-f2045c3a-9bc81543401881193&Prime;][vc_column_text]Un studio de remise en forme est \u00e0 la disposition de nos h\u00f4tes qui souhaitent garder la forme durant leurs vacances, \u00e9quip\u00e9 de tapis de marche, de v\u00e9los et d&rsquo;alt\u00e8res, pour une sensation ultime de bien-\u00eatre.[\/vc_column_text][\/vc_tta_section][vc_tta_section title=\u00a0\u00bbV\u00e9lo &amp; Randonn\u00e9e\u00a0\u00bb tab_id=\u00a0\u00bb1543318628907-4b5a2e91-0fe51543401881193&Prime;][vc_column_text]Nous convions \u00e9galement tous nos h\u00f4tes \u00e0 la randonn\u00e9e et \u00e0 la d\u00e9couverte des magnifiques paysages de la Chalcidique, par les sentiers naturels. Un ravissant sentier historique, au d\u00e9part de l\u2019h\u00f4tel, vous emm\u00e8nera \u00e0 Kriopigi, le long du littoral. La vari\u00e9t\u00e9 du relief de la r\u00e9gion fait du v\u00e9lo tout-terrain une exp\u00e9rience incontournable, combinant exercice physique et stimulation de l\u2019esprit.[\/vc_column_text][\/vc_tta_section][vc_tta_section title=\u00a0\u00bbSports aquatiques\u00a0\u00bb tab_id=\u00a0\u00bb1543318629069-a0874984-ea181543401881193&Prime;][vc_column_text]La Mer \u00c9g\u00e9e est c\u00e9l\u00e8bre pour ses eaux cristallines et les conditions id\u00e9ales qu\u2019elle offre pour la pratique d\u2019activit\u00e9s sportives telles que planche \u00e0 voile, ski nautique, Sup, wakeboard, kitesurf, parachute ascensionnel, motonautisme et autres sports aquatiques extr\u00eames.<\/p>\n<p>Toutes les activit\u00e9s nautiques motoris\u00e9es sont propos\u00e9es sur la plage par une entreprise sp\u00e9cialis\u00e9e en sports aquatiques.[\/vc_column_text][\/vc_tta_section][vc_tta_section title=\u00a0\u00bbSalle de jeux avec billards\u00a0\u00bb tab_id=\u00a0\u00bb1543318629223-3fb8c6e2-b12a1543401881193&Prime;][vc_column_text]Salle de jeux avec billards et tables de jeux de soci\u00e9t\u00e9.[\/vc_column_text][\/vc_tta_section][\/vc_tta_accordion]\t\t<\/div><\/div>[\/vc_column][\/vc_row][vc_row full_width=\u00a0\u00bbstretch_row\u00a0\u00bb el_class=\u00a0\u00bbtop-bottom-padding \u00a0\u00bb css=\u00a0\u00bb.vc_custom_1541599268262{padding-top: 0px !important;}\u00a0\u00bb][vc_column width=\u00a0\u00bb1\/2&Prime;][vc_column_text]<div class='simple-banner style2 ' style='max-height:550px '><picture> <img src='https:\/\/kassandra-palace.com\/wp-content\/uploads\/2018\/12\/latest-offers-200x200.jpg' alt='' style='opacity: 0;' \/> <\/picture><div class='simple-banner-bg-wrapper'> <div class='simple-banner-bg lazy-ld' data-bg='url(https:\/\/kassandra-palace.com\/wp-content\/uploads\/2018\/12\/latest-offers.jpg)' ><\/div> <div class='overlay' style='opacity: 0.1'><\/div> <\/div><div class='caption-wrapper'><div class='title-wrapper'><span class='title'>Derni\u00e8res Offres<\/span><\/div><div class='subtitle-wrapper'><span class='subtitle'>Forfaits Exclusifs<\/span><\/div><\/div><a href='http:\/\/kassandra-palace.com\/fr\/offers\/' class='link'><\/a><\/div>[\/vc_column_text][\/vc_column][vc_column width=\u00a0\u00bb1\/2&Prime;][vc_column_text]<div class='simple-banner style2 ' style='max-height:550px '><picture> <img src='https:\/\/kassandra-palace.com\/wp-content\/uploads\/2018\/10\/grand-suite-sea-view-18-200x200.jpg' alt='' style='opacity: 0;' \/> <\/picture><div class='simple-banner-bg-wrapper'> <div class='simple-banner-bg lazy-ld' data-bg='url(https:\/\/kassandra-palace.com\/wp-content\/uploads\/2018\/10\/grand-suite-sea-view-18.jpg)' ><\/div> <div class='overlay' style='opacity: 0.1'><\/div> <\/div><div class='caption-wrapper'><div class='title-wrapper'><span class='title'>Am\u00e9liorez votre s\u00e9jour<\/span><\/div><div class='subtitle-wrapper'><span class='subtitle'>Voir plus de chambres<\/span><\/div><\/div><a href='http:\/\/kassandra-palace.com\/fr\/rooms-overview\/' class='link'><\/a><\/div>[\/vc_column_text][\/vc_column][\/vc_row]<\/p>\n<\/div>","protected":false},"excerpt":{"rendered":"[vc_row el_class=\u00a0\u00bbtop-bottom-padding boxed\u00a0\u00bb css=\u00a0\u00bb.vc_custom_1543309314172{padding-right: 5% !important;padding-bottom: 30px !important;padding-left: 5% !important;}\u00a0\u00bb][vc_column][vc_row_inner equal_height=\u00a0\u00bbyes\u00a0\u00bb gap=\u00a0\u00bb30&Prime;][vc_column_inner width=\u00a0\u00bb1\/2&Prime;][vc_custom_heading text=\u00a0\u00bbLe Kassandra Palace Seaside Resort vous donne la possibilit\u00e9 de jouir d\u2019une plage hors du commun et d\u2019une piscine, \u00e0 quelques pas de votre chambre.\u00a0\u00bb font_container=\u00a0\u00bbtag:h2|font_size:2.5rem|text_align:left|color:%233d616f\u00a0\u00bb google_fonts=\u00a0\u00bbfont_family:Roboto%20Slab%3A100%2C300%2Cregular%2C700|font_style:400%20regular%3A400%3Anormal\u00a0\u00bb css_animation=\u00a0\u00bbfadeInUp\u00a0\u00bb el_class=\u00a0\u00bblarge-heading\u00a0\u00bb css=\u00a0\u00bb.vc_custom_1673440869371{margin-top: 0px !important;}\u00a0\u00bb][\/vc_column_inner][vc_column_inner width=\u00a0\u00bb1\/2&Prime;][vc_column_text css_animation=\u00a0\u00bbfadeInUp\u00a0\u00bb]Le Kassandra Palace Seaside Resort vous propose des vacances&#8230; <a class=\"view-article\" href=\"https:\/\/kassandra-palace.com\/fr\/leisure\/\">Voir l&rsquo;article<\/a>","protected":false},"author":1,"featured_media":0,"parent":0,"menu_order":0,"comment_status":"closed","ping_status":"closed","template":"","meta":{"_acf_changed":false,"footnotes":""},"class_list":["post-3112","page","type-page","status-publish","hentry"],"acf":[],"yoast_head":"<!-- This site is optimized with the Yoast SEO plugin v25.9 - https:\/\/yoast.com\/wordpress\/plugins\/seo\/ -->\n<title>Leisure &amp; activities | Kassandra Palace<\/title>\n<meta name=\"description\" content=\"Kassandra Palace Hotel renders your stay into an exciting holiday experience filled with moments of fun and recreation. You will be delighted to discover an extensive collection of leisure and sports activities and explore amazing options for entertainment all day long.\" \/>\n<meta name=\"robots\" content=\"index, follow, max-snippet:-1, max-image-preview:large, max-video-preview:-1\" \/>\n<link rel=\"canonical\" href=\"https:\/\/kassandra-palace.com\/fr\/leisure\/\" \/>\n<meta property=\"og:locale\" content=\"fr_FR\" \/>\n<meta property=\"og:type\" content=\"article\" \/>\n<meta property=\"og:title\" content=\"Leisure &amp; activities | Kassandra Palace\" \/>\n<meta property=\"og:description\" content=\"Kassandra Palace Hotel renders your stay into an exciting holiday experience filled with moments of fun and recreation. You will be delighted to discover an extensive collection of leisure and sports activities and explore amazing options for entertainment all day long.\" \/>\n<meta property=\"og:url\" content=\"https:\/\/kassandra-palace.com\/fr\/leisure\/\" \/>\n<meta property=\"og:site_name\" content=\"Kassandra Palace\" \/>\n<meta property=\"article:modified_time\" content=\"2023-09-15T09:55:20+00:00\" \/>\n<meta name=\"twitter:card\" content=\"summary_large_image\" \/>\n<meta name=\"twitter:label1\" content=\"Dur\u00e9e de lecture estim\u00e9e\" \/>\n\t<meta name=\"twitter:data1\" content=\"7 minutes\" \/>\n<script type=\"application\/ld+json\" class=\"yoast-schema-graph\">{\"@context\":\"https:\/\/schema.org\",\"@graph\":[{\"@type\":\"WebPage\",\"@id\":\"https:\/\/kassandra-palace.com\/fr\/leisure\/\",\"url\":\"https:\/\/kassandra-palace.com\/fr\/leisure\/\",\"name\":\"Leisure & activities | Kassandra Palace\",\"isPartOf\":{\"@id\":\"https:\/\/kassandra-palace.com\/#website\"},\"datePublished\":\"2018-11-23T16:32:42+00:00\",\"dateModified\":\"2023-09-15T09:55:20+00:00\",\"description\":\"Kassandra Palace Hotel renders your stay into an exciting holiday experience filled with moments of fun and recreation. You will be delighted to discover an extensive collection of leisure and sports activities and explore amazing options for entertainment all day long.\",\"breadcrumb\":{\"@id\":\"https:\/\/kassandra-palace.com\/fr\/leisure\/#breadcrumb\"},\"inLanguage\":\"fr-FR\",\"potentialAction\":[{\"@type\":\"ReadAction\",\"target\":[\"https:\/\/kassandra-palace.com\/fr\/leisure\/\"]}]},{\"@type\":\"BreadcrumbList\",\"@id\":\"https:\/\/kassandra-palace.com\/fr\/leisure\/#breadcrumb\",\"itemListElement\":[{\"@type\":\"ListItem\",\"position\":1,\"name\":\"Home\",\"item\":\"https:\/\/kassandra-palace.com\/fr\/\"},{\"@type\":\"ListItem\",\"position\":2,\"name\":\"Loisirs\"}]},{\"@type\":\"WebSite\",\"@id\":\"https:\/\/kassandra-palace.com\/#website\",\"url\":\"https:\/\/kassandra-palace.com\/\",\"name\":\"Kassandra Palace\",\"description\":\"\",\"potentialAction\":[{\"@type\":\"SearchAction\",\"target\":{\"@type\":\"EntryPoint\",\"urlTemplate\":\"https:\/\/kassandra-palace.com\/?s={search_term_string}\"},\"query-input\":{\"@type\":\"PropertyValueSpecification\",\"valueRequired\":true,\"valueName\":\"search_term_string\"}}],\"inLanguage\":\"fr-FR\"}]}<\/script>\n<!-- \/ Yoast SEO plugin. -->","yoast_head_json":{"title":"Leisure & activities | Kassandra Palace","description":"Kassandra Palace Hotel renders your stay into an exciting holiday experience filled with moments of fun and recreation. You will be delighted to discover an extensive collection of leisure and sports activities and explore amazing options for entertainment all day long.","robots":{"index":"index","follow":"follow","max-snippet":"max-snippet:-1","max-image-preview":"max-image-preview:large","max-video-preview":"max-video-preview:-1"},"canonical":"https:\/\/kassandra-palace.com\/fr\/leisure\/","og_locale":"fr_FR","og_type":"article","og_title":"Leisure & activities | Kassandra Palace","og_description":"Kassandra Palace Hotel renders your stay into an exciting holiday experience filled with moments of fun and recreation. You will be delighted to discover an extensive collection of leisure and sports activities and explore amazing options for entertainment all day long.","og_url":"https:\/\/kassandra-palace.com\/fr\/leisure\/","og_site_name":"Kassandra Palace","article_modified_time":"2023-09-15T09:55:20+00:00","twitter_card":"summary_large_image","twitter_misc":{"Dur\u00e9e de lecture estim\u00e9e":"7 minutes"},"schema":{"@context":"https:\/\/schema.org","@graph":[{"@type":"WebPage","@id":"https:\/\/kassandra-palace.com\/fr\/leisure\/","url":"https:\/\/kassandra-palace.com\/fr\/leisure\/","name":"Leisure & activities | Kassandra Palace","isPartOf":{"@id":"https:\/\/kassandra-palace.com\/#website"},"datePublished":"2018-11-23T16:32:42+00:00","dateModified":"2023-09-15T09:55:20+00:00","description":"Kassandra Palace Hotel renders your stay into an exciting holiday experience filled with moments of fun and recreation. You will be delighted to discover an extensive collection of leisure and sports activities and explore amazing options for entertainment all day long.","breadcrumb":{"@id":"https:\/\/kassandra-palace.com\/fr\/leisure\/#breadcrumb"},"inLanguage":"fr-FR","potentialAction":[{"@type":"ReadAction","target":["https:\/\/kassandra-palace.com\/fr\/leisure\/"]}]},{"@type":"BreadcrumbList","@id":"https:\/\/kassandra-palace.com\/fr\/leisure\/#breadcrumb","itemListElement":[{"@type":"ListItem","position":1,"name":"Home","item":"https:\/\/kassandra-palace.com\/fr\/"},{"@type":"ListItem","position":2,"name":"Loisirs"}]},{"@type":"WebSite","@id":"https:\/\/kassandra-palace.com\/#website","url":"https:\/\/kassandra-palace.com\/","name":"Kassandra Palace","description":"","potentialAction":[{"@type":"SearchAction","target":{"@type":"EntryPoint","urlTemplate":"https:\/\/kassandra-palace.com\/?s={search_term_string}"},"query-input":{"@type":"PropertyValueSpecification","valueRequired":true,"valueName":"search_term_string"}}],"inLanguage":"fr-FR"}]}},"post_mailing_queue_ids":[],"_links":{"self":[{"href":"https:\/\/kassandra-palace.com\/fr\/wp-json\/wp\/v2\/pages\/3112","targetHints":{"allow":["GET"]}}],"collection":[{"href":"https:\/\/kassandra-palace.com\/fr\/wp-json\/wp\/v2\/pages"}],"about":[{"href":"https:\/\/kassandra-palace.com\/fr\/wp-json\/wp\/v2\/types\/page"}],"author":[{"embeddable":true,"href":"https:\/\/kassandra-palace.com\/fr\/wp-json\/wp\/v2\/users\/1"}],"replies":[{"embeddable":true,"href":"https:\/\/kassandra-palace.com\/fr\/wp-json\/wp\/v2\/comments?post=3112"}],"version-history":[{"count":0,"href":"https:\/\/kassandra-palace.com\/fr\/wp-json\/wp\/v2\/pages\/3112\/revisions"}],"wp:attachment":[{"href":"https:\/\/kassandra-palace.com\/fr\/wp-json\/wp\/v2\/media?parent=3112"}],"curies":[{"name":"wp","href":"https:\/\/api.w.org\/{rel}","templated":true}]}}