{"id":3108,"date":"2018-11-21T16:50:29","date_gmt":"2018-11-21T14:50:29","guid":{"rendered":"https:\/\/kassandra-palace.com\/spa-wellness\/"},"modified":"2025-10-13T08:46:57","modified_gmt":"2025-10-13T06:46:57","slug":"spa-wellness","status":"publish","type":"page","link":"https:\/\/kassandra-palace.com\/fr\/spa-wellness\/","title":{"rendered":"Spa &#038; Bien-\u00eatre"},"content":{"rendered":"<div class=\"wpb-content-wrapper\"><p>[vc_row el_class=\u00a0\u00bbtop-bottom-padding boxed\u00a0\u00bb css=\u00a0\u00bb.vc_custom_1543309314172{padding-right: 5% !important;padding-bottom: 30px !important;padding-left: 5% !important;}\u00a0\u00bb][vc_column]<div class=\"ult-content-box-container \" >\t\t<div class=\"ult-content-box\" style=\"box-shadow: px px px px none;-webkit-transition: all 700ms ease;-moz-transition: all 700ms ease;-ms-transition: all 700ms ease;-o-transition: all 700ms ease;transition: all 700ms ease;\"  data-hover_box_shadow=\"none\"    >[vc_custom_heading text=\u00a0\u00bbH\u00d4TEL AVEC SPA EN CHALCIDIQUE\u00a0\u00bb font_container=\u00a0\u00bbtag:h1|text_align:left|color:%23000000&Prime; google_fonts=\u00a0\u00bbfont_family:Arimo%3Aregular%2Citalic%2C700%2C700italic|font_style:400%20regular%3A400%3Anormal\u00a0\u00bb css_animation=\u00a0\u00bbfadeInUp\u00a0\u00bb el_class=\u00a0\u00bbsmall-heading line-left no-line\u00a0\u00bb]\t\t<\/div><\/div>[vc_row_inner equal_height=\u00a0\u00bbyes\u00a0\u00bb gap=\u00a0\u00bb30&Prime;][vc_column_inner width=\u00a0\u00bb1\/2&Prime;][vc_custom_heading text=\u00a0\u00bbTirant parti de son aura de f\u00e9licit\u00e9 naturelle, le Kassandra Palace Seaside Resort, en Chalcidique, dispose d\u2019un centre de spa et bien-\u00eatre revitalisant, proposant \u00e0 ses h\u00f4tes une exp\u00e9rience ultime de d\u00e9tente et de soins.\u00a0\u00bb font_container=\u00a0\u00bbtag:h2|font_size:2.5rem|text_align:left|color:%233d616f\u00a0\u00bb google_fonts=\u00a0\u00bbfont_family:Roboto%20Slab%3A100%2C300%2Cregular%2C700|font_style:400%20regular%3A400%3Anormal\u00a0\u00bb css_animation=\u00a0\u00bbfadeInUp\u00a0\u00bb css=\u00a0\u00bb.vc_custom_1673441354819{margin-top: 0px !important;}\u00a0\u00bb el_class=\u00a0\u00bblarge-heading\u00a0\u00bb][\/vc_column_inner][vc_column_inner width=\u00a0\u00bb1\/2&Prime;][vc_column_text css_animation=\u00a0\u00bbfadeInUp\u00a0\u00bb]Dans le cadre accueillant et luxueux de notre complexe spa, vous ferez de la mani\u00e8re la plus agr\u00e9able qu&rsquo;il soit l\u2019exp\u00e9rience du renouvellement absolu. Abandonnez-vous \u00e0 un massage relaxant et \u00e0 des soins de marque pour le visage et le corps.<\/p>\n<p>Notre menu spa offre une vaste gamme de massages relaxants et th\u00e9rapeutiques, de massages corporels et de soins du visage pour tous types de peau, de soins de beaut\u00e9 incluant soins holistiques du visage et \u00e9pilation \u00e0 la cire, ainsi que des services de manucure et p\u00e9dicure. Les h\u00f4tes d\u00e9sirant savourer l\u2019exquise exp\u00e9rience de nos soins spa peuvent les combiner \u00e0 un rituel de luxe \u00e0 prix raisonnables, propos\u00e9 par un personnel qualifi\u00e9 dans l\u2019ambiance romantique et sereine du spa. Le centre spa du Kassandra Palace Seaside Resort offre une vaste gamme de services de qualit\u00e9 sup\u00e9rieure, garantissant \u00e0 tout moment le rajeunissement du corps, de l\u2019esprit et de l\u2019\u00e2me.[\/vc_column_text][\/vc_column_inner][\/vc_row_inner][\/vc_column][\/vc_row][vc_row full_width=\u00a0\u00bbstretch_row\u00a0\u00bb gap=\u00a0\u00bb10&Prime; el_class=\u00a0\u00bbtop-bottom-padding\u00a0\u00bb css=\u00a0\u00bb.vc_custom_1543574897749{padding-top: 0px !important;}\u00a0\u00bb][vc_column css_animation=\u00a0\u00bbfadeInLeft\u00a0\u00bb offset=\u00a0\u00bbvc_col-lg-6&Prime;][vc_column_text css=\u00a0\u00bb.vc_custom_1543575320559{margin-bottom: 0px !important;}\u00a0\u00bb][\/vc_column_text][\/vc_column][vc_column offset=\u00a0\u00bbvc_col-lg-6&Prime;]<div class=\"ult-content-box-container inner-block bg-color1\" >\t\t<div class=\"ult-content-box\" style=\"box-shadow: px px px px none;margin-right:0px;-webkit-transition: all 700ms ease;-moz-transition: all 700ms ease;-ms-transition: all 700ms ease;-o-transition: all 700ms ease;transition: all 700ms ease;\"  data-hover_box_shadow=\"none\"    data-normal_margins=\"margin-right:0px;\"  >[vc_custom_heading text=\u00a0\u00bbInformations\u00a0\u00bb font_container=\u00a0\u00bbtag:h1|text_align:left|color:%23000000&Prime; google_fonts=\u00a0\u00bbfont_family:Arimo%3Aregular%2Citalic%2C700%2C700italic|font_style:400%20regular%3A400%3Anormal\u00a0\u00bb css_animation=\u00a0\u00bbfadeInUp\u00a0\u00bb el_class=\u00a0\u00bbsmall-heading no-line\u00a0\u00bb][vc_custom_heading text=\u00a0\u00bbLes produits utilis\u00e9s lors des soins sont exclusivement de la marque APIVITA.\u00a0\u00bb font_container=\u00a0\u00bbtag:h2|text_align:left|color:%23998b83&Prime; google_fonts=\u00a0\u00bbfont_family:Roboto%20Slab%3A100%2C300%2Cregular%2C700|font_style:400%20regular%3A400%3Anormal\u00a0\u00bb][vc_column_text css=\u00a0\u00bb\u00a0\u00bb]<\/p>\n<div class=\"spa-info-wrapper\">\n<div><span class=\"info-title\">Heures d\u2019ouverture\u00a0 :<\/span> 09h00 \u2013 17h30<\/div>\n<div><span class=\"info-title\">Prestations (sur r\u00e9servation) :<\/span> Sauna, Hammam, Bain \u00e0 remous, Piscine int\u00e9rieure, Salles de soins<\/div>\n<div><span class=\"info-title\">Prestations (acc\u00e8s libre) :<\/span> Piscine int\u00e9rieure chauff\u00e9e, Salle de remise en forme<\/div>\n<div><span class=\"info-title\">\u00c2ge minimum\u00a0:<\/span> 16\u00a0ans<\/div>\n<div><span class=\"info-title\">O\u00f9\u00a0:<\/span> B\u00e2timent principal<\/div>\n<div><span class=\"info-title\">Tenue vestimentaire\u00a0:<\/span> Maillot de bain<\/div>\n<\/div>\n<p>[\/vc_column_text][vc_raw_html]JTNDZGl2JTIwY2xhc3MlM0QlMjJzcGEtbWVudS1idXR0b24td3JhcHBlciUyMiUzRSU1QnNpbXBsZV9idXR0b24lMjB0ZXh0JTNEJTI3VCVDMyU4OUwlQzMlODlDSEFSR0VSJTIwTEUlMjBNRU5VJTIwRFUlMjBTUEElMjclMjB1cmwlM0QlMjdodHRwcyUzQSUyRiUyRmthc3NhbmRyYS1wYWxhY2UuY29tJTJGd3AtY29udGVudCUyRnVwbG9hZHMlMkYyMDIzJTJGMDUlMkZTcGFCcm9jaHVyZTIwMjIucGRmJTI3JTIwdGFyZ2V0JTNEJTI3X2JsYW5rJTI3JTVEJTNDJTJGZGl2JTNF[\/vc_raw_html]\t\t<\/div><\/div>[\/vc_column][\/vc_row][vc_row full_width=\u00a0\u00bbstretch_row\u00a0\u00bb css_animation=\u00a0\u00bbfadeIn\u00a0\u00bb el_class=\u00a0\u00bbtop-bottom-padding bg-color1&Prime;][vc_column][vc_row_inner][vc_column_inner]<div class=\"ult-content-box-container content-box-padded\" >\t\t<div class=\"ult-content-box\" style=\"box-shadow: px px px px none;-webkit-transition: all 700ms ease;-moz-transition: all 700ms ease;-ms-transition: all 700ms ease;-o-transition: all 700ms ease;transition: all 700ms ease;\"  data-hover_box_shadow=\"none\"    ><div class=\"ult-spacer spacer-69e782c800d79\" data-id=\"69e782c800d79\" data-height=\"10\" data-height-mobile=\"10\" data-height-tab=\"10\" data-height-tab-portrait=\"\" data-height-mobile-landscape=\"20\" style=\"clear:both;display:block;\"><\/div>[vc_custom_heading text=\u00a0\u00bbBEAUT\u00c9 &amp; BIEN-\u00caTRE\u00a0\u00bb font_container=\u00a0\u00bbtag:h1|text_align:center|color:%23000000&Prime; google_fonts=\u00a0\u00bbfont_family:Arimo%3Aregular%2Citalic%2C700%2C700italic|font_style:400%20regular%3A400%3Anormal\u00a0\u00bb css_animation=\u00a0\u00bbnone\u00a0\u00bb el_class=\u00a0\u00bbsmall-heading\u00a0\u00bb][vc_custom_heading text=\u00a0\u00bbL\u2019EXP\u00c9RIENCE DE LA D\u00c9TENTE\u00a0\u00bb font_container=\u00a0\u00bbtag:h2|font_size:2.5rem|text_align:center|color:%233d616f\u00a0\u00bb google_fonts=\u00a0\u00bbfont_family:Roboto%20Slab%3A100%2C300%2Cregular%2C700|font_style:400%20regular%3A400%3Anormal\u00a0\u00bb css_animation=\u00a0\u00bbnone\u00a0\u00bb el_class=\u00a0\u00bblarge-heading\u00a0\u00bb]<div class=\"ult-spacer spacer-69e782c800dac\" data-id=\"69e782c800dac\" data-height=\"10\" data-height-mobile=\"10\" data-height-tab=\"10\" data-height-tab-portrait=\"\" data-height-mobile-landscape=\"\" style=\"clear:both;display:block;\"><\/div>\t\t<\/div><\/div>[\/vc_column_inner][\/vc_row_inner][vc_row_inner equal_height=\u00a0\u00bbyes\u00a0\u00bb content_placement=\u00a0\u00bbmiddle\u00a0\u00bb gap=\u00a0\u00bb20&Prime; el_class=\u00a0\u00bbboxed\u00a0\u00bb css=\u00a0\u00bb.vc_custom_1542982096849{margin-bottom: 20px !important;}\u00a0\u00bb][vc_column_inner width=\u00a0\u00bb1\/2&Prime; css=\u00a0\u00bb.vc_custom_1542980540080{background-color: #ffffff !important;}\u00a0\u00bb]<div class=\"ult-content-box-container \" >\t\t<div class=\"ult-content-box\" style=\"box-shadow: px px px px none;padding:5%;-webkit-transition: all 700ms ease;-moz-transition: all 700ms ease;-ms-transition: all 700ms ease;-o-transition: all 700ms ease;transition: all 700ms ease;\"  data-hover_box_shadow=\"none\"    >[vc_custom_heading text=\u00a0\u00bbSTUDIO DE REMISE EN FORME\u00a0\u00bb font_container=\u00a0\u00bbtag:h1|text_align:center|color:%23000000&Prime; google_fonts=\u00a0\u00bbfont_family:Arimo%3Aregular%2Citalic%2C700%2C700italic|font_style:400%20regular%3A400%3Anormal\u00a0\u00bb css_animation=\u00a0\u00bbnone\u00a0\u00bb el_class=\u00a0\u00bbsmall-heading\u00a0\u00bb][vc_column_text]Le Kassandra Palace Seaside Resort dispose d\u2019un Studio de remise en forme, \u00e9quip\u00e9 pour r\u00e9pondre aux besoins de nos h\u00f4tes souhaitant poursuivre leur entra\u00eenement pendant les vacances. Notre Studio de remise en forme offre des \u00e9quipements de pointe et fait partie du Spa du Kassandra Palace.<br \/>\nL\u2019acc\u00e8s aux installations du Studio de remise en forme est libre, pour tous nos h\u00f4tes.[\/vc_column_text]\t\t<\/div><\/div>[\/vc_column_inner][vc_column_inner width=\u00a0\u00bb1\/2&Prime; css=\u00a0\u00bb.vc_custom_1542982063479{padding-right: 0px !important;padding-left: 0px !important;}\u00a0\u00bb][vc_column_text css=\u00a0\u00bb.vc_custom_1543320859621{margin-bottom: 0px !important;}\u00a0\u00bb][\/vc_column_text][\/vc_column_inner][\/vc_row_inner][vc_row_inner equal_height=\u00a0\u00bbyes\u00a0\u00bb content_placement=\u00a0\u00bbmiddle\u00a0\u00bb gap=\u00a0\u00bb20&Prime; disable_element=\u00a0\u00bbyes\u00a0\u00bb el_class=\u00a0\u00bbboxed\u00a0\u00bb][vc_column_inner el_class=\u00a0\u00bb.flex-order-second-medium\u00a0\u00bb width=\u00a0\u00bb1\/2&Prime; css=\u00a0\u00bb.vc_custom_1653373758124{padding-right: 0px !important;padding-left: 0px !important;}\u00a0\u00bb offset=\u00a0\u00bbvc_hidden-lg vc_hidden-md vc_hidden-sm vc_hidden-xs\u00a0\u00bb][vc_column_text css=\u00a0\u00bb.vc_custom_1543320868832{margin-bottom: 0px !important;}\u00a0\u00bb][\/vc_column_text][\/vc_column_inner][vc_column_inner width=\u00a0\u00bb1\/2&Prime; css=\u00a0\u00bb.vc_custom_1542978790638{background-color: #ffffff !important;}\u00a0\u00bb]<div class=\"ult-content-box-container \" >\t\t<div class=\"ult-content-box\" style=\"box-shadow: px px px px none;padding:5%;-webkit-transition: all 700ms ease;-moz-transition: all 700ms ease;-ms-transition: all 700ms ease;-o-transition: all 700ms ease;transition: all 700ms ease;\"  data-hover_box_shadow=\"none\"    >[vc_custom_heading text=\u00a0\u00bbSALON DE COIFFURE\u00a0\u00bb font_container=\u00a0\u00bbtag:h1|text_align:center|color:%23000000&Prime; google_fonts=\u00a0\u00bbfont_family:Arimo%3Aregular%2Citalic%2C700%2C700italic|font_style:400%20regular%3A400%3Anormal\u00a0\u00bb css_animation=\u00a0\u00bbnone\u00a0\u00bb el_class=\u00a0\u00bbsmall-heading\u00a0\u00bb][vc_column_text]<\/p>\n<p style=\"color: #565656;\">Offrez-vous, pendant votre s\u00e9jour au Kassandra Palace Hotel &amp; Spa, des moments de d\u00e9tente parfaite et de soins dans notre Salon de coiffure. Nos experts en coiffure vous offriront un rituel de soins capillaires in\u00e9gal\u00e9s, y ajoutant cette touche suppl\u00e9mentaire qui vous fera rayonner, quelle que soit l\u2019occasion. Le Salon de coiffure vous donnera \u00e9galement l\u2019occasion de d\u00e9couvrir nos soins pour les ongles, manucure et p\u00e9dicure.<\/p>\n<p>[\/vc_column_text]\t\t<\/div><\/div>[\/vc_column_inner][\/vc_row_inner][\/vc_column][\/vc_row][vc_row full_width=\u00a0\u00bbstretch_row\u00a0\u00bb el_class=\u00a0\u00bbtop-bottom-padding\u00a0\u00bb][vc_column width=\u00a0\u00bb1\/2&Prime;][vc_column_text]<div class='simple-banner style2 ' style='max-height:550px '><picture> <img src='https:\/\/kassandra-palace.com\/wp-content\/uploads\/2018\/12\/latest-offers-200x200.jpg' alt='' style='opacity: 0;' \/> <\/picture><div class='simple-banner-bg-wrapper'> <div class='simple-banner-bg lazy-ld' data-bg='url(https:\/\/kassandra-palace.com\/wp-content\/uploads\/2018\/12\/latest-offers.jpg)' ><\/div> <div class='overlay' style='opacity: 0.1'><\/div> <\/div><div class='caption-wrapper'><div class='title-wrapper'><span class='title'>Derni\u00e8res Offres<\/span><\/div><div class='subtitle-wrapper'><span class='subtitle'>Forfaits Exclusifs<\/span><\/div><\/div><a href='http:\/\/kassandra-palace.com\/fr\/offers\/' class='link'><\/a><\/div>[\/vc_column_text][\/vc_column][vc_column width=\u00a0\u00bb1\/2&Prime;][vc_column_text]<div class='simple-banner style2 ' style='max-height:550px '><picture> <img src='https:\/\/kassandra-palace.com\/wp-content\/uploads\/2018\/10\/grand-suite-sea-view-18-200x200.jpg' alt='' style='opacity: 0;' \/> <\/picture><div class='simple-banner-bg-wrapper'> <div class='simple-banner-bg lazy-ld' data-bg='url(https:\/\/kassandra-palace.com\/wp-content\/uploads\/2018\/10\/grand-suite-sea-view-18.jpg)' ><\/div> <div class='overlay' style='opacity: 0.1'><\/div> <\/div><div class='caption-wrapper'><div class='title-wrapper'><span class='title'>Am\u00e9liorez votre s\u00e9jour<\/span><\/div><div class='subtitle-wrapper'><span class='subtitle'>Voir plus de chambres<\/span><\/div><\/div><a href='http:\/\/kassandra-palace.com\/fr\/rooms-overview\/' class='link'><\/a><\/div>[\/vc_column_text][\/vc_column][\/vc_row]<\/p>\n<\/div>","protected":false},"excerpt":{"rendered":"[vc_row el_class=\u00a0\u00bbtop-bottom-padding boxed\u00a0\u00bb css=\u00a0\u00bb.vc_custom_1543309314172{padding-right: 5% !important;padding-bottom: 30px !important;padding-left: 5% !important;}\u00a0\u00bb][vc_column][vc_row_inner equal_height=\u00a0\u00bbyes\u00a0\u00bb gap=\u00a0\u00bb30&Prime;][vc_column_inner width=\u00a0\u00bb1\/2&Prime;][vc_custom_heading text=\u00a0\u00bbTirant parti de son aura de f\u00e9licit\u00e9 naturelle, le Kassandra Palace Seaside Resort, en Chalcidique, dispose d\u2019un centre de spa et bien-\u00eatre revitalisant, proposant \u00e0 ses h\u00f4tes une exp\u00e9rience ultime de d\u00e9tente et de soins.\u00a0\u00bb font_container=\u00a0\u00bbtag:h2|font_size:2.5rem|text_align:left|color:%233d616f\u00a0\u00bb google_fonts=\u00a0\u00bbfont_family:Roboto%20Slab%3A100%2C300%2Cregular%2C700|font_style:400%20regular%3A400%3Anormal\u00a0\u00bb css_animation=\u00a0\u00bbfadeInUp\u00a0\u00bb css=\u00a0\u00bb.vc_custom_1673441354819{margin-top: 0px !important;}\u00a0\u00bb el_class=\u00a0\u00bblarge-heading\u00a0\u00bb][\/vc_column_inner][vc_column_inner&#8230; <a class=\"view-article\" href=\"https:\/\/kassandra-palace.com\/fr\/spa-wellness\/\">Voir l&rsquo;article<\/a>","protected":false},"author":1,"featured_media":0,"parent":0,"menu_order":0,"comment_status":"closed","ping_status":"closed","template":"","meta":{"_acf_changed":false,"footnotes":""},"class_list":["post-3108","page","type-page","status-publish","hentry"],"acf":[],"yoast_head":"<!-- This site is optimized with the Yoast SEO plugin v25.9 - https:\/\/yoast.com\/wordpress\/plugins\/seo\/ -->\n<title>Spa &amp; wellness center | Kassandra Palace<\/title>\n<meta name=\"description\" content=\"Emitting an aura of natural bliss, the Kassandra Palace Hotel, features a revitalizing spa and well-being center in Halkidiki in order to ensure the ultimate relaxation and pampering for all of its guests.\" \/>\n<meta name=\"robots\" content=\"index, follow, max-snippet:-1, max-image-preview:large, max-video-preview:-1\" \/>\n<link rel=\"canonical\" href=\"https:\/\/kassandra-palace.com\/fr\/spa-wellness\/\" \/>\n<meta property=\"og:locale\" content=\"fr_FR\" \/>\n<meta property=\"og:type\" content=\"article\" \/>\n<meta property=\"og:title\" content=\"Spa &amp; wellness center | Kassandra Palace\" \/>\n<meta property=\"og:description\" content=\"Emitting an aura of natural bliss, the Kassandra Palace Hotel, features a revitalizing spa and well-being center in Halkidiki in order to ensure the ultimate relaxation and pampering for all of its guests.\" \/>\n<meta property=\"og:url\" content=\"https:\/\/kassandra-palace.com\/fr\/spa-wellness\/\" \/>\n<meta property=\"og:site_name\" content=\"Kassandra Palace\" \/>\n<meta property=\"article:modified_time\" content=\"2025-10-13T06:46:57+00:00\" \/>\n<meta name=\"twitter:card\" content=\"summary_large_image\" \/>\n<meta name=\"twitter:label1\" content=\"Dur\u00e9e de lecture estim\u00e9e\" \/>\n\t<meta name=\"twitter:data1\" content=\"3 minutes\" \/>\n<script type=\"application\/ld+json\" class=\"yoast-schema-graph\">{\"@context\":\"https:\/\/schema.org\",\"@graph\":[{\"@type\":\"WebPage\",\"@id\":\"https:\/\/kassandra-palace.com\/fr\/spa-wellness\/\",\"url\":\"https:\/\/kassandra-palace.com\/fr\/spa-wellness\/\",\"name\":\"Spa & wellness center | Kassandra Palace\",\"isPartOf\":{\"@id\":\"https:\/\/kassandra-palace.com\/#website\"},\"datePublished\":\"2018-11-21T14:50:29+00:00\",\"dateModified\":\"2025-10-13T06:46:57+00:00\",\"description\":\"Emitting an aura of natural bliss, the Kassandra Palace Hotel, features a revitalizing spa and well-being center in Halkidiki in order to ensure the ultimate relaxation and pampering for all of its guests.\",\"breadcrumb\":{\"@id\":\"https:\/\/kassandra-palace.com\/fr\/spa-wellness\/#breadcrumb\"},\"inLanguage\":\"fr-FR\",\"potentialAction\":[{\"@type\":\"ReadAction\",\"target\":[\"https:\/\/kassandra-palace.com\/fr\/spa-wellness\/\"]}]},{\"@type\":\"BreadcrumbList\",\"@id\":\"https:\/\/kassandra-palace.com\/fr\/spa-wellness\/#breadcrumb\",\"itemListElement\":[{\"@type\":\"ListItem\",\"position\":1,\"name\":\"Home\",\"item\":\"https:\/\/kassandra-palace.com\/fr\/\"},{\"@type\":\"ListItem\",\"position\":2,\"name\":\"Spa &#038; Bien-\u00eatre\"}]},{\"@type\":\"WebSite\",\"@id\":\"https:\/\/kassandra-palace.com\/#website\",\"url\":\"https:\/\/kassandra-palace.com\/\",\"name\":\"Kassandra Palace\",\"description\":\"\",\"potentialAction\":[{\"@type\":\"SearchAction\",\"target\":{\"@type\":\"EntryPoint\",\"urlTemplate\":\"https:\/\/kassandra-palace.com\/?s={search_term_string}\"},\"query-input\":{\"@type\":\"PropertyValueSpecification\",\"valueRequired\":true,\"valueName\":\"search_term_string\"}}],\"inLanguage\":\"fr-FR\"}]}<\/script>\n<!-- \/ Yoast SEO plugin. -->","yoast_head_json":{"title":"Spa & wellness center | Kassandra Palace","description":"Emitting an aura of natural bliss, the Kassandra Palace Hotel, features a revitalizing spa and well-being center in Halkidiki in order to ensure the ultimate relaxation and pampering for all of its guests.","robots":{"index":"index","follow":"follow","max-snippet":"max-snippet:-1","max-image-preview":"max-image-preview:large","max-video-preview":"max-video-preview:-1"},"canonical":"https:\/\/kassandra-palace.com\/fr\/spa-wellness\/","og_locale":"fr_FR","og_type":"article","og_title":"Spa & wellness center | Kassandra Palace","og_description":"Emitting an aura of natural bliss, the Kassandra Palace Hotel, features a revitalizing spa and well-being center in Halkidiki in order to ensure the ultimate relaxation and pampering for all of its guests.","og_url":"https:\/\/kassandra-palace.com\/fr\/spa-wellness\/","og_site_name":"Kassandra Palace","article_modified_time":"2025-10-13T06:46:57+00:00","twitter_card":"summary_large_image","twitter_misc":{"Dur\u00e9e de lecture estim\u00e9e":"3 minutes"},"schema":{"@context":"https:\/\/schema.org","@graph":[{"@type":"WebPage","@id":"https:\/\/kassandra-palace.com\/fr\/spa-wellness\/","url":"https:\/\/kassandra-palace.com\/fr\/spa-wellness\/","name":"Spa & wellness center | Kassandra Palace","isPartOf":{"@id":"https:\/\/kassandra-palace.com\/#website"},"datePublished":"2018-11-21T14:50:29+00:00","dateModified":"2025-10-13T06:46:57+00:00","description":"Emitting an aura of natural bliss, the Kassandra Palace Hotel, features a revitalizing spa and well-being center in Halkidiki in order to ensure the ultimate relaxation and pampering for all of its guests.","breadcrumb":{"@id":"https:\/\/kassandra-palace.com\/fr\/spa-wellness\/#breadcrumb"},"inLanguage":"fr-FR","potentialAction":[{"@type":"ReadAction","target":["https:\/\/kassandra-palace.com\/fr\/spa-wellness\/"]}]},{"@type":"BreadcrumbList","@id":"https:\/\/kassandra-palace.com\/fr\/spa-wellness\/#breadcrumb","itemListElement":[{"@type":"ListItem","position":1,"name":"Home","item":"https:\/\/kassandra-palace.com\/fr\/"},{"@type":"ListItem","position":2,"name":"Spa &#038; Bien-\u00eatre"}]},{"@type":"WebSite","@id":"https:\/\/kassandra-palace.com\/#website","url":"https:\/\/kassandra-palace.com\/","name":"Kassandra Palace","description":"","potentialAction":[{"@type":"SearchAction","target":{"@type":"EntryPoint","urlTemplate":"https:\/\/kassandra-palace.com\/?s={search_term_string}"},"query-input":{"@type":"PropertyValueSpecification","valueRequired":true,"valueName":"search_term_string"}}],"inLanguage":"fr-FR"}]}},"post_mailing_queue_ids":[],"_links":{"self":[{"href":"https:\/\/kassandra-palace.com\/fr\/wp-json\/wp\/v2\/pages\/3108","targetHints":{"allow":["GET"]}}],"collection":[{"href":"https:\/\/kassandra-palace.com\/fr\/wp-json\/wp\/v2\/pages"}],"about":[{"href":"https:\/\/kassandra-palace.com\/fr\/wp-json\/wp\/v2\/types\/page"}],"author":[{"embeddable":true,"href":"https:\/\/kassandra-palace.com\/fr\/wp-json\/wp\/v2\/users\/1"}],"replies":[{"embeddable":true,"href":"https:\/\/kassandra-palace.com\/fr\/wp-json\/wp\/v2\/comments?post=3108"}],"version-history":[{"count":5,"href":"https:\/\/kassandra-palace.com\/fr\/wp-json\/wp\/v2\/pages\/3108\/revisions"}],"predecessor-version":[{"id":17892,"href":"https:\/\/kassandra-palace.com\/fr\/wp-json\/wp\/v2\/pages\/3108\/revisions\/17892"}],"wp:attachment":[{"href":"https:\/\/kassandra-palace.com\/fr\/wp-json\/wp\/v2\/media?parent=3108"}],"curies":[{"name":"wp","href":"https:\/\/api.w.org\/{rel}","templated":true}]}}