{"id":3094,"date":"2018-11-27T18:52:19","date_gmt":"2018-11-27T16:52:19","guid":{"rendered":"https:\/\/kassandra-palace.com\/dining\/alexander-lobby-bar\/"},"modified":"2024-05-20T13:14:15","modified_gmt":"2024-05-20T11:14:15","slug":"palm-lobby-bar","status":"publish","type":"page","link":"https:\/\/kassandra-palace.com\/fr\/dining\/palm-lobby-bar\/","title":{"rendered":"Palm Lobby Bar"},"content":{"rendered":"<div class=\"wpb-content-wrapper\"><p>[vc_row el_class=\u00a0\u00bbtop-bottom-padding boxed\u00a0\u00bb css=\u00a0\u00bb.vc_custom_1543309314172{padding-right: 5% !important;padding-bottom: 30px !important;padding-left: 5% !important;}\u00a0\u00bb][vc_column]<div class=\"ult-content-box-container \" >\t\t<div class=\"ult-content-box\" style=\"box-shadow: px px px px none;-webkit-transition: all 700ms ease;-moz-transition: all 700ms ease;-ms-transition: all 700ms ease;-o-transition: all 700ms ease;transition: all 700ms ease;\"  data-hover_box_shadow=\"none\"    >[vc_custom_heading text=\u00a0\u00bbPalm Lobby Bar\u00a0\u00bb font_container=\u00a0\u00bbtag:h1|text_align:left|color:%23000000&Prime; google_fonts=\u00a0\u00bbfont_family:Arimo%3Aregular%2Citalic%2C700%2C700italic|font_style:400%20regular%3A400%3Anormal\u00a0\u00bb css_animation=\u00a0\u00bbfadeInUp\u00a0\u00bb el_class=\u00a0\u00bbsmall-heading line-left no-line\u00a0\u00bb]\t\t<\/div><\/div>[vc_row_inner equal_height=\u00a0\u00bbyes\u00a0\u00bb gap=\u00a0\u00bb30&Prime;][vc_column_inner width=\u00a0\u00bb1\/2&Prime;][vc_custom_heading text=\u00a0\u00bbAlcoholic drinks, cocktails, filter coffee, espresso\/cappuccino, instant coffee, Greek coffee, water, soft drinks, tea, fruit juice.\u00a0\u00bb font_container=\u00a0\u00bbtag:h2|font_size:2.5rem|text_align:left|color:%233d616f\u00a0\u00bb google_fonts=\u00a0\u00bbfont_family:Roboto%20Slab%3A100%2C300%2Cregular%2C700|font_style:400%20regular%3A400%3Anormal\u00a0\u00bb css_animation=\u00a0\u00bbfadeInUp\u00a0\u00bb el_class=\u00a0\u00bblarge-heading\u00a0\u00bb css=\u00a0\u00bb.vc_custom_1543767402796{margin-top: 0px !important;}\u00a0\u00bb][\/vc_column_inner][vc_column_inner width=\u00a0\u00bb1\/2&Prime;][vc_column_text css_animation=\u00a0\u00bbfadeInUp\u00a0\u00bb]Palm Lobby bar provides a different ambience, but equally tempting and inspiring. Coffee enthusiasts will be thrilled by the quality blends and brews served during the day, along with a selection of aperitifs and pre-dinner drinks in the heart of the hotel. Palm Lobby bar serving an extensive range of international cocktails and drinks in a relaxed yet sophisticated atmosphere.[\/vc_column_text][\/vc_column_inner][\/vc_row_inner][\/vc_column][\/vc_row][vc_row full_width=\u00a0\u00bbstretch_row\u00a0\u00bb gap=\u00a0\u00bb10&Prime; el_class=\u00a0\u00bbtop-bottom-padding\u00a0\u00bb css=\u00a0\u00bb.vc_custom_1543574897749{padding-top: 0px !important;}\u00a0\u00bb][vc_column css_animation=\u00a0\u00bbfadeInLeft\u00a0\u00bb offset=\u00a0\u00bbvc_col-lg-6&Prime;][vc_column_text css=\u00a0\u00bb.vc_custom_1543575893961{margin-bottom: 0px !important;}\u00a0\u00bb][\/vc_column_text][\/vc_column][vc_column offset=\u00a0\u00bbvc_col-lg-6&Prime;]<div class=\"ult-content-box-container inner-block bg-color1\" >\t\t<div class=\"ult-content-box\" style=\"box-shadow: px px px px none;margin-right:0px;-webkit-transition: all 700ms ease;-moz-transition: all 700ms ease;-ms-transition: all 700ms ease;-o-transition: all 700ms ease;transition: all 700ms ease;\"  data-hover_box_shadow=\"none\"    data-normal_margins=\"margin-right:0px;\"  >[vc_custom_heading text=\u00a0\u00bbInformations\u00a0\u00bb font_container=\u00a0\u00bbtag:h1|text_align:left|color:%23000000&Prime; google_fonts=\u00a0\u00bbfont_family:Arimo%3Aregular%2Citalic%2C700%2C700italic|font_style:400%20regular%3A400%3Anormal\u00a0\u00bb css_animation=\u00a0\u00bbfadeInUp\u00a0\u00bb el_class=\u00a0\u00bbsmall-heading no-line\u00a0\u00bb][vc_custom_heading text=\u00a0\u00bbAmbiance feutr\u00e9e en soir\u00e9e\u00a0\u00bb font_container=\u00a0\u00bbtag:h2|text_align:left|color:%23998b83&Prime; google_fonts=\u00a0\u00bbfont_family:Roboto%20Slab%3A100%2C300%2Cregular%2C700|font_style:400%20regular%3A400%3Anormal\u00a0\u00bb][vc_column_text]<\/p>\n<div class=\"spa-info-wrapper\">\n<div><span class=\"info-title\">Heures d\u2019ouverture :<\/span> 09h00 \u2013 00h00<\/div>\n<div><span class=\"info-title\">Service :<\/span> Alcool &amp; Boissons<\/div>\n<div><span class=\"info-title\">O\u00f9\u00a0:<\/span> Dans le b\u00e2timent principal<\/div>\n<div><span class=\"info-title\">Tenue vestimentaire\u00a0:<\/span> Tenue d\u00e9contract\u00e9e, v\u00eatements de plage proscrits<\/div>\n<\/div>\n<p>[\/vc_column_text]\t\t<\/div><\/div>[\/vc_column][\/vc_row][vc_row full_width=\u00a0\u00bbstretch_row\u00a0\u00bb css_animation=\u00a0\u00bbfadeIn\u00a0\u00bb disable_element=\u00a0\u00bbyes\u00a0\u00bb css=\u00a0\u00bb.vc_custom_1543759743875{padding-top: 50px !important;padding-bottom: 50px !important;}\u00a0\u00bb el_id=\u00a0\u00bboffer-slider\u00a0\u00bb el_class=\u00a0\u00bbbg-color1&Prime;][vc_column css=\u00a0\u00bb.vc_custom_1542633282134{padding-left: 0px !important;}\u00a0\u00bb][vc_column_text]<div class='owl-carousel offer-slider'><div>\n\n<div class=\"offer-slide-overview-wrapper uk-width-1-1\">\n\n  <div class=\"uk-grid uk-grid-match uk-flex-middle uk-grid-small\">\n\n  <div class=\"uk-width-1-1 uk-width-1-3@m uk-first-column\">\n\n    <div class=\"content-wrapper\">\n\n      <h1 class=\"title small-heading\"> One Bedroom Suite Offer <\/h1>\n            <p class=\"content\"> Book your next holiday at our Newly Renovated Suites and save up to 20% off accommodation rates <\/p>\n\n      <div style=\"margin-top: 30px;\">\n                        <div class='simple-button-wrapper align-center'><a class='simple-button' href='https:\/\/kassandra-palace.com\/fr\/offer\/one-bedroom-suite-offer\/' target='_self'><span class='text'>Read More<\/span><\/a><\/div>      <\/div>\n\n    <\/div>\n\n    <!-- <div class=\"nav-wrapper\"><\/div> -->\n  <\/div>\n\n  <div class=\"bg-wrapper uk-visible@m uk-width-1-1 uk-width-2-3@m\">\n    <!-- <div class=\"bg\" style=\"background-image:url(https:\/\/kassandra-palace.com\/wp-content\/uploads\/2025\/03\/L1841570.jpg)\"><\/div> -->\n    <div class=\"bg lazy-ld\" data-bg=\"url(https:\/\/kassandra-palace.com\/wp-content\/uploads\/2025\/03\/L1841570.jpg)\" ><\/div>\n  <\/div>\n\n<\/div>\n\n<\/div>\n<\/div><div>\n\n<div class=\"offer-slide-overview-wrapper uk-width-1-1\">\n\n  <div class=\"uk-grid uk-grid-match uk-flex-middle uk-grid-small\">\n\n  <div class=\"uk-width-1-1 uk-width-1-3@m uk-first-column\">\n\n    <div class=\"content-wrapper\">\n\n      <h1 class=\"title small-heading\"> Free Transfer To the Hotel (min stay 7) <\/h1>\n            <p class=\"content\"> Book online a stay of 7 nights or more with us direct and benefit from free shuttle transfers from and to the international airport of Thessaloniki (SKG). Alternatively,you can reserve with us a round trip airport private taxi transfer at the price of \u20ac200 (for up to 2 adults + 2 kids) Minimum stay requirement:\u00a07... <a class=\"view-article\" href=\"https:\/\/kassandra-palace.com\/fr\/offer\/free-transfer-to-the-hotel-min-stay-7\/\">Voir l'article<\/a> <\/p>\n\n      <div style=\"margin-top: 30px;\">\n                        <div class='simple-button-wrapper align-center'><a class='simple-button' href='https:\/\/kassandra-palace.com\/fr\/offer\/free-transfer-to-the-hotel-min-stay-7\/' target='_self'><span class='text'>Read More<\/span><\/a><\/div>      <\/div>\n\n    <\/div>\n\n    <!-- <div class=\"nav-wrapper\"><\/div> -->\n  <\/div>\n\n  <div class=\"bg-wrapper uk-visible@m uk-width-1-1 uk-width-2-3@m\">\n    <!-- <div class=\"bg\" style=\"background-image:url(https:\/\/kassandra-palace.com\/wp-content\/uploads\/2018\/11\/grand-suite-banner.jpg)\"><\/div> -->\n    <div class=\"bg lazy-ld\" data-bg=\"url(https:\/\/kassandra-palace.com\/wp-content\/uploads\/2018\/11\/grand-suite-banner.jpg)\" ><\/div>\n  <\/div>\n\n<\/div>\n\n<\/div>\n<\/div><div>\n\n<div class=\"offer-slide-overview-wrapper uk-width-1-1\">\n\n  <div class=\"uk-grid uk-grid-match uk-flex-middle uk-grid-small\">\n\n  <div class=\"uk-width-1-1 uk-width-1-3@m uk-first-column\">\n\n    <div class=\"content-wrapper\">\n\n      <h1 class=\"title small-heading\"> Free Transfer To the Hotel (min stay 5) <\/h1>\n              <span class=\"subtitle\"> Up to 20% off <\/span>\n            <p class=\"content\"> Book online a stay of 5 nights or more in a Suite with us direct and benefit from free shuttle transfers from and to the international airport of Thessaloniki (SKG). Alternatively, you can reserve with us a round trip airport private taxi transfer at the price of \u20ac200 (for up to 2 adults + 2... <a class=\"view-article\" href=\"https:\/\/kassandra-palace.com\/fr\/offer\/free-transfer-to-the-hotel-min-stay-5\/\">Voir l'article<\/a> <\/p>\n\n      <div style=\"margin-top: 30px;\">\n                        <div class='simple-button-wrapper align-center'><a class='simple-button' href='https:\/\/kassandra-palace.com\/fr\/offer\/free-transfer-to-the-hotel-min-stay-5\/' target='_self'><span class='text'>Read More<\/span><\/a><\/div>      <\/div>\n\n    <\/div>\n\n    <!-- <div class=\"nav-wrapper\"><\/div> -->\n  <\/div>\n\n  <div class=\"bg-wrapper uk-visible@m uk-width-1-1 uk-width-2-3@m\">\n    <!-- <div class=\"bg\" style=\"background-image:url(https:\/\/kassandra-palace.com\/wp-content\/uploads\/2018\/11\/grand-suite-banner.jpg)\"><\/div> -->\n    <div class=\"bg lazy-ld\" data-bg=\"url(https:\/\/kassandra-palace.com\/wp-content\/uploads\/2018\/11\/grand-suite-banner.jpg)\" ><\/div>\n  <\/div>\n\n<\/div>\n\n<\/div>\n<\/div><\/div><div class=\"offer-slider-nav-wrapper\"><\/div>[\/vc_column_text][\/vc_column][\/vc_row][vc_row el_class=\u00a0\u00bbtop-bottom-padding boxed\u00a0\u00bb][vc_column]<div class=\"ult-content-box-container \" >\t\t<div class=\"ult-content-box\" style=\"box-shadow: px px px px none;-webkit-transition: all 700ms ease;-moz-transition: all 700ms ease;-ms-transition: all 700ms ease;-o-transition: all 700ms ease;transition: all 700ms ease;\"  data-hover_box_shadow=\"none\"    >[vc_custom_heading text=\u00a0\u00bbRESTAURANTS &amp; BARS\u00a0\u00bb font_container=\u00a0\u00bbtag:h1|text_align:center|color:%23000000&Prime; google_fonts=\u00a0\u00bbfont_family:Arimo%3Aregular%2Citalic%2C700%2C700italic|font_style:400%20regular%3A400%3Anormal\u00a0\u00bb css_animation=\u00a0\u00bbfadeInUp\u00a0\u00bb el_class=\u00a0\u00bbsmall-heading \u00ab\u00a0]<div class=\"ult-spacer spacer-69e7965c74f81\" data-id=\"69e7965c74f81\" data-height=\"10\" data-height-mobile=\"10\" data-height-tab=\"10\" data-height-tab-portrait=\"\" data-height-mobile-landscape=\"\" style=\"clear:both;display:block;\"><\/div>\t\t<\/div><\/div>[vc_row_inner css=\u00a0\u00bb.vc_custom_1543336126862{padding-right: 0px !important;padding-left: 0px !important;}\u00a0\u00bb][vc_column_inner width=\u00a0\u00bb1\/3&Prime;]<div tabindex=\"0\" class=\"ult-new-ib ult-ib-effect-style9  ult-ib-resp ult-ib2-min-height \" data-min-width=\"768\" data-max-width=\"900\" style=\" opacity:0; \" data-opacity=\"1\" data-hover-opacity=\"1\"  data-min-height=\"400\" ><img decoding=\"async\" class=\"ult-new-ib-img\" style=\"opacity:1;\" alt=\"null\" src=\"https:\/\/kassandra-palace.com\/wp-content\/uploads\/2018\/11\/main-restaurant-18.jpg\"  data-min-height=\"400\"   \/><div id=\"interactive-banner-wrap-9865\" class=\"ult-new-ib-desc\" style=\"\"><h2 class=\"ult-new-ib-title ult-responsive\"  data-ultimate-target='#interactive-banner-wrap-9865 .ult-new-ib-title'  data-responsive-json-new='{\"font-size\":\"desktop:25px;\",\"line-height\":\"\"}'  style=\"font-family:&#039;Roboto Slab&#039;;font-weight:normal;\">Main Restaurant<\/h2><div class=\"ult-new-ib-content ult-responsive\"  data-ultimate-target='#interactive-banner-wrap-9865 .ult-new-ib-content'  data-responsive-json-new='{\"font-size\":\"desktop:15px;\",\"line-height\":\"\"}'  style=\"font-weight:normal;\"><p>Buffet Restaurant<\/p><\/div><\/div><a class=\"ult-new-ib-link\" href=\"http:\/\/kassandra-palace.com\/fr\/dining\/main-restaurant\/\"  ><\/a><\/div>[\/vc_column_inner][vc_column_inner width=\u00a0\u00bb1\/3&Prime;]<div tabindex=\"0\" class=\"ult-new-ib ult-ib-effect-style9  ult-ib-resp ult-ib2-min-height \" data-min-width=\"768\" data-max-width=\"900\" style=\" opacity:0; \" data-opacity=\"1\" data-hover-opacity=\"1\"  data-min-height=\"400\" ><img decoding=\"async\" class=\"ult-new-ib-img\" style=\"opacity:1;\" alt=\"null\" src=\"https:\/\/kassandra-palace.com\/wp-content\/uploads\/2020\/06\/Magnolia-Mediterranean-Restaurant.jpg\"  data-min-height=\"400\"   \/><div id=\"interactive-banner-wrap-6064\" class=\"ult-new-ib-desc\" style=\"\"><h2 class=\"ult-new-ib-title ult-responsive\"  data-ultimate-target='#interactive-banner-wrap-6064 .ult-new-ib-title'  data-responsive-json-new='{\"font-size\":\"desktop:25px;\",\"line-height\":\"\"}'  style=\"font-family:&#039;Roboto Slab&#039;;font-weight:normal;\">Magnolia Mediterranean Restaurant<\/h2><div class=\"ult-new-ib-content ult-responsive\"  data-ultimate-target='#interactive-banner-wrap-6064 .ult-new-ib-content'  data-responsive-json-new='{\"font-size\":\"desktop:15px;\",\"line-height\":\"\"}'  style=\"font-weight:normal;\"><p>\u00c0 la carte Restaurant<\/p><\/div><\/div><a class=\"ult-new-ib-link\" href=\"http:\/\/kassandra-palace.com\/fr\/dining\/taverna-ammos\/\"  ><\/a><\/div>[\/vc_column_inner][vc_column_inner width=\u00a0\u00bb1\/3&Prime;]<div tabindex=\"0\" class=\"ult-new-ib ult-ib-effect-style9  ult-ib-resp ult-ib2-min-height \" data-min-width=\"768\" data-max-width=\"900\" style=\" opacity:0; \" data-opacity=\"1\" data-hover-opacity=\"1\"  data-min-height=\"400\" ><img decoding=\"async\" class=\"ult-new-ib-img\" style=\"opacity:1;\" alt=\"null\" src=\"https:\/\/kassandra-palace.com\/wp-content\/uploads\/2018\/10\/DSC_7009.jpg\"  data-min-height=\"400\"   \/><div id=\"interactive-banner-wrap-9722\" class=\"ult-new-ib-desc\" style=\"\"><h2 class=\"ult-new-ib-title ult-responsive\"  data-ultimate-target='#interactive-banner-wrap-9722 .ult-new-ib-title'  data-responsive-json-new='{\"font-size\":\"desktop:25px;\",\"line-height\":\"\"}'  style=\"font-family:&#039;Roboto Slab&#039;;font-weight:normal;\">Ninemia Beach Bar<\/h2><div class=\"ult-new-ib-content ult-responsive\"  data-ultimate-target='#interactive-banner-wrap-9722 .ult-new-ib-content'  data-responsive-json-new='{\"font-size\":\"desktop:15px;\",\"line-height\":\"\"}'  style=\"font-weight:normal;\"><p>Cocktail Bar by the beach<\/p><\/div><\/div><a class=\"ult-new-ib-link\" href=\"https:\/\/kassandra-palace.com\/fr\/dining\/ninemia-beach-bar\/\"  ><\/a><\/div>[\/vc_column_inner][\/vc_row_inner][\/vc_column][\/vc_row]<\/p>\n<\/div>","protected":false},"excerpt":{"rendered":"[vc_row el_class=\u00a0\u00bbtop-bottom-padding boxed\u00a0\u00bb css=\u00a0\u00bb.vc_custom_1543309314172{padding-right: 5% !important;padding-bottom: 30px !important;padding-left: 5% !important;}\u00a0\u00bb][vc_column][vc_row_inner equal_height=\u00a0\u00bbyes\u00a0\u00bb gap=\u00a0\u00bb30&Prime;][vc_column_inner width=\u00a0\u00bb1\/2&Prime;][vc_custom_heading text=\u00a0\u00bbAlcoholic drinks, cocktails, filter coffee, espresso\/cappuccino, instant coffee, Greek coffee, water, soft drinks, tea, fruit juice.\u00a0\u00bb font_container=\u00a0\u00bbtag:h2|font_size:2.5rem|text_align:left|color:%233d616f\u00a0\u00bb google_fonts=\u00a0\u00bbfont_family:Roboto%20Slab%3A100%2C300%2Cregular%2C700|font_style:400%20regular%3A400%3Anormal\u00a0\u00bb css_animation=\u00a0\u00bbfadeInUp\u00a0\u00bb el_class=\u00a0\u00bblarge-heading\u00a0\u00bb css=\u00a0\u00bb.vc_custom_1543767402796{margin-top: 0px !important;}\u00a0\u00bb][\/vc_column_inner][vc_column_inner width=\u00a0\u00bb1\/2&Prime;][vc_column_text css_animation=\u00a0\u00bbfadeInUp\u00a0\u00bb]Palm Lobby bar provides a different ambience, but equally tempting and inspiring. Coffee enthusiasts will be thrilled by&#8230; <a class=\"view-article\" href=\"https:\/\/kassandra-palace.com\/fr\/offer\/free-transfer-to-the-hotel-min-stay-5\/\">Voir l&rsquo;article<\/a>","protected":false},"author":1,"featured_media":0,"parent":3077,"menu_order":0,"comment_status":"closed","ping_status":"closed","template":"","meta":{"_acf_changed":false,"footnotes":""},"class_list":["post-3094","page","type-page","status-publish","hentry"],"acf":[],"yoast_head":"<!-- This site is optimized with the Yoast SEO plugin v25.9 - https:\/\/yoast.com\/wordpress\/plugins\/seo\/ -->\n<title>Palm Lobby Bar | Kassandra Palace<\/title>\n<meta name=\"description\" content=\"Coffee enthusiasts will be thrilled by the quality blends and brews served during the day, along with a selection of aperitifs and pre-dinner drinks in the heart of the hotel.\" \/>\n<meta name=\"robots\" content=\"index, follow, max-snippet:-1, max-image-preview:large, max-video-preview:-1\" \/>\n<link rel=\"canonical\" href=\"https:\/\/kassandra-palace.com\/fr\/dining\/palm-lobby-bar\/\" \/>\n<meta property=\"og:locale\" content=\"fr_FR\" \/>\n<meta property=\"og:type\" content=\"article\" \/>\n<meta property=\"og:title\" content=\"Palm Lobby Bar | Kassandra Palace\" \/>\n<meta property=\"og:description\" content=\"Coffee enthusiasts will be thrilled by the quality blends and brews served during the day, along with a selection of aperitifs and pre-dinner drinks in the heart of the hotel.\" \/>\n<meta property=\"og:url\" content=\"https:\/\/kassandra-palace.com\/fr\/dining\/palm-lobby-bar\/\" \/>\n<meta property=\"og:site_name\" content=\"Kassandra Palace\" \/>\n<meta property=\"article:modified_time\" content=\"2024-05-20T11:14:15+00:00\" \/>\n<meta name=\"twitter:card\" content=\"summary_large_image\" \/>\n<meta name=\"twitter:label1\" content=\"Dur\u00e9e de lecture estim\u00e9e\" \/>\n\t<meta name=\"twitter:data1\" content=\"4 minutes\" \/>\n<script type=\"application\/ld+json\" class=\"yoast-schema-graph\">{\"@context\":\"https:\/\/schema.org\",\"@graph\":[{\"@type\":\"WebPage\",\"@id\":\"https:\/\/kassandra-palace.com\/fr\/dining\/palm-lobby-bar\/\",\"url\":\"https:\/\/kassandra-palace.com\/fr\/dining\/palm-lobby-bar\/\",\"name\":\"Palm Lobby Bar | Kassandra Palace\",\"isPartOf\":{\"@id\":\"https:\/\/kassandra-palace.com\/#website\"},\"datePublished\":\"2018-11-27T16:52:19+00:00\",\"dateModified\":\"2024-05-20T11:14:15+00:00\",\"description\":\"Coffee enthusiasts will be thrilled by the quality blends and brews served during the day, along with a selection of aperitifs and pre-dinner drinks in the heart of the hotel.\",\"breadcrumb\":{\"@id\":\"https:\/\/kassandra-palace.com\/fr\/dining\/palm-lobby-bar\/#breadcrumb\"},\"inLanguage\":\"fr-FR\",\"potentialAction\":[{\"@type\":\"ReadAction\",\"target\":[\"https:\/\/kassandra-palace.com\/fr\/dining\/palm-lobby-bar\/\"]}]},{\"@type\":\"BreadcrumbList\",\"@id\":\"https:\/\/kassandra-palace.com\/fr\/dining\/palm-lobby-bar\/#breadcrumb\",\"itemListElement\":[{\"@type\":\"ListItem\",\"position\":1,\"name\":\"Home\",\"item\":\"https:\/\/kassandra-palace.com\/fr\/\"},{\"@type\":\"ListItem\",\"position\":2,\"name\":\"Restaurants &#038; Bars\",\"item\":\"https:\/\/kassandra-palace.com\/fr\/dining\/\"},{\"@type\":\"ListItem\",\"position\":3,\"name\":\"Palm Lobby Bar\"}]},{\"@type\":\"WebSite\",\"@id\":\"https:\/\/kassandra-palace.com\/#website\",\"url\":\"https:\/\/kassandra-palace.com\/\",\"name\":\"Kassandra Palace\",\"description\":\"\",\"potentialAction\":[{\"@type\":\"SearchAction\",\"target\":{\"@type\":\"EntryPoint\",\"urlTemplate\":\"https:\/\/kassandra-palace.com\/?s={search_term_string}\"},\"query-input\":{\"@type\":\"PropertyValueSpecification\",\"valueRequired\":true,\"valueName\":\"search_term_string\"}}],\"inLanguage\":\"fr-FR\"}]}<\/script>\n<!-- \/ Yoast SEO plugin. -->","yoast_head_json":{"title":"Palm Lobby Bar | Kassandra Palace","description":"Coffee enthusiasts will be thrilled by the quality blends and brews served during the day, along with a selection of aperitifs and pre-dinner drinks in the heart of the hotel.","robots":{"index":"index","follow":"follow","max-snippet":"max-snippet:-1","max-image-preview":"max-image-preview:large","max-video-preview":"max-video-preview:-1"},"canonical":"https:\/\/kassandra-palace.com\/fr\/dining\/palm-lobby-bar\/","og_locale":"fr_FR","og_type":"article","og_title":"Palm Lobby Bar | Kassandra Palace","og_description":"Coffee enthusiasts will be thrilled by the quality blends and brews served during the day, along with a selection of aperitifs and pre-dinner drinks in the heart of the hotel.","og_url":"https:\/\/kassandra-palace.com\/fr\/dining\/palm-lobby-bar\/","og_site_name":"Kassandra Palace","article_modified_time":"2024-05-20T11:14:15+00:00","twitter_card":"summary_large_image","twitter_misc":{"Dur\u00e9e de lecture estim\u00e9e":"4 minutes"},"schema":{"@context":"https:\/\/schema.org","@graph":[{"@type":"WebPage","@id":"https:\/\/kassandra-palace.com\/fr\/dining\/palm-lobby-bar\/","url":"https:\/\/kassandra-palace.com\/fr\/dining\/palm-lobby-bar\/","name":"Palm Lobby Bar | Kassandra Palace","isPartOf":{"@id":"https:\/\/kassandra-palace.com\/#website"},"datePublished":"2018-11-27T16:52:19+00:00","dateModified":"2024-05-20T11:14:15+00:00","description":"Coffee enthusiasts will be thrilled by the quality blends and brews served during the day, along with a selection of aperitifs and pre-dinner drinks in the heart of the hotel.","breadcrumb":{"@id":"https:\/\/kassandra-palace.com\/fr\/dining\/palm-lobby-bar\/#breadcrumb"},"inLanguage":"fr-FR","potentialAction":[{"@type":"ReadAction","target":["https:\/\/kassandra-palace.com\/fr\/dining\/palm-lobby-bar\/"]}]},{"@type":"BreadcrumbList","@id":"https:\/\/kassandra-palace.com\/fr\/dining\/palm-lobby-bar\/#breadcrumb","itemListElement":[{"@type":"ListItem","position":1,"name":"Home","item":"https:\/\/kassandra-palace.com\/fr\/"},{"@type":"ListItem","position":2,"name":"Restaurants &#038; Bars","item":"https:\/\/kassandra-palace.com\/fr\/dining\/"},{"@type":"ListItem","position":3,"name":"Palm Lobby Bar"}]},{"@type":"WebSite","@id":"https:\/\/kassandra-palace.com\/#website","url":"https:\/\/kassandra-palace.com\/","name":"Kassandra Palace","description":"","potentialAction":[{"@type":"SearchAction","target":{"@type":"EntryPoint","urlTemplate":"https:\/\/kassandra-palace.com\/?s={search_term_string}"},"query-input":{"@type":"PropertyValueSpecification","valueRequired":true,"valueName":"search_term_string"}}],"inLanguage":"fr-FR"}]}},"post_mailing_queue_ids":[],"_links":{"self":[{"href":"https:\/\/kassandra-palace.com\/fr\/wp-json\/wp\/v2\/pages\/3094","targetHints":{"allow":["GET"]}}],"collection":[{"href":"https:\/\/kassandra-palace.com\/fr\/wp-json\/wp\/v2\/pages"}],"about":[{"href":"https:\/\/kassandra-palace.com\/fr\/wp-json\/wp\/v2\/types\/page"}],"author":[{"embeddable":true,"href":"https:\/\/kassandra-palace.com\/fr\/wp-json\/wp\/v2\/users\/1"}],"replies":[{"embeddable":true,"href":"https:\/\/kassandra-palace.com\/fr\/wp-json\/wp\/v2\/comments?post=3094"}],"version-history":[{"count":0,"href":"https:\/\/kassandra-palace.com\/fr\/wp-json\/wp\/v2\/pages\/3094\/revisions"}],"up":[{"embeddable":true,"href":"https:\/\/kassandra-palace.com\/fr\/wp-json\/wp\/v2\/pages\/3077"}],"wp:attachment":[{"href":"https:\/\/kassandra-palace.com\/fr\/wp-json\/wp\/v2\/media?parent=3094"}],"curies":[{"name":"wp","href":"https:\/\/api.w.org\/{rel}","templated":true}]}}