{"id":3015,"date":"2018-11-28T16:52:57","date_gmt":"2018-11-28T14:52:57","guid":{"rendered":"https:\/\/kassandra-palace.com\/meetings-incentives\/"},"modified":"2026-04-22T14:58:23","modified_gmt":"2026-04-22T12:58:23","slug":"meetings-incentives","status":"publish","type":"page","link":"https:\/\/kassandra-palace.com\/fr\/meetings-incentives\/","title":{"rendered":"R\u00e9unions &#038; S\u00e9minaires de motivation"},"content":{"rendered":"<div class=\"wpb-content-wrapper\"><p>[vc_row disable_element=\u00a0\u00bbyes\u00a0\u00bb el_class=\u00a0\u00bbtop-bottom-padding boxed\u00a0\u00bb css=\u00a0\u00bb.vc_custom_1543771930917{padding-right: 5% !important;padding-bottom: 30px !important;padding-left: 5% !important;}\u00a0\u00bb][vc_column]<div class=\"ult-content-box-container \" >\t\t<div class=\"ult-content-box\" style=\"box-shadow: px px px px none;-webkit-transition: all 700ms ease;-moz-transition: all 700ms ease;-ms-transition: all 700ms ease;-o-transition: all 700ms ease;transition: all 700ms ease;\"  data-hover_box_shadow=\"none\"    >[vc_custom_heading text=\u00a0\u00bbEvents &amp; Meetings\u00a0\u00bb font_container=\u00a0\u00bbtag:h1|text_align:left|color:%23000000&Prime; google_fonts=\u00a0\u00bbfont_family:Arimo%3Aregular%2Citalic%2C700%2C700italic|font_style:400%20regular%3A400%3Anormal\u00a0\u00bb css_animation=\u00a0\u00bbfadeInUp\u00a0\u00bb el_class=\u00a0\u00bbsmall-heading line-left no-line\u00a0\u00bb]\t\t<\/div><\/div>[vc_row_inner equal_height=\u00a0\u00bbyes\u00a0\u00bb gap=\u00a0\u00bb30&Prime;][vc_column_inner width=\u00a0\u00bb1\/2&Prime;][vc_custom_heading text=\u00a0\u00bbLorem ipsum dolor sit amet, consectetur adipiscing elit. Nam euismod erat ac gravida feugiat. Maecenas ut risus quis eros auctor consequat. Pellentesque a porta risus, id euismod velit.\u00a0\u00bb font_container=\u00a0\u00bbtag:h2|font_size:2.5rem|text_align:left|color:%233d616f\u00a0\u00bb google_fonts=\u00a0\u00bbfont_family:Roboto%20Slab%3A100%2C300%2Cregular%2C700|font_style:400%20regular%3A400%3Anormal\u00a0\u00bb css_animation=\u00a0\u00bbfadeInUp\u00a0\u00bb el_class=\u00a0\u00bblarge-heading\u00a0\u00bb css=\u00a0\u00bb.vc_custom_1541505890050{margin-top: 0px !important;}\u00a0\u00bb][\/vc_column_inner][vc_column_inner width=\u00a0\u00bb1\/2&Prime;][vc_column_text css_animation=\u00a0\u00bbfadeInUp\u00a0\u00bb]Lorem ipsum dolor sit amet, consectetur adipiscing elit. In luctus massa semper nibh mattis posuere. Suspendisse potenti. Nunc hendrerit mattis sem id tempor. Fusce vulputate a eros id eleifend. Suspendisse vitae leo lorem. Nullam pretium nisi nec nibh auctor, vel rhoncus felis rhoncus. Suspendisse pellentesque felis ac ligula rhoncus feugiat. Suspendisse rhoncus, justo sed pellentesque malesuada, nunc nulla scelerisque mi, quis pharetra nisl sapien quis lacus. Orci varius natoque penatibus et magnis dis parturient montes, nascetur ridiculus mus. Aliquam iaculis tempus nunc, eget efficitur justo molestie ut. Morbi mattis tellus faucibus eros sodales, vitae lobortis mauris lobortis. Morbi accumsan ipsum in faucibus sodales.[\/vc_column_text][\/vc_column_inner][\/vc_row_inner][\/vc_column][\/vc_row][vc_row][vc_column][vc_empty_space height=\u00a0\u00bb62px\u00a0\u00bb][\/vc_column][\/vc_row][vc_row el_class=\u00a0\u00bbboxed\u00a0\u00bb css=\u00a0\u00bb.vc_custom_1543685692639{margin-bottom: 30px !important;}\u00a0\u00bb][vc_column css=\u00a0\u00bb.vc_custom_1543686664927{padding-right: 0px !important;padding-left: 0px !important;}\u00a0\u00bb][vc_column_text]<div class='featured-item-wrapper'><div class='owl-carousel featured-item-slider'><div class='featured-item-slide' style='background-image: url(http:\/\/kassandra-palace.com\/wp-content\/uploads\/2018\/11\/conference-1.jpg)'><\/div><\/div><div class='featured-item-info-wrapper left'><div class='info info1'> <span class='title'> Type <\/span> <span class='text'>Corporate Events<\/span> <\/div><div class='info info2'> <span class='title'> Group Size <\/span> <span class='text'>Small - Large<\/span> <\/div><div class='info info3'> <span class='title'> Location <\/span> <span class='text'>Centre de conf\u00e9rences<\/span> <\/div><div class='info info4'> <span class='title'> Occasion <\/span> <span class='text'>All<\/span>  <\/div><\/div><div class='featured-item-content-wrapper right'><div class='featured-item-title'>Conf\u00e9rences &amp; \u00e9v\u00e8nements<\/div><div class='featured-item-text'>Nos excellentes installations de conf\u00e9rence, avec l\u2019assistance de notre personnel attentif, assurent le succ\u00e8s de vos r\u00e9unions et \u00e9v\u00e8nements. <div class='link-wrapper'> <a target='_self' href='http:\/\/kassandra-palace.com\/fr\/events-meetings\/conferences\/'>Read More<\/a> <\/div> <\/div><\/div><div style='clear:both;'><\/div><\/div>[\/vc_column_text][\/vc_column][\/vc_row][vc_row el_class=\u00a0\u00bbboxed\u00a0\u00bb css=\u00a0\u00bb.vc_custom_1543752820040{margin-bottom: 30px !important;}\u00a0\u00bb][vc_column css=\u00a0\u00bb.vc_custom_1543686664927{padding-right: 0px !important;padding-left: 0px !important;}\u00a0\u00bb][vc_column_text]<div class='featured-item-wrapper'><div class='owl-carousel featured-item-slider'><div class='featured-item-slide' style='background-image: url(http:\/\/kassandra-palace.com\/wp-content\/uploads\/2018\/11\/wedding-honeymoon-home.jpg)'><\/div><\/div><div class='featured-item-info-wrapper right'><div class='info info1'> <span class='title'> Type <\/span> <span class='text'>Personal Events<\/span> <\/div><div class='info info2'> <span class='title'> Group Size <\/span> <span class='text'>Small - Medium<\/span> <\/div><div class='info info3'> <span class='title'> Location <\/span> <span class='text'>Outdoor \/ Indoor<\/span> <\/div><div class='info info4'> <span class='title'> Occasion <\/span> <span class='text'>Weddings &amp; Events<\/span>  <\/div><\/div><div class='featured-item-content-wrapper left'><div class='featured-item-title'>Mariages et Banquets<\/div><div class='featured-item-text'>Faites de votre mariage la journ\u00e9e exceptionnelle dont vous r\u00eavez. Choisissez, pour la c\u00e9l\u00e9bration de la c\u00e9r\u00e9monie religieuse, notre chapelle pittoresque ou l\u2019un des splendides sites du domaine, qui pourront s\u2019av\u00e9rer id\u00e9aux pour l'occasion. <div class='link-wrapper'> <a target='_self' href='http:\/\/kassandra-palace.com\/fr\/events-meetings\/weddings\/'>Read More<\/a> <\/div> <\/div><\/div><div style='clear:both;'><\/div><\/div>[\/vc_column_text][\/vc_column][\/vc_row]<\/p>\n<\/div>","protected":false},"excerpt":{"rendered":"[vc_row disable_element=\u00a0\u00bbyes\u00a0\u00bb el_class=\u00a0\u00bbtop-bottom-padding boxed\u00a0\u00bb css=\u00a0\u00bb.vc_custom_1543771930917{padding-right: 5% !important;padding-bottom: 30px !important;padding-left: 5% !important;}\u00a0\u00bb][vc_column][vc_row_inner equal_height=\u00a0\u00bbyes\u00a0\u00bb gap=\u00a0\u00bb30&Prime;][vc_column_inner width=\u00a0\u00bb1\/2&Prime;][vc_custom_heading text=\u00a0\u00bbLorem ipsum dolor sit amet, consectetur adipiscing elit. Nam euismod erat ac gravida feugiat. Maecenas ut risus quis eros auctor consequat. Pellentesque a porta risus, id euismod velit.\u00a0\u00bb font_container=\u00a0\u00bbtag:h2|font_size:2.5rem|text_align:left|color:%233d616f\u00a0\u00bb google_fonts=\u00a0\u00bbfont_family:Roboto%20Slab%3A100%2C300%2Cregular%2C700|font_style:400%20regular%3A400%3Anormal\u00a0\u00bb css_animation=\u00a0\u00bbfadeInUp\u00a0\u00bb el_class=\u00a0\u00bblarge-heading\u00a0\u00bb css=\u00a0\u00bb.vc_custom_1541505890050{margin-top: 0px !important;}\u00a0\u00bb][\/vc_column_inner][vc_column_inner width=\u00a0\u00bb1\/2&Prime;][vc_column_text css_animation=\u00a0\u00bbfadeInUp\u00a0\u00bb]Lorem ipsum dolor sit amet,&#8230; <a class=\"view-article\" href=\"https:\/\/kassandra-palace.com\/fr\/meetings-incentives\/\">Voir l&rsquo;article<\/a>","protected":false},"author":1,"featured_media":0,"parent":0,"menu_order":0,"comment_status":"closed","ping_status":"closed","template":"","meta":{"_acf_changed":false,"footnotes":""},"class_list":["post-3015","page","type-page","status-publish","hentry"],"acf":[],"yoast_head":"<!-- This site is optimized with the Yoast SEO plugin v25.9 - https:\/\/yoast.com\/wordpress\/plugins\/seo\/ -->\n<title>Organize events &amp; meetings | Kassandra Palace<\/title>\n<meta name=\"description\" content=\"Kassandra Palace has all the necessary infrastructure and experienced staff in order to organize successfully events such as conferences, corporate meetings, weddings &amp; banquets.\" \/>\n<meta name=\"robots\" content=\"index, follow, max-snippet:-1, max-image-preview:large, max-video-preview:-1\" \/>\n<link rel=\"canonical\" href=\"https:\/\/kassandra-palace.com\/fr\/meetings-incentives\/\" \/>\n<meta property=\"og:locale\" content=\"fr_FR\" \/>\n<meta property=\"og:type\" content=\"article\" \/>\n<meta property=\"og:title\" content=\"Organize events &amp; meetings | Kassandra Palace\" \/>\n<meta property=\"og:description\" content=\"Kassandra Palace has all the necessary infrastructure and experienced staff in order to organize successfully events such as conferences, corporate meetings, weddings &amp; banquets.\" \/>\n<meta property=\"og:url\" content=\"https:\/\/kassandra-palace.com\/fr\/meetings-incentives\/\" \/>\n<meta property=\"og:site_name\" content=\"Kassandra Palace\" \/>\n<meta property=\"article:modified_time\" content=\"2026-04-22T12:58:23+00:00\" \/>\n<meta name=\"twitter:card\" content=\"summary_large_image\" \/>\n<meta name=\"twitter:label1\" content=\"Dur\u00e9e de lecture estim\u00e9e\" \/>\n\t<meta name=\"twitter:data1\" content=\"2 minutes\" \/>\n<script type=\"application\/ld+json\" class=\"yoast-schema-graph\">{\"@context\":\"https:\/\/schema.org\",\"@graph\":[{\"@type\":\"WebPage\",\"@id\":\"https:\/\/kassandra-palace.com\/fr\/meetings-incentives\/\",\"url\":\"https:\/\/kassandra-palace.com\/fr\/meetings-incentives\/\",\"name\":\"Organize events & meetings | Kassandra Palace\",\"isPartOf\":{\"@id\":\"https:\/\/kassandra-palace.com\/#website\"},\"datePublished\":\"2018-11-28T14:52:57+00:00\",\"dateModified\":\"2026-04-22T12:58:23+00:00\",\"description\":\"Kassandra Palace has all the necessary infrastructure and experienced staff in order to organize successfully events such as conferences, corporate meetings, weddings & banquets.\",\"breadcrumb\":{\"@id\":\"https:\/\/kassandra-palace.com\/fr\/meetings-incentives\/#breadcrumb\"},\"inLanguage\":\"fr-FR\",\"potentialAction\":[{\"@type\":\"ReadAction\",\"target\":[\"https:\/\/kassandra-palace.com\/fr\/meetings-incentives\/\"]}]},{\"@type\":\"BreadcrumbList\",\"@id\":\"https:\/\/kassandra-palace.com\/fr\/meetings-incentives\/#breadcrumb\",\"itemListElement\":[{\"@type\":\"ListItem\",\"position\":1,\"name\":\"Home\",\"item\":\"https:\/\/kassandra-palace.com\/fr\/\"},{\"@type\":\"ListItem\",\"position\":2,\"name\":\"R\u00e9unions &#038; S\u00e9minaires de motivation\"}]},{\"@type\":\"WebSite\",\"@id\":\"https:\/\/kassandra-palace.com\/#website\",\"url\":\"https:\/\/kassandra-palace.com\/\",\"name\":\"Kassandra Palace\",\"description\":\"\",\"potentialAction\":[{\"@type\":\"SearchAction\",\"target\":{\"@type\":\"EntryPoint\",\"urlTemplate\":\"https:\/\/kassandra-palace.com\/?s={search_term_string}\"},\"query-input\":{\"@type\":\"PropertyValueSpecification\",\"valueRequired\":true,\"valueName\":\"search_term_string\"}}],\"inLanguage\":\"fr-FR\"}]}<\/script>\n<!-- \/ Yoast SEO plugin. -->","yoast_head_json":{"title":"Organize events & meetings | Kassandra Palace","description":"Kassandra Palace has all the necessary infrastructure and experienced staff in order to organize successfully events such as conferences, corporate meetings, weddings & banquets.","robots":{"index":"index","follow":"follow","max-snippet":"max-snippet:-1","max-image-preview":"max-image-preview:large","max-video-preview":"max-video-preview:-1"},"canonical":"https:\/\/kassandra-palace.com\/fr\/meetings-incentives\/","og_locale":"fr_FR","og_type":"article","og_title":"Organize events & meetings | Kassandra Palace","og_description":"Kassandra Palace has all the necessary infrastructure and experienced staff in order to organize successfully events such as conferences, corporate meetings, weddings & banquets.","og_url":"https:\/\/kassandra-palace.com\/fr\/meetings-incentives\/","og_site_name":"Kassandra Palace","article_modified_time":"2026-04-22T12:58:23+00:00","twitter_card":"summary_large_image","twitter_misc":{"Dur\u00e9e de lecture estim\u00e9e":"2 minutes"},"schema":{"@context":"https:\/\/schema.org","@graph":[{"@type":"WebPage","@id":"https:\/\/kassandra-palace.com\/fr\/meetings-incentives\/","url":"https:\/\/kassandra-palace.com\/fr\/meetings-incentives\/","name":"Organize events & meetings | Kassandra Palace","isPartOf":{"@id":"https:\/\/kassandra-palace.com\/#website"},"datePublished":"2018-11-28T14:52:57+00:00","dateModified":"2026-04-22T12:58:23+00:00","description":"Kassandra Palace has all the necessary infrastructure and experienced staff in order to organize successfully events such as conferences, corporate meetings, weddings & banquets.","breadcrumb":{"@id":"https:\/\/kassandra-palace.com\/fr\/meetings-incentives\/#breadcrumb"},"inLanguage":"fr-FR","potentialAction":[{"@type":"ReadAction","target":["https:\/\/kassandra-palace.com\/fr\/meetings-incentives\/"]}]},{"@type":"BreadcrumbList","@id":"https:\/\/kassandra-palace.com\/fr\/meetings-incentives\/#breadcrumb","itemListElement":[{"@type":"ListItem","position":1,"name":"Home","item":"https:\/\/kassandra-palace.com\/fr\/"},{"@type":"ListItem","position":2,"name":"R\u00e9unions &#038; S\u00e9minaires de motivation"}]},{"@type":"WebSite","@id":"https:\/\/kassandra-palace.com\/#website","url":"https:\/\/kassandra-palace.com\/","name":"Kassandra Palace","description":"","potentialAction":[{"@type":"SearchAction","target":{"@type":"EntryPoint","urlTemplate":"https:\/\/kassandra-palace.com\/?s={search_term_string}"},"query-input":{"@type":"PropertyValueSpecification","valueRequired":true,"valueName":"search_term_string"}}],"inLanguage":"fr-FR"}]}},"post_mailing_queue_ids":[],"_links":{"self":[{"href":"https:\/\/kassandra-palace.com\/fr\/wp-json\/wp\/v2\/pages\/3015","targetHints":{"allow":["GET"]}}],"collection":[{"href":"https:\/\/kassandra-palace.com\/fr\/wp-json\/wp\/v2\/pages"}],"about":[{"href":"https:\/\/kassandra-palace.com\/fr\/wp-json\/wp\/v2\/types\/page"}],"author":[{"embeddable":true,"href":"https:\/\/kassandra-palace.com\/fr\/wp-json\/wp\/v2\/users\/1"}],"replies":[{"embeddable":true,"href":"https:\/\/kassandra-palace.com\/fr\/wp-json\/wp\/v2\/comments?post=3015"}],"version-history":[{"count":1,"href":"https:\/\/kassandra-palace.com\/fr\/wp-json\/wp\/v2\/pages\/3015\/revisions"}],"predecessor-version":[{"id":18293,"href":"https:\/\/kassandra-palace.com\/fr\/wp-json\/wp\/v2\/pages\/3015\/revisions\/18293"}],"wp:attachment":[{"href":"https:\/\/kassandra-palace.com\/fr\/wp-json\/wp\/v2\/media?parent=3015"}],"curies":[{"name":"wp","href":"https:\/\/api.w.org\/{rel}","templated":true}]}}