{"id":3011,"date":"2018-11-21T10:51:26","date_gmt":"2018-11-21T08:51:26","guid":{"rendered":"https:\/\/kassandra-palace.com\/the-hotel\/"},"modified":"2023-01-18T13:29:08","modified_gmt":"2023-01-18T11:29:08","slug":"the-hotel","status":"publish","type":"page","link":"https:\/\/kassandra-palace.com\/fr\/the-hotel\/","title":{"rendered":"L\u2019H\u00f4tel"},"content":{"rendered":"<div class=\"wpb-content-wrapper\"><p>[vc_row el_class=\u00a0\u00bbtop-bottom-padding boxed\u00a0\u00bb css=\u00a0\u00bb.vc_custom_1542625285404{padding-right: 5% !important;padding-left: 5% !important;}\u00a0\u00bb][vc_column]<div class=\"ult-content-box-container \" >\t\t<div class=\"ult-content-box\" style=\"box-shadow: px px px px none;-webkit-transition: all 700ms ease;-moz-transition: all 700ms ease;-ms-transition: all 700ms ease;-o-transition: all 700ms ease;transition: all 700ms ease;\"  data-hover_box_shadow=\"none\"    >[vc_custom_heading text=\u00a0\u00bbKASSANDRA PALACE : UN H\u00d4TEL FAMILIAL EN CHALCIDIQUE\u00a0\u00bb font_container=\u00a0\u00bbtag:h1|text_align:left|color:%23000000&Prime; google_fonts=\u00a0\u00bbfont_family:Arimo%3Aregular%2Citalic%2C700%2C700italic|font_style:400%20regular%3A400%3Anormal\u00a0\u00bb css_animation=\u00a0\u00bbfadeInUp\u00a0\u00bb el_class=\u00a0\u00bbsmall-heading no-line\u00a0\u00bb]\t\t<\/div><\/div>[vc_row_inner equal_height=\u00a0\u00bbyes\u00a0\u00bb gap=\u00a0\u00bb30&Prime;][vc_column_inner width=\u00a0\u00bb1\/2&Prime;][vc_custom_heading text=\u00a0\u00bbLe Kassandra Palace Seaside Resort est un h\u00f4tel familial offrant un large \u00e9ventail d&rsquo;options d&rsquo;h\u00e9bergement, en chambres ou en suites, dans le d\u00e9cor paisible de nos magnifiques jardins, pour faire de votre s\u00e9jour en Chalcidique une exp\u00e9rience de vacances inoubliable.\u00a0\u00bb font_container=\u00a0\u00bbtag:h2|font_size:2.5rem|text_align:left|color:%233d616f\u00a0\u00bb google_fonts=\u00a0\u00bbfont_family:Roboto%20Slab%3A100%2C300%2Cregular%2C700|font_style:400%20regular%3A400%3Anormal\u00a0\u00bb css_animation=\u00a0\u00bbfadeInUp\u00a0\u00bb el_class=\u00a0\u00bblarge-heading\u00a0\u00bb css=\u00a0\u00bb.vc_custom_1673441780220{margin-top: 0px !important;}\u00a0\u00bb][vc_column_text css_animation=\u00a0\u00bbfadeInUp\u00a0\u00bb]Nos h\u00f4tes sont invit\u00e9s \u00e0 se d\u00e9tendre et \u00e0 se relaxer dans le cadre tranquille et \u00e9l\u00e9gant de la station baln\u00e9aire de Kriopigi, et de savourer d&rsquo;authentiques exp\u00e9riences de loisirs, de plaisirs, de gastronomie et de bien-\u00eatre, dans le domaine de l\u2019h\u00f4tel.[\/vc_column_text][\/vc_column_inner][vc_column_inner width=\u00a0\u00bb1\/2&Prime;][vc_column_text css_animation=\u00a0\u00bbfadeInUp\u00a0\u00bb]Consid\u00e9r\u00e9 comme l\u2019un des meilleurs complexes h\u00f4teliers de Chalcidique, en Gr\u00e8ce, l\u2019h\u00f4tel 5 \u00e9toiles Kassandra Palace comprend un b\u00e2timent principal et plusieurs bungalows aux chambres et suites am\u00e9nag\u00e9es avec \u00e9l\u00e9gance, 4 restaurants, 4 bars, un centre spa &amp; bien-\u00eatre, 3 piscines communes et un mini-club, et offre une large palette d\u2019options de loisirs, d\u2019activit\u00e9s sportives et d\u2019\u00e9v\u00e8nements culturels, portant vos vacances d&rsquo;\u00e9t\u00e9 en Chalcidique vers de nouveaux sommets.<br \/>\nD\u00e9tendez-vous dans l\u2019une des meilleures chambres avec vue sur la mer de Chalcidique, savourez les succulents mets de la cuisine locale, participez \u00e0 des activit\u00e9s sportives et de loisirs, laissez vos enfants jouer et barboter en toute s\u00e9curit\u00e9, passez des moments de qualit\u00e9 avec votre tendre moiti\u00e9 et go\u00fbtez \u00e0 la d\u00e9tente absolue dans les profondeurs de notre spa. Alors, si vous \u00eates pr\u00eat \u00e0 voyager et entamez vos recherches pour d\u00e9nicher le meilleur h\u00e9bergement en Chalcidique, Gr\u00e8ce, ne cherchez plus : tout ce que vous d\u00e9sirez se trouve d\u00e9j\u00e0 ici, sous vos yeux.[\/vc_column_text][\/vc_column_inner][\/vc_row_inner][vc_row_inner equal_height=\u00a0\u00bbyes\u00a0\u00bb gap=\u00a0\u00bb30&Prime;][vc_column_inner width=\u00a0\u00bb1\/2&Prime;][vc_raw_html]JTNDZGl2JTIwY2xhc3MlM0QlMjJyb29tLWJ1dHRvbnMtd3JhcHBlciUyMiUzRSU1QnNpbXBsZV9idXR0b24lMjB0ZXh0JTNEJTI3UiVDMyU4OVNFUlZFUiUyME1BSU5URU5BTlQlMjclMjB1cmwlM0QlMjdodHRwcyUzQSUyRiUyRmthc3NhbmRyYXBhbGFjZS5yZXNlcnZlLW9ubGluZS5uZXQlMkYlM0ZsYW5nJTNEZnJfRlIlMjclMjB0YXJnZXQlM0QlMjdfYmxhbmslMjclNUQlMEElNUJiZXN0X3ByaWNlX2d1YXJhbnRlZV9pY29uJTVEJTNDJTJGZGl2JTNF[\/vc_raw_html][\/vc_column_inner][vc_column_inner width=\u00a0\u00bb1\/2&Prime;][\/vc_column_inner][\/vc_row_inner][\/vc_column][\/vc_row][vc_row full_width=\u00a0\u00bbstretch_row\u00a0\u00bb el_class=\u00a0\u00bbtop-bottom-padding bg-color1&Prime;][vc_column css_animation=\u00a0\u00bbfadeInLeft\u00a0\u00bb offset=\u00a0\u00bbvc_col-lg-6 vc_col-md-12&Prime;]<div class=\"ult-content-box-container inner-block\" >\t\t<div class=\"ult-content-box\" style=\"box-shadow: px px px px none;margin-right:0px;-webkit-transition: all 700ms ease;-moz-transition: all 700ms ease;-ms-transition: all 700ms ease;-o-transition: all 700ms ease;transition: all 700ms ease;\"  data-hover_box_shadow=\"none\"    data-normal_margins=\"margin-right:0px;\"  >[vc_custom_heading text=\u00a0\u00bb\u00c9QUIPEMENTS ET PRESTATIONS\u00a0\u00bb use_theme_fonts=\u00a0\u00bbyes\u00a0\u00bb el_class=\u00a0\u00bbsmall-heading small-heading-alt no-line\u00a0\u00bb][vc_custom_heading text=\u00a0\u00bbSavourez votre s\u00e9jour les pieds dans l\u2019eau.\u00a0\u00bb font_container=\u00a0\u00bbtag:h2|text_align:left|color:%23998b83&Prime; google_fonts=\u00a0\u00bbfont_family:Roboto%20Slab%3A100%2C300%2Cregular%2C700|font_style:400%20regular%3A400%3Anormal\u00a0\u00bb][vc_column_text]<\/p>\n<div class=\"amenities-inner-content\">\n<ul type=\"disc\">\n<li>Salon du hall de l&rsquo;h\u00f4tel<\/li>\n<li>Espaces communs climatis\u00e9s et chauff\u00e9s<\/li>\n<li>Piscine en plein air<\/li>\n<li>R\u00e9ception ouverte 24h\/24, avec personnel multilingue<\/li>\n<li>Service de r\u00e9veil<\/li>\n<li>Buffet petit d\u00e9jeuner grec<\/li>\n<li>Service petit d\u00e9jeuner l\u00e8ve-t\u00f4t<\/li>\n<li>Plateau petit d\u00e9jeuner\/d\u00e9jeuner sur demande<\/li>\n<li>Centre de bien-\u00eatre avec sauna, bain \u00e0 remous, salon de massage et une gamme compl\u00e8te de soins et de traitements<\/li>\n<li>Salle de remise en forme enti\u00e8rement \u00e9quip\u00e9e<\/li>\n<li>Piscine couverte chauff\u00e9e \u00e0 acc\u00e8s libre<\/li>\n<li>Piscine de dimensions olympiques pour adultes<\/li>\n<li>Piscine peu profonde pour les enfants<\/li>\n<li>Aire de jeux en plein air pour les enfants<\/li>\n<li>Mini-club et salle de jeux<\/li>\n<li>Tennis de table<\/li>\n<li>Service de garderie assur\u00e9 par notre personnel qualifi\u00e9<\/li>\n<li>Jardins orn\u00e9s de magnifiques fleurs et de v\u00e9g\u00e9tation locale<\/li>\n<li>\u00c9glise<\/li>\n<li>Salles de conf\u00e9rence et de r\u00e9union<\/li>\n<li>Plage de sable priv\u00e9e<\/li>\n<li>Chaises-longues et parasols (mis \u00e0 disposition gratuitement)<\/li>\n<li>Vestiaires<\/li>\n<li>2\u00a0courts de tennis \u00e9quip\u00e9s<\/li>\n<li>Restaurants et Bars<\/li>\n<li>Boutique de souvenirs<\/li>\n<li>Salle avec TV satellite et billards<\/li>\n<li>Consigne \u00e0 bagages<\/li>\n<li>Service blanchisserie, nettoyage \u00e0 sec et repassage (moyennant suppl\u00e9ment)<\/li>\n<li>Service de couverture<\/li>\n<li>Services de messagerie<\/li>\n<li>Services de bagagerie<\/li>\n<li>Service en chambre<\/li>\n<li>Room service<\/li>\n<\/ul>\n<\/div>\n<p>[\/vc_column_text]\t\t<\/div><\/div>[\/vc_column][vc_column offset=\u00a0\u00bbvc_col-lg-6&Prime;][vc_column_text css_animation=\u00a0\u00bbfadeInRight\u00a0\u00bb][\/vc_column_text][\/vc_column][\/vc_row][vc_row el_class=\u00a0\u00bbtop-bottom-padding boxed\u00a0\u00bb][vc_column el_class=\u00a0\u00bbsite-container\u00a0\u00bb]<div class=\"ult-content-box-container content-box-padded green-policy\" >\t\t<div class=\"ult-content-box\" style=\"box-shadow: px px px px none;-webkit-transition: all 700ms ease;-moz-transition: all 700ms ease;-ms-transition: all 700ms ease;-o-transition: all 700ms ease;transition: all 700ms ease;\"  data-hover_box_shadow=\"none\"    >[vc_custom_heading text=\u00a0\u00bbPOLITIQUE ENVIRONNEMENTALE\u00a0\u00bb font_container=\u00a0\u00bbtag:h1|text_align:center|color:%23000000&Prime; google_fonts=\u00a0\u00bbfont_family:Arimo%3Aregular%2Citalic%2C700%2C700italic|font_style:400%20regular%3A400%3Anormal\u00a0\u00bb css_animation=\u00a0\u00bbfadeInUp\u00a0\u00bb el_class=\u00a0\u00bbsmall-heading\u00a0\u00bb][vc_custom_heading text=\u00a0\u00bbAu Kassandra Palace Seaside Resort, nous sommes conscients que la poursuite de l\u2019excellence ne doit pas se faire aux d\u00e9pens de l\u2019environnement et de la communaut\u00e9 locale.\u00a0\u00bb font_container=\u00a0\u00bbtag:h2|font_size:2.5rem|text_align:center|color:%233d616f\u00a0\u00bb google_fonts=\u00a0\u00bbfont_family:Roboto%20Slab%3A100%2C300%2Cregular%2C700|font_style:400%20regular%3A400%3Anormal\u00a0\u00bb css_animation=\u00a0\u00bbfadeInUp\u00a0\u00bb el_class=\u00a0\u00bblarge-heading\u00a0\u00bb]<div class=\"ult-spacer spacer-69ec7ffcdda0f\" data-id=\"69ec7ffcdda0f\" data-height=\"10\" data-height-mobile=\"10\" data-height-tab=\"10\" data-height-tab-portrait=\"\" data-height-mobile-landscape=\"\" style=\"clear:both;display:block;\"><\/div>[vc_column_text css_animation=\u00a0\u00bbfadeInUp\u00a0\u00bb el_class=\u00a0\u00bbhas-columns uk-text-justify\u00a0\u00bb css=\u00a0\u00bb.vc_custom_1613554019425{padding-right: 20px !important;padding-left: 20px !important;}\u00a0\u00bb]L\u2019\u00e9quipe de direction de l\u2019H\u00f4tel adopte des pratiques responsables en mati\u00e8re d\u2019environnement, d\u00e9montrant que l\u2019hospitalit\u00e9 peut \u00eatre enrichissante et gratifiante, sans pour autant compromettre le confort d\u2019un s\u00e9jour en h\u00f4tel v\u00e9ritablement unique. Le Kassandra Palace s\u2019efforce constamment d&rsquo;assurer la protection de l\u2019environnement, mettant en \u0153uvre des m\u00e9thodes et des pratiques visant \u00e0 \u00e9conomiser l\u2019\u00e9nergie et les ressources naturelles.<br \/>\nLe Kassandra Palace est titulaire du label Clef Verte pour la gestion environnementale. En outre, notre h\u00f4tel communique et promeut l\u2019id\u00e9e de la gestion environnementale aupr\u00e8s de ses h\u00f4tes afin de les inciter \u00e0 adopter des pratiques et des m\u00e9thodes similaires, aussi bien durant leur s\u00e9jour que dans leur vie quotidienne.[\/vc_column_text]\t\t<\/div><\/div>[\/vc_column][\/vc_row][vc_row disable_element=\u00a0\u00bbyes\u00a0\u00bb el_class=\u00a0\u00bbtop-bottom-padding boxed\u00a0\u00bb][vc_column][vc_row_inner equal_height=\u00a0\u00bbyes\u00a0\u00bb content_placement=\u00a0\u00bbmiddle\u00a0\u00bb gap=\u00a0\u00bb15&Prime;][vc_column_inner offset=\u00a0\u00bbvc_col-lg-6&Prime;][vc_single_image image=\u00a0\u00bb448&Prime; img_size=\u00a0\u00bb480&#215;478&Prime; alignment=\u00a0\u00bbcenter\u00a0\u00bb][\/vc_column_inner][vc_column_inner offset=\u00a0\u00bbvc_col-lg-6&Prime;][vc_custom_heading text=\u00a0\u00bbGreen Policy\u00a0\u00bb font_container=\u00a0\u00bbtag:h1|text_align:left|color:%23c1be30&Prime; google_fonts=\u00a0\u00bbfont_family:Arimo%3Aregular%2Citalic%2C700%2C700italic|font_style:400%20regular%3A400%3Anormal\u00a0\u00bb css_animation=\u00a0\u00bbfadeInUp\u00a0\u00bb el_class=\u00a0\u00bbuppercase\u00a0\u00bb][vc_column_text]Lorem ipsum dolor sit amet, consectetur adipiscing elit. Nunc eleifend arcu vel dictum molestie. Sed tristique mi et odio lacinia efficitur. Vestibulum vel ipsum ac lorem efficitur malesuada. Nullam in sagittis arcu. Cras sed dui at massa aliquam placerat non vel odio. Quisque commodo leo arcu, vitae vulputate felis ornare malesuada.<br \/>\nMauris consequat sem in fringilla volutpat. Nullam commodo suscipit quam sit amet hendrerit. Donec a enim augue. Donec accumsan nulla ac placerat condimentum. [\/vc_column_text][\/vc_column_inner][\/vc_row_inner][\/vc_column][\/vc_row][vc_row full_width=\u00a0\u00bbstretch_row_content_no_spaces\u00a0\u00bb][vc_column][vc_row_inner el_class=\u00a0\u00bbboxed\u00a0\u00bb][vc_column_inner]<div class=\"ult-content-box-container content-box-padded\" >\t\t<div class=\"ult-content-box\" style=\"box-shadow: px px px px none;-webkit-transition: all 700ms ease;-moz-transition: all 700ms ease;-ms-transition: all 700ms ease;-o-transition: all 700ms ease;transition: all 700ms ease;\"  data-hover_box_shadow=\"none\"    >[vc_custom_heading text=\u00a0\u00bbNOS JARDINS\u00a0\u00bb font_container=\u00a0\u00bbtag:h1|text_align:center|color:%23000000&Prime; google_fonts=\u00a0\u00bbfont_family:Arimo%3Aregular%2Citalic%2C700%2C700italic|font_style:400%20regular%3A400%3Anormal\u00a0\u00bb css_animation=\u00a0\u00bbfadeInUp\u00a0\u00bb el_class=\u00a0\u00bbsmall-heading\u00a0\u00bb][vc_custom_heading text=\u00a0\u00bbSitu\u00e9 dans un domaine de 70 000 m2 de jardins luxuriants, le Kassandra Palace offre un cadre unique pour des vacances pr\u00e8s de la nature.\u00a0\u00bb font_container=\u00a0\u00bbtag:h2|font_size:2.5rem|text_align:center|color:%233d616f\u00a0\u00bb google_fonts=\u00a0\u00bbfont_family:Roboto%20Slab%3A100%2C300%2Cregular%2C700|font_style:400%20regular%3A400%3Anormal\u00a0\u00bb css_animation=\u00a0\u00bbfadeInUp\u00a0\u00bb el_class=\u00a0\u00bblarge-heading\u00a0\u00bb]\t\t<\/div><\/div>[\/vc_column_inner][\/vc_row_inner][vc_column_text][\/vc_column_text][\/vc_column][\/vc_row]<\/p>\n<\/div>","protected":false},"excerpt":{"rendered":"[vc_row el_class=\u00a0\u00bbtop-bottom-padding boxed\u00a0\u00bb css=\u00a0\u00bb.vc_custom_1542625285404{padding-right: 5% !important;padding-left: 5% !important;}\u00a0\u00bb][vc_column][vc_row_inner equal_height=\u00a0\u00bbyes\u00a0\u00bb gap=\u00a0\u00bb30&Prime;][vc_column_inner width=\u00a0\u00bb1\/2&Prime;][vc_custom_heading text=\u00a0\u00bbLe Kassandra Palace Seaside Resort est un h\u00f4tel familial offrant un large \u00e9ventail d&rsquo;options d&rsquo;h\u00e9bergement, en chambres ou en suites, dans le d\u00e9cor paisible de nos magnifiques jardins, pour faire de votre s\u00e9jour en Chalcidique une exp\u00e9rience de vacances inoubliable.\u00a0\u00bb font_container=\u00a0\u00bbtag:h2|font_size:2.5rem|text_align:left|color:%233d616f\u00a0\u00bb google_fonts=\u00a0\u00bbfont_family:Roboto%20Slab%3A100%2C300%2Cregular%2C700|font_style:400%20regular%3A400%3Anormal\u00a0\u00bb css_animation=\u00a0\u00bbfadeInUp\u00a0\u00bb el_class=\u00a0\u00bblarge-heading\u00a0\u00bb&#8230; <a class=\"view-article\" href=\"https:\/\/kassandra-palace.com\/fr\/the-hotel\/\">Voir l&rsquo;article<\/a>","protected":false},"author":1,"featured_media":0,"parent":0,"menu_order":0,"comment_status":"closed","ping_status":"closed","template":"","meta":{"_acf_changed":false,"footnotes":""},"class_list":["post-3011","page","type-page","status-publish","hentry"],"acf":[],"yoast_head":"<!-- This site is optimized with the Yoast SEO plugin v25.9 - https:\/\/yoast.com\/wordpress\/plugins\/seo\/ -->\n<title>About the resort | Kassandra Palace<\/title>\n<meta name=\"description\" content=\"Regarded as one of the best resorts in Halkidiki Greece, the Kassandra Palace 5-star hotel is comprised of a main building and many bungalows featuring a variety of elegantly appointed rooms and suites, 2 restaurants, 2 bars, a spa &amp; wellness center, 3 communal pools, a mini club and a great range of leisure options, sports activities and cultural events lifting summer holidays in Halkidiki to new heights.\" \/>\n<meta name=\"robots\" content=\"index, follow, max-snippet:-1, max-image-preview:large, max-video-preview:-1\" \/>\n<link rel=\"canonical\" href=\"https:\/\/kassandra-palace.com\/fr\/the-hotel\/\" \/>\n<meta property=\"og:locale\" content=\"fr_FR\" \/>\n<meta property=\"og:type\" content=\"article\" \/>\n<meta property=\"og:title\" content=\"About the resort | Kassandra Palace\" \/>\n<meta property=\"og:description\" content=\"Regarded as one of the best resorts in Halkidiki Greece, the Kassandra Palace 5-star hotel is comprised of a main building and many bungalows featuring a variety of elegantly appointed rooms and suites, 2 restaurants, 2 bars, a spa &amp; wellness center, 3 communal pools, a mini club and a great range of leisure options, sports activities and cultural events lifting summer holidays in Halkidiki to new heights.\" \/>\n<meta property=\"og:url\" content=\"https:\/\/kassandra-palace.com\/fr\/the-hotel\/\" \/>\n<meta property=\"og:site_name\" content=\"Kassandra Palace\" \/>\n<meta property=\"article:modified_time\" content=\"2023-01-18T11:29:08+00:00\" \/>\n<meta name=\"twitter:card\" content=\"summary_large_image\" \/>\n<meta name=\"twitter:label1\" content=\"Dur\u00e9e de lecture estim\u00e9e\" \/>\n\t<meta name=\"twitter:data1\" content=\"8 minutes\" \/>\n<script type=\"application\/ld+json\" class=\"yoast-schema-graph\">{\"@context\":\"https:\/\/schema.org\",\"@graph\":[{\"@type\":\"WebPage\",\"@id\":\"https:\/\/kassandra-palace.com\/fr\/the-hotel\/\",\"url\":\"https:\/\/kassandra-palace.com\/fr\/the-hotel\/\",\"name\":\"About the resort | Kassandra Palace\",\"isPartOf\":{\"@id\":\"https:\/\/kassandra-palace.com\/#website\"},\"datePublished\":\"2018-11-21T08:51:26+00:00\",\"dateModified\":\"2023-01-18T11:29:08+00:00\",\"description\":\"Regarded as one of the best resorts in Halkidiki Greece, the Kassandra Palace 5-star hotel is comprised of a main building and many bungalows featuring a variety of elegantly appointed rooms and suites, 2 restaurants, 2 bars, a spa & wellness center, 3 communal pools, a mini club and a great range of leisure options, sports activities and cultural events lifting summer holidays in Halkidiki to new heights.\",\"breadcrumb\":{\"@id\":\"https:\/\/kassandra-palace.com\/fr\/the-hotel\/#breadcrumb\"},\"inLanguage\":\"fr-FR\",\"potentialAction\":[{\"@type\":\"ReadAction\",\"target\":[\"https:\/\/kassandra-palace.com\/fr\/the-hotel\/\"]}]},{\"@type\":\"BreadcrumbList\",\"@id\":\"https:\/\/kassandra-palace.com\/fr\/the-hotel\/#breadcrumb\",\"itemListElement\":[{\"@type\":\"ListItem\",\"position\":1,\"name\":\"Home\",\"item\":\"https:\/\/kassandra-palace.com\/fr\/\"},{\"@type\":\"ListItem\",\"position\":2,\"name\":\"L\u2019H\u00f4tel\"}]},{\"@type\":\"WebSite\",\"@id\":\"https:\/\/kassandra-palace.com\/#website\",\"url\":\"https:\/\/kassandra-palace.com\/\",\"name\":\"Kassandra Palace\",\"description\":\"\",\"potentialAction\":[{\"@type\":\"SearchAction\",\"target\":{\"@type\":\"EntryPoint\",\"urlTemplate\":\"https:\/\/kassandra-palace.com\/?s={search_term_string}\"},\"query-input\":{\"@type\":\"PropertyValueSpecification\",\"valueRequired\":true,\"valueName\":\"search_term_string\"}}],\"inLanguage\":\"fr-FR\"}]}<\/script>\n<!-- \/ Yoast SEO plugin. -->","yoast_head_json":{"title":"About the resort | Kassandra Palace","description":"Regarded as one of the best resorts in Halkidiki Greece, the Kassandra Palace 5-star hotel is comprised of a main building and many bungalows featuring a variety of elegantly appointed rooms and suites, 2 restaurants, 2 bars, a spa & wellness center, 3 communal pools, a mini club and a great range of leisure options, sports activities and cultural events lifting summer holidays in Halkidiki to new heights.","robots":{"index":"index","follow":"follow","max-snippet":"max-snippet:-1","max-image-preview":"max-image-preview:large","max-video-preview":"max-video-preview:-1"},"canonical":"https:\/\/kassandra-palace.com\/fr\/the-hotel\/","og_locale":"fr_FR","og_type":"article","og_title":"About the resort | Kassandra Palace","og_description":"Regarded as one of the best resorts in Halkidiki Greece, the Kassandra Palace 5-star hotel is comprised of a main building and many bungalows featuring a variety of elegantly appointed rooms and suites, 2 restaurants, 2 bars, a spa & wellness center, 3 communal pools, a mini club and a great range of leisure options, sports activities and cultural events lifting summer holidays in Halkidiki to new heights.","og_url":"https:\/\/kassandra-palace.com\/fr\/the-hotel\/","og_site_name":"Kassandra Palace","article_modified_time":"2023-01-18T11:29:08+00:00","twitter_card":"summary_large_image","twitter_misc":{"Dur\u00e9e de lecture estim\u00e9e":"8 minutes"},"schema":{"@context":"https:\/\/schema.org","@graph":[{"@type":"WebPage","@id":"https:\/\/kassandra-palace.com\/fr\/the-hotel\/","url":"https:\/\/kassandra-palace.com\/fr\/the-hotel\/","name":"About the resort | Kassandra Palace","isPartOf":{"@id":"https:\/\/kassandra-palace.com\/#website"},"datePublished":"2018-11-21T08:51:26+00:00","dateModified":"2023-01-18T11:29:08+00:00","description":"Regarded as one of the best resorts in Halkidiki Greece, the Kassandra Palace 5-star hotel is comprised of a main building and many bungalows featuring a variety of elegantly appointed rooms and suites, 2 restaurants, 2 bars, a spa & wellness center, 3 communal pools, a mini club and a great range of leisure options, sports activities and cultural events lifting summer holidays in Halkidiki to new heights.","breadcrumb":{"@id":"https:\/\/kassandra-palace.com\/fr\/the-hotel\/#breadcrumb"},"inLanguage":"fr-FR","potentialAction":[{"@type":"ReadAction","target":["https:\/\/kassandra-palace.com\/fr\/the-hotel\/"]}]},{"@type":"BreadcrumbList","@id":"https:\/\/kassandra-palace.com\/fr\/the-hotel\/#breadcrumb","itemListElement":[{"@type":"ListItem","position":1,"name":"Home","item":"https:\/\/kassandra-palace.com\/fr\/"},{"@type":"ListItem","position":2,"name":"L\u2019H\u00f4tel"}]},{"@type":"WebSite","@id":"https:\/\/kassandra-palace.com\/#website","url":"https:\/\/kassandra-palace.com\/","name":"Kassandra Palace","description":"","potentialAction":[{"@type":"SearchAction","target":{"@type":"EntryPoint","urlTemplate":"https:\/\/kassandra-palace.com\/?s={search_term_string}"},"query-input":{"@type":"PropertyValueSpecification","valueRequired":true,"valueName":"search_term_string"}}],"inLanguage":"fr-FR"}]}},"post_mailing_queue_ids":[],"_links":{"self":[{"href":"https:\/\/kassandra-palace.com\/fr\/wp-json\/wp\/v2\/pages\/3011","targetHints":{"allow":["GET"]}}],"collection":[{"href":"https:\/\/kassandra-palace.com\/fr\/wp-json\/wp\/v2\/pages"}],"about":[{"href":"https:\/\/kassandra-palace.com\/fr\/wp-json\/wp\/v2\/types\/page"}],"author":[{"embeddable":true,"href":"https:\/\/kassandra-palace.com\/fr\/wp-json\/wp\/v2\/users\/1"}],"replies":[{"embeddable":true,"href":"https:\/\/kassandra-palace.com\/fr\/wp-json\/wp\/v2\/comments?post=3011"}],"version-history":[{"count":0,"href":"https:\/\/kassandra-palace.com\/fr\/wp-json\/wp\/v2\/pages\/3011\/revisions"}],"wp:attachment":[{"href":"https:\/\/kassandra-palace.com\/fr\/wp-json\/wp\/v2\/media?parent=3011"}],"curies":[{"name":"wp","href":"https:\/\/api.w.org\/{rel}","templated":true}]}}