{"id":5387,"date":"2022-05-20T09:59:58","date_gmt":"2022-05-20T07:59:58","guid":{"rendered":"https:\/\/kassandra-palace.com\/essen\/ninemia-brunch-restaurant\/"},"modified":"2025-06-23T13:32:40","modified_gmt":"2025-06-23T11:32:40","slug":"ninemia-brunch-restaurant","status":"publish","type":"page","link":"https:\/\/kassandra-palace.com\/de\/essen\/ninemia-brunch-restaurant\/","title":{"rendered":"Ninemia Brunch Restaurant"},"content":{"rendered":"<div class=\"wpb-content-wrapper\"><p>[vc_row el_class=&#8220;top-bottom-padding boxed&#8220; css=&#8220;.vc_custom_1543309314172{padding-right: 5% !important;padding-bottom: 30px !important;padding-left: 5% !important;}&#8220;][vc_column]<div class=\"ult-content-box-container \" >\t\t<div class=\"ult-content-box\" style=\"box-shadow: px px px px none;-webkit-transition: all 700ms ease;-moz-transition: all 700ms ease;-ms-transition: all 700ms ease;-o-transition: all 700ms ease;transition: all 700ms ease;\"  data-hover_box_shadow=\"none\"    >[vc_custom_heading text=&#8220;Ninemia Brunch Restaurant&#8220; font_container=&#8220;tag:h1|text_align:left|color:%23000000&#8243; google_fonts=&#8220;font_family:Arimo%3Aregular%2Citalic%2C700%2C700italic|font_style:400%20regular%3A400%3Anormal&#8220; css_animation=&#8220;fadeInUp&#8220; el_class=&#8220;small-heading line-left no-line&#8220;]\t\t<\/div><\/div>[vc_row_inner equal_height=&#8220;yes&#8220; gap=&#8220;30&#8243;][vc_column_inner width=&#8220;1\/2&#8243;][vc_custom_heading text=&#8220;Eine gro\u00dfe Terrasse mit atemberaubendem panoramischem Blick auf das Meer.&#8220; font_container=&#8220;tag:h2|font_size:2.5rem|text_align:left|color:%233d616f&#8220; google_fonts=&#8220;font_family:Roboto%20Slab%3A100%2C300%2Cregular%2C700|font_style:400%20regular%3A400%3Anormal&#8220; css_animation=&#8220;fadeInUp&#8220; el_class=&#8220;large-heading&#8220; css=&#8220;.vc_custom_1653039659493{margin-top: 0px !important;}&#8220;][\/vc_column_inner][vc_column_inner width=&#8220;1\/2&#8243;][vc_column_text css_animation=&#8220;fadeInUp&#8220;]<i data-stringify-type=\"italic\">Direkt am Strand und neben der Ninemia Beach Bar finden Sie hier das ultimative Brunch-Restaurant f\u00fcr den ganzen Tag, das ein k\u00f6stliches Men\u00fc bietet, das selbst den anspruchsvollsten Gaumen zufrieden stellt. Au\u00dfergew\u00f6hnliche und komfortable Aromen, inspiriert von verschiedenen Teilen der Welt und Griechenland, werden in seinen schmackhaften Gerichten kombiniert, die aus den reinsten, saisonal ausgew\u00e4hlten Zutaten zubereitet werden.<\/i>[\/vc_column_text][\/vc_column_inner][\/vc_row_inner][\/vc_column][\/vc_row][vc_row full_width=&#8220;stretch_row&#8220; gap=&#8220;10&#8243; el_class=&#8220;top-bottom-padding&#8220; css=&#8220;.vc_custom_1543574897749{padding-top: 0px !important;}&#8220;][vc_column css_animation=&#8220;fadeInLeft&#8220; offset=&#8220;vc_col-lg-6&#8243;][vc_column_text css=&#8220;.vc_custom_1653034919038{margin-bottom: 0px !important;}&#8220;][\/vc_column_text][\/vc_column][vc_column offset=&#8220;vc_col-lg-6&#8243;]<div class=\"ult-content-box-container inner-block bg-color1\" >\t\t<div class=\"ult-content-box\" style=\"box-shadow: px px px px none;margin-right:0px;-webkit-transition: all 700ms ease;-moz-transition: all 700ms ease;-ms-transition: all 700ms ease;-o-transition: all 700ms ease;transition: all 700ms ease;\"  data-hover_box_shadow=\"none\"    data-normal_margins=\"margin-right:0px;\"  >[vc_custom_heading text=&#8220;Informationen&#8220; font_container=&#8220;tag:h1|text_align:left|color:%23000000&#8243; google_fonts=&#8220;font_family:Arimo%3Aregular%2Citalic%2C700%2C700italic|font_style:400%20regular%3A400%3Anormal&#8220; css_animation=&#8220;fadeInUp&#8220; el_class=&#8220;small-heading no-line&#8220;][vc_custom_heading text=&#8220;Bewirtung am Strand&#8220; font_container=&#8220;tag:h2|text_align:left|color:%23998b83&#8243; google_fonts=&#8220;font_family:Roboto%20Slab%3A100%2C300%2Cregular%2C700|font_style:400%20regular%3A400%3Anormal&#8220;][vc_column_text]<\/p>\n<div class=\"spa-info-wrapper\">\n<div><span class=\"info-title\">Zeiten:<\/span> 11:00 \u2013 17:00 hrs<\/div>\n<div><span class=\"info-title\">Bewirtung:<\/span> Brunch &amp; Beverages<\/div>\n<div><span class=\"info-title\">Lage:<\/span> Ninemia Brunch Restaurant<\/div>\n<div><span class=\"info-title\">Kleidung:<\/span> Casual clothing or beachwear<\/div>\n<\/div>\n<p>[\/vc_column_text]\t\t<\/div><\/div>[\/vc_column][\/vc_row][vc_row full_width=&#8220;stretch_row&#8220; gap=&#8220;10&#8243; equal_height=&#8220;yes&#8220; disable_element=&#8220;yes&#8220; css=&#8220;.vc_custom_1543575913885{margin-bottom: 50px !important;padding-bottom: 25px !important;}&#8220;][vc_column css_animation=&#8220;fadeInLeft&#8220; offset=&#8220;vc_col-lg-6&#8243;][vc_column_text css=&#8220;.vc_custom_1543397197665{margin-bottom: 0px !important;}&#8220;][\/vc_column_text][\/vc_column][vc_column el_class=&#8220;spa-menu-container&#8220; offset=&#8220;vc_col-lg-6&#8243; css=&#8220;.vc_custom_1543308720776{background-color: #f4f2ec !important;}&#8220;]<div class=\"ult-content-box-container spa-menu spa-info\" >\t\t<div class=\"ult-content-box\" style=\"box-shadow: px px px px none;border-style:none;border-width:1px;border-color:#dbae1d;padding-right:20px;padding-left:20px;-webkit-transition: all 700ms ease;-moz-transition: all 700ms ease;-ms-transition: all 700ms ease;-o-transition: all 700ms ease;transition: all 700ms ease;\"  data-hover_box_shadow=\"none\"     data-border_color=\"#dbae1d\" >[vc_custom_heading text=&#8220;Information&#8220; font_container=&#8220;tag:h1|text_align:left|color:%23000000&#8243; google_fonts=&#8220;font_family:Arimo%3Aregular%2Citalic%2C700%2C700italic|font_style:400%20regular%3A400%3Anormal&#8220; css_animation=&#8220;fadeInUp&#8220; el_class=&#8220;small-heading no-line&#8220;][vc_column_text]<\/p>\n<div class=\"spa-info-wrapper\">\n<div><span class=\"info-title\">Hours :<\/span> 10.00 &#8211; 20.00 hrs<\/div>\n<div><span class=\"info-title\">Cuisine :<\/span> Greek<\/div>\n<div><span class=\"info-title\">Lorem ipsum :<\/span> Dolor sit amet.<\/div>\n<div><span class=\"info-title\">Location :<\/span> Someplace<\/div>\n<div><span class=\"info-title\">Attire :<\/span> Casual clothing<\/div>\n<\/div>\n<p>[\/vc_column_text]\t\t<\/div><\/div>[\/vc_column][\/vc_row][vc_row full_width=&#8220;stretch_row&#8220; css_animation=&#8220;fadeIn&#8220; disable_element=&#8220;yes&#8220; css=&#8220;.vc_custom_1543758616361{padding-top: 50px !important;padding-bottom: 50px !important;}&#8220; el_id=&#8220;offer-slider&#8220; el_class=&#8220;bg-color1&#8243;][vc_column css=&#8220;.vc_custom_1542633282134{padding-left: 0px !important;}&#8220;][vc_column_text]<div class='owl-carousel offer-slider'><div>\n\n<div class=\"offer-slide-overview-wrapper uk-width-1-1\">\n\n  <div class=\"uk-grid uk-grid-match uk-flex-middle uk-grid-small\">\n\n  <div class=\"uk-width-1-1 uk-width-1-3@m uk-first-column\">\n\n    <div class=\"content-wrapper\">\n\n      <h1 class=\"title small-heading\"> One Bedroom Suite Offer <\/h1>\n            <p class=\"content\"> Book your next holiday at our Newly Renovated Suites and save up to 20% off accommodation rates <\/p>\n\n      <div style=\"margin-top: 30px;\">\n                        <div class='simple-button-wrapper align-center'><a class='simple-button' href='https:\/\/kassandra-palace.com\/de\/offer\/one-bedroom-suite-offer\/' target='_self'><span class='text'>Read More<\/span><\/a><\/div>      <\/div>\n\n    <\/div>\n\n    <!-- <div class=\"nav-wrapper\"><\/div> -->\n  <\/div>\n\n  <div class=\"bg-wrapper uk-visible@m uk-width-1-1 uk-width-2-3@m\">\n    <!-- <div class=\"bg\" style=\"background-image:url(https:\/\/kassandra-palace.com\/wp-content\/uploads\/2025\/03\/L1841570.jpg)\"><\/div> -->\n    <div class=\"bg lazy-ld\" data-bg=\"url(https:\/\/kassandra-palace.com\/wp-content\/uploads\/2025\/03\/L1841570.jpg)\" ><\/div>\n  <\/div>\n\n<\/div>\n\n<\/div>\n<\/div><div>\n\n<div class=\"offer-slide-overview-wrapper uk-width-1-1\">\n\n  <div class=\"uk-grid uk-grid-match uk-flex-middle uk-grid-small\">\n\n  <div class=\"uk-width-1-1 uk-width-1-3@m uk-first-column\">\n\n    <div class=\"content-wrapper\">\n\n      <h1 class=\"title small-heading\"> Free Transfer To the Hotel (min stay 7) <\/h1>\n            <p class=\"content\"> Book online a stay of 7 nights or more with us direct and benefit from free shuttle transfers from and to the international airport of Thessaloniki (SKG). Alternatively,you can reserve with us a round trip airport private taxi transfer at the price of \u20ac200 (for up to 2 adults + 2 kids) Minimum stay requirement:\u00a07... <a class=\"view-article\" href=\"https:\/\/kassandra-palace.com\/de\/offer\/free-transfer-to-the-hotel-min-stay-7\/\">Artikel ansehen<\/a> <\/p>\n\n      <div style=\"margin-top: 30px;\">\n                        <div class='simple-button-wrapper align-center'><a class='simple-button' href='https:\/\/kassandra-palace.com\/de\/offer\/free-transfer-to-the-hotel-min-stay-7\/' target='_self'><span class='text'>Read More<\/span><\/a><\/div>      <\/div>\n\n    <\/div>\n\n    <!-- <div class=\"nav-wrapper\"><\/div> -->\n  <\/div>\n\n  <div class=\"bg-wrapper uk-visible@m uk-width-1-1 uk-width-2-3@m\">\n    <!-- <div class=\"bg\" style=\"background-image:url(https:\/\/kassandra-palace.com\/wp-content\/uploads\/2018\/11\/grand-suite-banner.jpg)\"><\/div> -->\n    <div class=\"bg lazy-ld\" data-bg=\"url(https:\/\/kassandra-palace.com\/wp-content\/uploads\/2018\/11\/grand-suite-banner.jpg)\" ><\/div>\n  <\/div>\n\n<\/div>\n\n<\/div>\n<\/div><div>\n\n<div class=\"offer-slide-overview-wrapper uk-width-1-1\">\n\n  <div class=\"uk-grid uk-grid-match uk-flex-middle uk-grid-small\">\n\n  <div class=\"uk-width-1-1 uk-width-1-3@m uk-first-column\">\n\n    <div class=\"content-wrapper\">\n\n      <h1 class=\"title small-heading\"> Free Transfer To the Hotel (min stay 5) <\/h1>\n              <span class=\"subtitle\"> Up to 20% off <\/span>\n            <p class=\"content\"> Book online a stay of 5 nights or more in a Suite with us direct and benefit from free shuttle transfers from and to the international airport of Thessaloniki (SKG). Alternatively, you can reserve with us a round trip airport private taxi transfer at the price of \u20ac200 (for up to 2 adults + 2... <a class=\"view-article\" href=\"https:\/\/kassandra-palace.com\/de\/offer\/free-transfer-to-the-hotel-min-stay-5\/\">Artikel ansehen<\/a> <\/p>\n\n      <div style=\"margin-top: 30px;\">\n                        <div class='simple-button-wrapper align-center'><a class='simple-button' href='https:\/\/kassandra-palace.com\/de\/offer\/free-transfer-to-the-hotel-min-stay-5\/' target='_self'><span class='text'>Read More<\/span><\/a><\/div>      <\/div>\n\n    <\/div>\n\n    <!-- <div class=\"nav-wrapper\"><\/div> -->\n  <\/div>\n\n  <div class=\"bg-wrapper uk-visible@m uk-width-1-1 uk-width-2-3@m\">\n    <!-- <div class=\"bg\" style=\"background-image:url(https:\/\/kassandra-palace.com\/wp-content\/uploads\/2018\/11\/grand-suite-banner.jpg)\"><\/div> -->\n    <div class=\"bg lazy-ld\" data-bg=\"url(https:\/\/kassandra-palace.com\/wp-content\/uploads\/2018\/11\/grand-suite-banner.jpg)\" ><\/div>\n  <\/div>\n\n<\/div>\n\n<\/div>\n<\/div><\/div><div class=\"offer-slider-nav-wrapper\"><\/div>[\/vc_column_text][\/vc_column][\/vc_row][vc_row el_class=&#8220;top-bottom-padding boxed&#8220;][vc_column]<div class=\"ult-content-box-container \" >\t\t<div class=\"ult-content-box\" style=\"box-shadow: px px px px none;-webkit-transition: all 700ms ease;-moz-transition: all 700ms ease;-ms-transition: all 700ms ease;-o-transition: all 700ms ease;transition: all 700ms ease;\"  data-hover_box_shadow=\"none\"    >[vc_custom_heading text=&#8220;RESTAURANTS &amp; BARS&#8220; font_container=&#8220;tag:h1|text_align:center|color:%23000000&#8243; google_fonts=&#8220;font_family:Arimo%3Aregular%2Citalic%2C700%2C700italic|font_style:400%20regular%3A400%3Anormal&#8220; css_animation=&#8220;fadeInUp&#8220; el_class=&#8220;small-heading&#8220;]<div class=\"ult-spacer spacer-69e7a7ef0845f\" data-id=\"69e7a7ef0845f\" data-height=\"10\" data-height-mobile=\"10\" data-height-tab=\"10\" data-height-tab-portrait=\"\" data-height-mobile-landscape=\"\" style=\"clear:both;display:block;\"><\/div>\t\t<\/div><\/div>[vc_row_inner css=&#8220;.vc_custom_1543336126862{padding-right: 0px !important;padding-left: 0px !important;}&#8220;][vc_column_inner width=&#8220;1\/3&#8243;]<div tabindex=\"0\" class=\"ult-new-ib ult-ib-effect-style9  ult-ib-resp ult-ib2-min-height \" data-min-width=\"768\" data-max-width=\"900\" style=\" opacity:0; \" data-opacity=\"1\" data-hover-opacity=\"1\"  data-min-height=\"400\" ><img decoding=\"async\" class=\"ult-new-ib-img\" style=\"opacity:1;\" alt=\"null\" src=\"https:\/\/kassandra-palace.com\/wp-content\/uploads\/2018\/11\/main-restaurant-18.jpg\"  data-min-height=\"400\"   \/><div id=\"interactive-banner-wrap-5783\" class=\"ult-new-ib-desc\" style=\"\"><h2 class=\"ult-new-ib-title ult-responsive\"  data-ultimate-target='#interactive-banner-wrap-5783 .ult-new-ib-title'  data-responsive-json-new='{\"font-size\":\"desktop:25px;\",\"line-height\":\"\"}'  style=\"font-family:&#039;Roboto Slab&#039;;font-weight:normal;\">Main Restaurant<\/h2><div class=\"ult-new-ib-content ult-responsive\"  data-ultimate-target='#interactive-banner-wrap-5783 .ult-new-ib-content'  data-responsive-json-new='{\"font-size\":\"desktop:15px;\",\"line-height\":\"\"}'  style=\"font-weight:normal;\"><p>Buffet Restaurant<\/p><\/div><\/div><a class=\"ult-new-ib-link\" href=\"http:\/\/kassandra-palace.com\/dining\/main-restaurant\/\"  ><\/a><\/div>[\/vc_column_inner][vc_column_inner width=&#8220;1\/3&#8243;]<div tabindex=\"0\" class=\"ult-new-ib ult-ib-effect-style9  ult-ib-resp ult-ib2-min-height \" data-min-width=\"768\" data-max-width=\"900\" style=\" opacity:0; \" data-opacity=\"1\" data-hover-opacity=\"1\"  data-min-height=\"400\" ><img decoding=\"async\" class=\"ult-new-ib-img\" style=\"opacity:1;\" alt=\"null\" src=\"https:\/\/kassandra-palace.com\/wp-content\/uploads\/2021\/07\/DSC_7577-Edit.jpg\"  data-min-height=\"400\"   \/><div id=\"interactive-banner-wrap-6907\" class=\"ult-new-ib-desc\" style=\"\"><h2 class=\"ult-new-ib-title ult-responsive\"  data-ultimate-target='#interactive-banner-wrap-6907 .ult-new-ib-title'  data-responsive-json-new='{\"font-size\":\"desktop:25px;\",\"line-height\":\"\"}'  style=\"font-family:&#039;Roboto Slab&#039;;font-weight:normal;\">Palm Lobby Bar<\/h2><div class=\"ult-new-ib-content ult-responsive\"  data-ultimate-target='#interactive-banner-wrap-6907 .ult-new-ib-content'  data-responsive-json-new='{\"font-size\":\"desktop:15px;\",\"line-height\":\"\"}'  style=\"font-weight:normal;\"><p>Lobby Lounge<\/p><\/div><\/div><a class=\"ult-new-ib-link\" href=\"https:\/\/kassandra-palace.com\/dining\/palm-lobby-bar\/\"  ><\/a><\/div>[\/vc_column_inner][vc_column_inner width=&#8220;1\/3&#8243;]<div tabindex=\"0\" class=\"ult-new-ib ult-ib-effect-style9  ult-ib-resp ult-ib2-min-height \" data-min-width=\"768\" data-max-width=\"900\" style=\" opacity:0; \" data-opacity=\"1\" data-hover-opacity=\"1\"  data-min-height=\"400\" ><img decoding=\"async\" class=\"ult-new-ib-img\" style=\"opacity:1;\" alt=\"null\" src=\"https:\/\/kassandra-palace.com\/wp-content\/uploads\/2018\/10\/DSC_7009.jpg\"  data-min-height=\"400\"   \/><div id=\"interactive-banner-wrap-5686\" class=\"ult-new-ib-desc\" style=\"\"><h2 class=\"ult-new-ib-title ult-responsive\"  data-ultimate-target='#interactive-banner-wrap-5686 .ult-new-ib-title'  data-responsive-json-new='{\"font-size\":\"desktop:25px;\",\"line-height\":\"\"}'  style=\"font-family:&#039;Roboto Slab&#039;;font-weight:normal;\">Ninemia Beach Bar<\/h2><div class=\"ult-new-ib-content ult-responsive\"  data-ultimate-target='#interactive-banner-wrap-5686 .ult-new-ib-content'  data-responsive-json-new='{\"font-size\":\"desktop:15px;\",\"line-height\":\"\"}'  style=\"font-weight:normal;\"><p>Cocktail Bar by the beach<\/p><\/div><\/div><a class=\"ult-new-ib-link\" href=\"https:\/\/kassandra-palace.com\/dining\/ninemia-beach-bar\/\"  ><\/a><\/div>[\/vc_column_inner][\/vc_row_inner][\/vc_column][\/vc_row]<\/p>\n<\/div>","protected":false},"excerpt":{"rendered":"[vc_row el_class=&#8220;top-bottom-padding boxed&#8220; css=&#8220;.vc_custom_1543309314172{padding-right: 5% !important;padding-bottom: 30px !important;padding-left: 5% !important;}&#8220;][vc_column][vc_row_inner equal_height=&#8220;yes&#8220; gap=&#8220;30&#8243;][vc_column_inner width=&#8220;1\/2&#8243;][vc_custom_heading text=&#8220;Eine gro\u00dfe Terrasse mit atemberaubendem panoramischem Blick auf das Meer.&#8220; font_container=&#8220;tag:h2|font_size:2.5rem|text_align:left|color:%233d616f&#8220; google_fonts=&#8220;font_family:Roboto%20Slab%3A100%2C300%2Cregular%2C700|font_style:400%20regular%3A400%3Anormal&#8220; css_animation=&#8220;fadeInUp&#8220; el_class=&#8220;large-heading&#8220; css=&#8220;.vc_custom_1653039659493{margin-top: 0px !important;}&#8220;][\/vc_column_inner][vc_column_inner width=&#8220;1\/2&#8243;][vc_column_text css_animation=&#8220;fadeInUp&#8220;]Direkt am Strand und neben der Ninemia Beach Bar finden Sie hier das ultimative Brunch-Restaurant f\u00fcr den ganzen Tag, das ein k\u00f6stliches Men\u00fc bietet,&#8230; <a class=\"view-article\" href=\"https:\/\/kassandra-palace.com\/de\/offer\/free-transfer-to-the-hotel-min-stay-5\/\">Artikel ansehen<\/a>","protected":false},"author":1,"featured_media":0,"parent":2373,"menu_order":0,"comment_status":"closed","ping_status":"closed","template":"","meta":{"_acf_changed":false,"footnotes":""},"class_list":["post-5387","page","type-page","status-publish","hentry"],"acf":[],"yoast_head":"<!-- This site is optimized with the Yoast SEO plugin v25.9 - https:\/\/yoast.com\/wordpress\/plugins\/seo\/ -->\n<title>Ninemia Brunch Restaurant | Kassandra Palace<\/title>\n<meta name=\"description\" content=\"Right on the beach and next to Ninemia Beach Bar, this is where you will find the ultimate all day brunch restaurant, offering a mouthwatering menu that will satisfy even the most demanding palate.\" \/>\n<meta name=\"robots\" content=\"index, follow, max-snippet:-1, max-image-preview:large, max-video-preview:-1\" \/>\n<link rel=\"canonical\" href=\"https:\/\/kassandra-palace.com\/de\/essen\/ninemia-brunch-restaurant\/\" \/>\n<meta property=\"og:locale\" content=\"de_DE\" \/>\n<meta property=\"og:type\" content=\"article\" \/>\n<meta property=\"og:title\" content=\"Ninemia Brunch Restaurant | Kassandra Palace\" \/>\n<meta property=\"og:description\" content=\"Right on the beach and next to Ninemia Beach Bar, this is where you will find the ultimate all day brunch restaurant, offering a mouthwatering menu that will satisfy even the most demanding palate.\" \/>\n<meta property=\"og:url\" content=\"https:\/\/kassandra-palace.com\/de\/essen\/ninemia-brunch-restaurant\/\" \/>\n<meta property=\"og:site_name\" content=\"Kassandra Palace\" \/>\n<meta property=\"article:modified_time\" content=\"2025-06-23T11:32:40+00:00\" \/>\n<meta name=\"twitter:card\" content=\"summary_large_image\" \/>\n<meta name=\"twitter:label1\" content=\"Gesch\u00e4tzte Lesezeit\" \/>\n\t<meta name=\"twitter:data1\" content=\"2\u00a0Minuten\" \/>\n<script type=\"application\/ld+json\" class=\"yoast-schema-graph\">{\"@context\":\"https:\/\/schema.org\",\"@graph\":[{\"@type\":\"WebPage\",\"@id\":\"https:\/\/kassandra-palace.com\/de\/essen\/ninemia-brunch-restaurant\/\",\"url\":\"https:\/\/kassandra-palace.com\/de\/essen\/ninemia-brunch-restaurant\/\",\"name\":\"Ninemia Brunch Restaurant | Kassandra Palace\",\"isPartOf\":{\"@id\":\"https:\/\/kassandra-palace.com\/#website\"},\"datePublished\":\"2022-05-20T07:59:58+00:00\",\"dateModified\":\"2025-06-23T11:32:40+00:00\",\"description\":\"Right on the beach and next to Ninemia Beach Bar, this is where you will find the ultimate all day brunch restaurant, offering a mouthwatering menu that will satisfy even the most demanding palate.\",\"breadcrumb\":{\"@id\":\"https:\/\/kassandra-palace.com\/de\/essen\/ninemia-brunch-restaurant\/#breadcrumb\"},\"inLanguage\":\"de\",\"potentialAction\":[{\"@type\":\"ReadAction\",\"target\":[\"https:\/\/kassandra-palace.com\/de\/essen\/ninemia-brunch-restaurant\/\"]}]},{\"@type\":\"BreadcrumbList\",\"@id\":\"https:\/\/kassandra-palace.com\/de\/essen\/ninemia-brunch-restaurant\/#breadcrumb\",\"itemListElement\":[{\"@type\":\"ListItem\",\"position\":1,\"name\":\"Home\",\"item\":\"https:\/\/kassandra-palace.com\/de\/\"},{\"@type\":\"ListItem\",\"position\":2,\"name\":\"Essen\",\"item\":\"https:\/\/kassandra-palace.com\/de\/essen\/\"},{\"@type\":\"ListItem\",\"position\":3,\"name\":\"Ninemia Brunch Restaurant\"}]},{\"@type\":\"WebSite\",\"@id\":\"https:\/\/kassandra-palace.com\/#website\",\"url\":\"https:\/\/kassandra-palace.com\/\",\"name\":\"Kassandra Palace\",\"description\":\"\",\"potentialAction\":[{\"@type\":\"SearchAction\",\"target\":{\"@type\":\"EntryPoint\",\"urlTemplate\":\"https:\/\/kassandra-palace.com\/?s={search_term_string}\"},\"query-input\":{\"@type\":\"PropertyValueSpecification\",\"valueRequired\":true,\"valueName\":\"search_term_string\"}}],\"inLanguage\":\"de\"}]}<\/script>\n<!-- \/ Yoast SEO plugin. -->","yoast_head_json":{"title":"Ninemia Brunch Restaurant | Kassandra Palace","description":"Right on the beach and next to Ninemia Beach Bar, this is where you will find the ultimate all day brunch restaurant, offering a mouthwatering menu that will satisfy even the most demanding palate.","robots":{"index":"index","follow":"follow","max-snippet":"max-snippet:-1","max-image-preview":"max-image-preview:large","max-video-preview":"max-video-preview:-1"},"canonical":"https:\/\/kassandra-palace.com\/de\/essen\/ninemia-brunch-restaurant\/","og_locale":"de_DE","og_type":"article","og_title":"Ninemia Brunch Restaurant | Kassandra Palace","og_description":"Right on the beach and next to Ninemia Beach Bar, this is where you will find the ultimate all day brunch restaurant, offering a mouthwatering menu that will satisfy even the most demanding palate.","og_url":"https:\/\/kassandra-palace.com\/de\/essen\/ninemia-brunch-restaurant\/","og_site_name":"Kassandra Palace","article_modified_time":"2025-06-23T11:32:40+00:00","twitter_card":"summary_large_image","twitter_misc":{"Gesch\u00e4tzte Lesezeit":"2\u00a0Minuten"},"schema":{"@context":"https:\/\/schema.org","@graph":[{"@type":"WebPage","@id":"https:\/\/kassandra-palace.com\/de\/essen\/ninemia-brunch-restaurant\/","url":"https:\/\/kassandra-palace.com\/de\/essen\/ninemia-brunch-restaurant\/","name":"Ninemia Brunch Restaurant | Kassandra Palace","isPartOf":{"@id":"https:\/\/kassandra-palace.com\/#website"},"datePublished":"2022-05-20T07:59:58+00:00","dateModified":"2025-06-23T11:32:40+00:00","description":"Right on the beach and next to Ninemia Beach Bar, this is where you will find the ultimate all day brunch restaurant, offering a mouthwatering menu that will satisfy even the most demanding palate.","breadcrumb":{"@id":"https:\/\/kassandra-palace.com\/de\/essen\/ninemia-brunch-restaurant\/#breadcrumb"},"inLanguage":"de","potentialAction":[{"@type":"ReadAction","target":["https:\/\/kassandra-palace.com\/de\/essen\/ninemia-brunch-restaurant\/"]}]},{"@type":"BreadcrumbList","@id":"https:\/\/kassandra-palace.com\/de\/essen\/ninemia-brunch-restaurant\/#breadcrumb","itemListElement":[{"@type":"ListItem","position":1,"name":"Home","item":"https:\/\/kassandra-palace.com\/de\/"},{"@type":"ListItem","position":2,"name":"Essen","item":"https:\/\/kassandra-palace.com\/de\/essen\/"},{"@type":"ListItem","position":3,"name":"Ninemia Brunch Restaurant"}]},{"@type":"WebSite","@id":"https:\/\/kassandra-palace.com\/#website","url":"https:\/\/kassandra-palace.com\/","name":"Kassandra Palace","description":"","potentialAction":[{"@type":"SearchAction","target":{"@type":"EntryPoint","urlTemplate":"https:\/\/kassandra-palace.com\/?s={search_term_string}"},"query-input":{"@type":"PropertyValueSpecification","valueRequired":true,"valueName":"search_term_string"}}],"inLanguage":"de"}]}},"post_mailing_queue_ids":[],"_links":{"self":[{"href":"https:\/\/kassandra-palace.com\/de\/wp-json\/wp\/v2\/pages\/5387","targetHints":{"allow":["GET"]}}],"collection":[{"href":"https:\/\/kassandra-palace.com\/de\/wp-json\/wp\/v2\/pages"}],"about":[{"href":"https:\/\/kassandra-palace.com\/de\/wp-json\/wp\/v2\/types\/page"}],"author":[{"embeddable":true,"href":"https:\/\/kassandra-palace.com\/de\/wp-json\/wp\/v2\/users\/1"}],"replies":[{"embeddable":true,"href":"https:\/\/kassandra-palace.com\/de\/wp-json\/wp\/v2\/comments?post=5387"}],"version-history":[{"count":2,"href":"https:\/\/kassandra-palace.com\/de\/wp-json\/wp\/v2\/pages\/5387\/revisions"}],"predecessor-version":[{"id":17228,"href":"https:\/\/kassandra-palace.com\/de\/wp-json\/wp\/v2\/pages\/5387\/revisions\/17228"}],"up":[{"embeddable":true,"href":"https:\/\/kassandra-palace.com\/de\/wp-json\/wp\/v2\/pages\/2373"}],"wp:attachment":[{"href":"https:\/\/kassandra-palace.com\/de\/wp-json\/wp\/v2\/media?parent=5387"}],"curies":[{"name":"wp","href":"https:\/\/api.w.org\/{rel}","templated":true}]}}