{"id":2377,"date":"2020-01-15T11:10:41","date_gmt":"2020-01-15T09:10:41","guid":{"rendered":"https:\/\/kassandra-palace.com\/?page_id=2377\/"},"modified":"2023-01-18T13:29:18","modified_gmt":"2023-01-18T11:29:18","slug":"the-hotel","status":"publish","type":"page","link":"https:\/\/kassandra-palace.com\/de\/the-hotel\/","title":{"rendered":"Das Hotel"},"content":{"rendered":"<div class=\"wpb-content-wrapper\"><p>[vc_row el_class=&#8220;top-bottom-padding boxed&#8220; css=&#8220;.vc_custom_1542625285404{padding-right: 5% !important;padding-left: 5% !important;}&#8220;][vc_column]<div class=\"ult-content-box-container \" >\t\t<div class=\"ult-content-box\" style=\"box-shadow: px px px px none;-webkit-transition: all 700ms ease;-moz-transition: all 700ms ease;-ms-transition: all 700ms ease;-o-transition: all 700ms ease;transition: all 700ms ease;\"  data-hover_box_shadow=\"none\"    >[vc_custom_heading text=&#8220;FAMILIENHOTEL IN HALKIDIKI, KASSANDRA PALACE&#8220; font_container=&#8220;tag:h1|text_align:left|color:%23000000&#8243; google_fonts=&#8220;font_family:Arimo%3Aregular%2Citalic%2C700%2C700italic|font_style:400%20regular%3A400%3Anormal&#8220; css_animation=&#8220;fadeInUp&#8220; el_class=&#8220;small-heading no-line&#8220;]\t\t<\/div><\/div>[vc_row_inner equal_height=&#8220;yes&#8220; gap=&#8220;30&#8243;][vc_column_inner width=&#8220;1\/2&#8243;][vc_custom_heading text=&#8220;Kassandra Palace Seaside Resort ist ein familienfreundliches Hotel, das ein breites Spektrum an Unterkunftsoptionen, von Zimmern bis Suiten, bietet. Das alles, inmitten der ruhigen Umgebung unserer wundersch\u00f6nen G\u00e4rten, l\u00e4sst Ihre Zeit in Halkidiki zu einem unvergesslichen Urlaub werden.&#8220; font_container=&#8220;tag:h2|font_size:2.5rem|text_align:left|color:%233d616f&#8220; google_fonts=&#8220;font_family:Roboto%20Slab%3A100%2C300%2Cregular%2C700|font_style:400%20regular%3A400%3Anormal&#8220; css_animation=&#8220;fadeInUp&#8220; el_class=&#8220;large-heading&#8220; css=&#8220;.vc_custom_1673441869580{margin-top: 0px !important;}&#8220;][vc_column_text css_animation=&#8220;fadeInUp&#8220;]<span style=\"font-weight: 400;\">Unsere verehrten G\u00e4ste sind herzlich willkommen, an diesem ruhigen und eleganten Ort im beliebten Resort von Kriopigi zu entspannen und loszulassen, sowie ein wahrhaftes Freizeit-Erlebnis voller Spa\u00df, Gastronomie und Wellness innerhalb unserer Anlagen zu genie\u00dfen.<\/span>[\/vc_column_text][\/vc_column_inner][vc_column_inner width=&#8220;1\/2&#8243;][vc_column_text css_animation=&#8220;fadeInUp&#8220;]<span style=\"font-weight: 400;\">Als eines der besten Resorts in Halkidiki in Griechenland, umfasst das 5-Sterne-Hotel Kassandra Palace ein Hauptgeb\u00e4ude und mehrere Bungalows mit einer Vielzahl von elegant eingerichteten Zimmern und Suiten, 4 Restaurants, 4 Bars, ein Spa- und Wellnesscenter, 3 gemeinsame Pools, einen Miniklub und eine gro\u00dfe Auswahl an Freizeitoptionen, Sportaktivit\u00e4ten und kulturellen Veranstaltungen, die den Urlaub in Halkidiki auf eine neue Art und Weise gestalten.<\/span><\/p>\n<p><span style=\"font-weight: 400;\">Entspannen Sie sich in einem der sch\u00f6nsten Zimmer mit Meerblick in Halkidiki, verzehren Sie k\u00f6stliche lokale Gerichte, nehmen Sie an unterschiedlichen Sportaktivit\u00e4ten und Unterhaltugsoptionen teil, lassen Sie Ihre Kinder sicher am Wasser spielen, verbringen Sie wertvolle Zeit mit Ihrem Partner und genie\u00dfen Sie pure Erholung im Spabereich. Somit brauchen Sie vor Ihrer Reise nicht lange nach der besten Unterkunft in Halkidiki in Griechenland zu suchen, da alles, was Sie suchen, bereits vor Ihren Augen liegt.<\/span>[\/vc_column_text][\/vc_column_inner][\/vc_row_inner][vc_row_inner equal_height=&#8220;yes&#8220; gap=&#8220;30&#8243;][vc_column_inner width=&#8220;1\/2&#8243;][vc_raw_html]JTNDZGl2JTIwY2xhc3MlM0QlMjJyb29tLWJ1dHRvbnMtd3JhcHBlciUyMiUzRSU1QnNpbXBsZV9idXR0b24lMjB0ZXh0JTNEJTI3SkVUWlQlMjBCVUNIRU4lMjclMjB1cmwlM0QlMjdodHRwcyUzQSUyRiUyRmthc3NhbmRyYXBhbGFjZS5yZXNlcnZlLW9ubGluZS5uZXQlMkYlM0ZsYW5nJTNEZGVfREUlMjclMjB0YXJnZXQlM0QlMjdfYmxhbmslMjclNUQlMEElNUJiZXN0X3ByaWNlX2d1YXJhbnRlZV9pY29uJTVEJTNDJTJGZGl2JTNF[\/vc_raw_html][\/vc_column_inner][vc_column_inner width=&#8220;1\/2&#8243;][\/vc_column_inner][\/vc_row_inner][\/vc_column][\/vc_row][vc_row full_width=&#8220;stretch_row&#8220; el_class=&#8220;top-bottom-padding bg-color1&#8243;][vc_column css_animation=&#8220;fadeInLeft&#8220; offset=&#8220;vc_col-lg-6 vc_col-md-12&#8243;]<div class=\"ult-content-box-container inner-block\" >\t\t<div class=\"ult-content-box\" style=\"box-shadow: px px px px none;margin-right:0px;-webkit-transition: all 700ms ease;-moz-transition: all 700ms ease;-ms-transition: all 700ms ease;-o-transition: all 700ms ease;transition: all 700ms ease;\"  data-hover_box_shadow=\"none\"    data-normal_margins=\"margin-right:0px;\"  >[vc_custom_heading text=&#8220;HOTELEINRICHTUNGEN &amp; SERVICE&#8220; use_theme_fonts=&#8220;yes&#8220; el_class=&#8220;small-heading small-heading-alt no-line&#8220;][vc_custom_heading text=&#8220;Genie\u00dfen Sie Ihren Aufenthalt direkt am Meer.&#8220; font_container=&#8220;tag:h2|text_align:left|color:%23998b83&#8243; google_fonts=&#8220;font_family:Roboto%20Slab%3A100%2C300%2Cregular%2C700|font_style:400%20regular%3A400%3Anormal&#8220;][vc_column_text]<\/p>\n<ul>\n<li><span style=\"font-weight: 400;\">Lobby-Sitzbereich<\/span><\/li>\n<li><span style=\"font-weight: 400;\">Klimatisierte und geheizte \u00f6ffentliche Bereiche<\/span><span style=\"font-weight: 400;\"><br \/>\n<\/span><\/li>\n<li><span style=\"font-weight: 400;\">Au\u00dfenpool<\/span><span style=\"font-weight: 400;\"><br \/>\n<\/span><\/li>\n<li><span style=\"font-weight: 400;\">24-st\u00fcndige Rezeption mit mehrsprachigem Personal Weckservice<\/span><span style=\"font-weight: 400;\"><br \/>\n<\/span><\/li>\n<li><span style=\"font-weight: 400;\">Griechisches Fr\u00fchst\u00fccksbuffet<\/span><span style=\"font-weight: 400;\"><br \/>\n<\/span><\/li>\n<li><span style=\"font-weight: 400;\">Fr\u00fchst\u00fcck f\u00fcr Fr\u00fchaufsteher<\/span><span style=\"font-weight: 400;\"><br \/>\n<\/span><\/li>\n<li><span style=\"font-weight: 400;\">Fr\u00fchst\u00fcck\/Mittagessen auf Anfrage zum Mitnehmen<\/span><span style=\"font-weight: 400;\"><br \/>\n<\/span><\/li>\n<li><span style=\"font-weight: 400;\">Wellnessstudio mit Sauna, Jacuzzi, Massageraum und einem breiten <\/span><\/li>\n<li><span style=\"font-weight: 400;\">Angebot an Behandlungen und Therapien<\/span><span style=\"font-weight: 400;\"><br \/>\n<\/span><\/li>\n<li><span style=\"font-weight: 400;\">Voll ausgestatteter Fitnessraum<\/span><span style=\"font-weight: 400;\"><br \/>\n<\/span><\/li>\n<li><span style=\"font-weight: 400;\">Geheizter Innenpool mit freiem Zugang<\/span><span style=\"font-weight: 400;\"><br \/>\n<\/span><\/li>\n<li><span style=\"font-weight: 400;\">Erwachsenen-Pool mit olympischen Dimensionen<\/span><span style=\"font-weight: 400;\"><br \/>\n<\/span><\/li>\n<li><span style=\"font-weight: 400;\">Flacher Kinderpool<\/span><span style=\"font-weight: 400;\"><br \/>\n<\/span><\/li>\n<li><span style=\"font-weight: 400;\">Kinderspielplatz im Freien<\/span><span style=\"font-weight: 400;\"><br \/>\n<\/span><\/li>\n<li><span style=\"font-weight: 400;\">Miniklub und Spielraum<\/span><span style=\"font-weight: 400;\"><br \/>\n<\/span><\/li>\n<li><span style=\"font-weight: 400;\">Tischtennis<\/span><span style=\"font-weight: 400;\"><br \/>\n<\/span><\/li>\n<li><span style=\"font-weight: 400;\">Babysitting-Service von ausgebildetem Personal<\/span><span style=\"font-weight: 400;\"><br \/>\n<\/span><\/li>\n<li>Frei Parken<\/li>\n<li><span style=\"font-weight: 400;\">G\u00e4rten mit wundersch\u00f6nen Blumen und lokalen Kr\u00e4utern<\/span><span style=\"font-weight: 400;\"><br \/>\n<\/span><\/li>\n<li><span style=\"font-weight: 400;\">Kapelle<\/span><span style=\"font-weight: 400;\"><br \/>\n<\/span><\/li>\n<li><span style=\"font-weight: 400;\">Konferenz- und Meetingr\u00e4ume<\/span><span style=\"font-weight: 400;\"><br \/>\n<\/span><\/li>\n<li><span style=\"font-weight: 400;\">Privater Sandstrand<\/span><span style=\"font-weight: 400;\"><br \/>\n<\/span><\/li>\n<li><span style=\"font-weight: 400;\">Sonnenliegen und Schirme (kostenlos)<\/span><span style=\"font-weight: 400;\"><br \/>\n<\/span><\/li>\n<li><span style=\"font-weight: 400;\">Umkleider\u00e4ume<\/span><span style=\"font-weight: 400;\"><br \/>\n<\/span><\/li>\n<li><span style=\"font-weight: 400;\">2 Tennispl\u00e4tze mit Zubeh\u00f6r<\/span><span style=\"font-weight: 400;\"><br \/>\n<\/span><\/li>\n<li><span style=\"font-weight: 400;\">Restaurants und Bars<\/span><span style=\"font-weight: 400;\"><br \/>\n<\/span><\/li>\n<li><span style=\"font-weight: 400;\">Souvenir-Shop<\/span><span style=\"font-weight: 400;\"><br \/>\n<\/span><\/li>\n<li><span style=\"font-weight: 400;\">Satelliten-TV\/ Pool- und Billardraum<\/span><span style=\"font-weight: 400;\"><br \/>\n<\/span><\/li>\n<li><span style=\"font-weight: 400;\">Gep\u00e4cklagerraum<\/span><span style=\"font-weight: 400;\"><br \/>\n<\/span><\/li>\n<li><span style=\"font-weight: 400;\">W\u00e4scherei, chemische Reinigung und B\u00fcgelservice (extra Geb\u00fchr)<\/span><span style=\"font-weight: 400;\"><br \/>\n<\/span><\/li>\n<li><span style=\"font-weight: 400;\">Abendlicher Zimmerservice (Turndown-Service)<\/span><span style=\"font-weight: 400;\"><br \/>\n<\/span><\/li>\n<li><span style=\"font-weight: 400;\">Postservice<\/span><span style=\"font-weight: 400;\"><br \/>\n<\/span><\/li>\n<li><span style=\"font-weight: 400;\">Gep\u00e4ckservice<\/span><span style=\"font-weight: 400;\"><br \/>\n<\/span><\/li>\n<li><span style=\"font-weight: 400;\">In-Room-Dining<\/span><span style=\"font-weight: 400;\"><br \/>\n<\/span><\/li>\n<li><span style=\"font-weight: 400;\">Zimmerservice<\/span><\/li>\n<\/ul>\n<p>[\/vc_column_text]\t\t<\/div><\/div>[\/vc_column][vc_column offset=&#8220;vc_col-lg-6&#8243;][vc_column_text css_animation=&#8220;fadeInRight&#8220;][\/vc_column_text][\/vc_column][\/vc_row][vc_row el_class=&#8220;top-bottom-padding boxed&#8220;][vc_column el_class=&#8220;site-container&#8220;]<div class=\"ult-content-box-container content-box-padded green-policy\" >\t\t<div class=\"ult-content-box\" style=\"box-shadow: px px px px none;-webkit-transition: all 700ms ease;-moz-transition: all 700ms ease;-ms-transition: all 700ms ease;-o-transition: all 700ms ease;transition: all 700ms ease;\"  data-hover_box_shadow=\"none\"    >[vc_custom_heading text=&#8220;GR\u00dcNE POLITIK&#8220; font_container=&#8220;tag:h1|text_align:center|color:%23000000&#8243; google_fonts=&#8220;font_family:Arimo%3Aregular%2Citalic%2C700%2C700italic|font_style:400%20regular%3A400%3Anormal&#8220; css_animation=&#8220;fadeInUp&#8220; el_class=&#8220;small-heading&#8220;][vc_custom_heading text=&#8220;Kassandra Palace Seaside Resort erkennt an, dass das Streben nach Exzellenz nicht auf Kosten der Umwelt oder der \u00f6rtlichen Gemeinde gehen darf.&#8220; font_container=&#8220;tag:h2|font_size:2.5rem|text_align:center|color:%233d616f&#8220; google_fonts=&#8220;font_family:Roboto%20Slab%3A100%2C300%2Cregular%2C700|font_style:400%20regular%3A400%3Anormal&#8220; css_animation=&#8220;fadeInUp&#8220; el_class=&#8220;large-heading&#8220;]<div class=\"ult-spacer spacer-69e7dbbd64c85\" data-id=\"69e7dbbd64c85\" data-height=\"10\" data-height-mobile=\"10\" data-height-tab=\"10\" data-height-tab-portrait=\"\" data-height-mobile-landscape=\"\" style=\"clear:both;display:block;\"><\/div>[vc_column_text css_animation=&#8220;fadeInUp&#8220; el_class=&#8220;has-columns uk-text-justify&#8220; css=&#8220;.vc_custom_1579596415443{padding-right: 20px !important;padding-left: 20px !important;}&#8220;]<span style=\"font-weight: 400;\">Das Verwaltungsteam des Hotels hat einen verantwortungsvollen umweltfreundlichen Ansatz adoptiert, der zeigt, dass Gastfreundschaft bereichernd und erf\u00fcllend sein kann, ohne die Bequemlichkeiten einer einmaligen Hotelerfahrung einzub\u00fc\u00dfen. Kassandra Palace ist eine Unterbringung, die kontinuierlich den Umweltschutz anstrebt und effektive Methoden und Praktiken zur Energieeinsparung und zum Schutz der nat\u00fcrlichen Ressourcen adoptiert hat.<\/span><\/p>\n<p><span style=\"font-weight: 400;\">Kassandra Palace besitzt das Umweltmanagement-Zertifikat Green Key. Au\u00dferdem kommuniziert und f\u00f6rdert unser Hotel die Idee des Umweltmanagements gegen\u00fcber unseren Kunden, um sie so dazu zu bewegen, \u00e4hnliche Praktiken und Methoden, nicht nur w\u00e4hrend ihres Aufenthalts, sondern auch in ihrem t\u00e4glichen Leben zu adoptieren.<\/span>[\/vc_column_text]\t\t<\/div><\/div>[\/vc_column][\/vc_row][vc_row disable_element=&#8220;yes&#8220; el_class=&#8220;top-bottom-padding boxed&#8220;][vc_column][vc_row_inner equal_height=&#8220;yes&#8220; content_placement=&#8220;middle&#8220; gap=&#8220;15&#8243;][vc_column_inner offset=&#8220;vc_col-lg-6&#8243;][vc_single_image image=&#8220;448&#8243; img_size=&#8220;480&#215;478&#8243; alignment=&#8220;center&#8220;][\/vc_column_inner][vc_column_inner offset=&#8220;vc_col-lg-6&#8243;][vc_custom_heading text=&#8220;Green Policy&#8220; font_container=&#8220;tag:h1|text_align:left|color:%23c1be30&#8243; google_fonts=&#8220;font_family:Arimo%3Aregular%2Citalic%2C700%2C700italic|font_style:400%20regular%3A400%3Anormal&#8220; css_animation=&#8220;fadeInUp&#8220; el_class=&#8220;uppercase&#8220;][vc_column_text]Lorem ipsum dolor sit amet, consectetur adipiscing elit. Nunc eleifend arcu vel dictum molestie. Sed tristique mi et odio lacinia efficitur. Vestibulum vel ipsum ac lorem efficitur malesuada. Nullam in sagittis arcu. Cras sed dui at massa aliquam placerat non vel odio. Quisque commodo leo arcu, vitae vulputate felis ornare malesuada. Mauris consequat sem in fringilla volutpat. Nullam commodo suscipit quam sit amet hendrerit. Donec a enim augue. Donec accumsan nulla ac placerat condimentum. [\/vc_column_text][\/vc_column_inner][\/vc_row_inner][\/vc_column][\/vc_row][vc_row full_width=&#8220;stretch_row_content_no_spaces&#8220;][vc_column][vc_row_inner el_class=&#8220;boxed&#8220;][vc_column_inner]<div class=\"ult-content-box-container content-box-padded\" >\t\t<div class=\"ult-content-box\" style=\"box-shadow: px px px px none;-webkit-transition: all 700ms ease;-moz-transition: all 700ms ease;-ms-transition: all 700ms ease;-o-transition: all 700ms ease;transition: all 700ms ease;\"  data-hover_box_shadow=\"none\"    >[vc_custom_heading text=&#8220;UNSERE G\u00c4RTEN<br \/>\n&#8220; font_container=&#8220;tag:h1|text_align:center|color:%23000000&#8243; google_fonts=&#8220;font_family:Arimo%3Aregular%2Citalic%2C700%2C700italic|font_style:400%20regular%3A400%3Anormal&#8220; css_animation=&#8220;fadeInUp&#8220; el_class=&#8220;small-heading&#8220;][vc_custom_heading text=&#8220;Auf einer Fl\u00e4che von insgesamt 70.000 m2 \u00fcppiger G\u00e4rten, bietet Kassandra Palace ein einmaliges Umfeld f\u00fcr einen naturverbundenen Urlaub.<br \/>\n&#8220; font_container=&#8220;tag:h2|font_size:2.5rem|text_align:center|color:%233d616f&#8220; google_fonts=&#8220;font_family:Roboto%20Slab%3A100%2C300%2Cregular%2C700|font_style:400%20regular%3A400%3Anormal&#8220; css_animation=&#8220;fadeInUp&#8220; el_class=&#8220;large-heading&#8220;]\t\t<\/div><\/div>[\/vc_column_inner][\/vc_row_inner][vc_column_text][\/vc_column_text][\/vc_column][\/vc_row]<\/p>\n<\/div>","protected":false},"excerpt":{"rendered":"[vc_row el_class=&#8220;top-bottom-padding boxed&#8220; css=&#8220;.vc_custom_1542625285404{padding-right: 5% !important;padding-left: 5% !important;}&#8220;][vc_column][vc_row_inner equal_height=&#8220;yes&#8220; gap=&#8220;30&#8243;][vc_column_inner width=&#8220;1\/2&#8243;][vc_custom_heading text=&#8220;Kassandra Palace Seaside Resort ist ein familienfreundliches Hotel, das ein breites Spektrum an Unterkunftsoptionen, von Zimmern bis Suiten, bietet. Das alles, inmitten der ruhigen Umgebung unserer wundersch\u00f6nen G\u00e4rten, l\u00e4sst Ihre Zeit in Halkidiki zu einem unvergesslichen Urlaub werden.&#8220; font_container=&#8220;tag:h2|font_size:2.5rem|text_align:left|color:%233d616f&#8220; google_fonts=&#8220;font_family:Roboto%20Slab%3A100%2C300%2Cregular%2C700|font_style:400%20regular%3A400%3Anormal&#8220; css_animation=&#8220;fadeInUp&#8220; el_class=&#8220;large-heading&#8220; css=&#8220;.vc_custom_1673441869580{margin-top: 0px&#8230; <a class=\"view-article\" href=\"https:\/\/kassandra-palace.com\/de\/the-hotel\/\">Artikel ansehen<\/a>","protected":false},"author":1,"featured_media":0,"parent":0,"menu_order":0,"comment_status":"closed","ping_status":"closed","template":"","meta":{"_acf_changed":false,"footnotes":""},"class_list":["post-2377","page","type-page","status-publish","hentry"],"acf":[],"yoast_head":"<!-- This site is optimized with the Yoast SEO plugin v25.9 - https:\/\/yoast.com\/wordpress\/plugins\/seo\/ -->\n<title>Das Hotel - Kassandra Palace<\/title>\n<meta name=\"robots\" content=\"index, follow, max-snippet:-1, max-image-preview:large, max-video-preview:-1\" \/>\n<link rel=\"canonical\" href=\"https:\/\/kassandra-palace.com\/de\/the-hotel\/\" \/>\n<meta property=\"og:locale\" content=\"de_DE\" \/>\n<meta property=\"og:type\" content=\"article\" \/>\n<meta property=\"og:title\" content=\"Das Hotel - Kassandra Palace\" \/>\n<meta property=\"og:description\" content=\"[vc_row el_class=&#8220;top-bottom-padding boxed&#8220; css=&#8220;.vc_custom_1542625285404{padding-right: 5% !important;padding-left: 5% !important;}&#8220;][vc_column][vc_row_inner equal_height=&#8220;yes&#8220; gap=&#8220;30&#8243;][vc_column_inner width=&#8220;1\/2&#8243;][vc_custom_heading text=&#8220;Kassandra Palace Seaside Resort ist ein familienfreundliches Hotel, das ein breites Spektrum an Unterkunftsoptionen, von Zimmern bis Suiten, bietet. Das alles, inmitten der ruhigen Umgebung unserer wundersch\u00f6nen G\u00e4rten, l\u00e4sst Ihre Zeit in Halkidiki zu einem unvergesslichen Urlaub werden.&#8220; font_container=&#8220;tag:h2|font_size:2.5rem|text_align:left|color:%233d616f&#8220; google_fonts=&#8220;font_family:Roboto%20Slab%3A100%2C300%2Cregular%2C700|font_style:400%20regular%3A400%3Anormal&#8220; css_animation=&#8220;fadeInUp&#8220; el_class=&#8220;large-heading&#8220; css=&#8220;.vc_custom_1673441869580{margin-top: 0px... Artikel ansehen\" \/>\n<meta property=\"og:url\" content=\"https:\/\/kassandra-palace.com\/de\/the-hotel\/\" \/>\n<meta property=\"og:site_name\" content=\"Kassandra Palace\" \/>\n<meta property=\"article:modified_time\" content=\"2023-01-18T11:29:18+00:00\" \/>\n<meta name=\"twitter:card\" content=\"summary_large_image\" \/>\n<meta name=\"twitter:label1\" content=\"Gesch\u00e4tzte Lesezeit\" \/>\n\t<meta name=\"twitter:data1\" content=\"7\u00a0Minuten\" \/>\n<script type=\"application\/ld+json\" class=\"yoast-schema-graph\">{\"@context\":\"https:\/\/schema.org\",\"@graph\":[{\"@type\":\"WebPage\",\"@id\":\"https:\/\/kassandra-palace.com\/de\/the-hotel\/\",\"url\":\"https:\/\/kassandra-palace.com\/de\/the-hotel\/\",\"name\":\"Das Hotel - Kassandra Palace\",\"isPartOf\":{\"@id\":\"https:\/\/kassandra-palace.com\/#website\"},\"datePublished\":\"2020-01-15T09:10:41+00:00\",\"dateModified\":\"2023-01-18T11:29:18+00:00\",\"breadcrumb\":{\"@id\":\"https:\/\/kassandra-palace.com\/de\/the-hotel\/#breadcrumb\"},\"inLanguage\":\"de\",\"potentialAction\":[{\"@type\":\"ReadAction\",\"target\":[\"https:\/\/kassandra-palace.com\/de\/the-hotel\/\"]}]},{\"@type\":\"BreadcrumbList\",\"@id\":\"https:\/\/kassandra-palace.com\/de\/the-hotel\/#breadcrumb\",\"itemListElement\":[{\"@type\":\"ListItem\",\"position\":1,\"name\":\"Home\",\"item\":\"https:\/\/kassandra-palace.com\/de\/\"},{\"@type\":\"ListItem\",\"position\":2,\"name\":\"Das Hotel\"}]},{\"@type\":\"WebSite\",\"@id\":\"https:\/\/kassandra-palace.com\/#website\",\"url\":\"https:\/\/kassandra-palace.com\/\",\"name\":\"Kassandra Palace\",\"description\":\"\",\"potentialAction\":[{\"@type\":\"SearchAction\",\"target\":{\"@type\":\"EntryPoint\",\"urlTemplate\":\"https:\/\/kassandra-palace.com\/?s={search_term_string}\"},\"query-input\":{\"@type\":\"PropertyValueSpecification\",\"valueRequired\":true,\"valueName\":\"search_term_string\"}}],\"inLanguage\":\"de\"}]}<\/script>\n<!-- \/ Yoast SEO plugin. -->","yoast_head_json":{"title":"Das Hotel - Kassandra Palace","robots":{"index":"index","follow":"follow","max-snippet":"max-snippet:-1","max-image-preview":"max-image-preview:large","max-video-preview":"max-video-preview:-1"},"canonical":"https:\/\/kassandra-palace.com\/de\/the-hotel\/","og_locale":"de_DE","og_type":"article","og_title":"Das Hotel - Kassandra Palace","og_description":"[vc_row el_class=&#8220;top-bottom-padding boxed&#8220; css=&#8220;.vc_custom_1542625285404{padding-right: 5% !important;padding-left: 5% !important;}&#8220;][vc_column][vc_row_inner equal_height=&#8220;yes&#8220; gap=&#8220;30&#8243;][vc_column_inner width=&#8220;1\/2&#8243;][vc_custom_heading text=&#8220;Kassandra Palace Seaside Resort ist ein familienfreundliches Hotel, das ein breites Spektrum an Unterkunftsoptionen, von Zimmern bis Suiten, bietet. Das alles, inmitten der ruhigen Umgebung unserer wundersch\u00f6nen G\u00e4rten, l\u00e4sst Ihre Zeit in Halkidiki zu einem unvergesslichen Urlaub werden.&#8220; font_container=&#8220;tag:h2|font_size:2.5rem|text_align:left|color:%233d616f&#8220; google_fonts=&#8220;font_family:Roboto%20Slab%3A100%2C300%2Cregular%2C700|font_style:400%20regular%3A400%3Anormal&#8220; css_animation=&#8220;fadeInUp&#8220; el_class=&#8220;large-heading&#8220; css=&#8220;.vc_custom_1673441869580{margin-top: 0px... Artikel ansehen","og_url":"https:\/\/kassandra-palace.com\/de\/the-hotel\/","og_site_name":"Kassandra Palace","article_modified_time":"2023-01-18T11:29:18+00:00","twitter_card":"summary_large_image","twitter_misc":{"Gesch\u00e4tzte Lesezeit":"7\u00a0Minuten"},"schema":{"@context":"https:\/\/schema.org","@graph":[{"@type":"WebPage","@id":"https:\/\/kassandra-palace.com\/de\/the-hotel\/","url":"https:\/\/kassandra-palace.com\/de\/the-hotel\/","name":"Das Hotel - Kassandra Palace","isPartOf":{"@id":"https:\/\/kassandra-palace.com\/#website"},"datePublished":"2020-01-15T09:10:41+00:00","dateModified":"2023-01-18T11:29:18+00:00","breadcrumb":{"@id":"https:\/\/kassandra-palace.com\/de\/the-hotel\/#breadcrumb"},"inLanguage":"de","potentialAction":[{"@type":"ReadAction","target":["https:\/\/kassandra-palace.com\/de\/the-hotel\/"]}]},{"@type":"BreadcrumbList","@id":"https:\/\/kassandra-palace.com\/de\/the-hotel\/#breadcrumb","itemListElement":[{"@type":"ListItem","position":1,"name":"Home","item":"https:\/\/kassandra-palace.com\/de\/"},{"@type":"ListItem","position":2,"name":"Das Hotel"}]},{"@type":"WebSite","@id":"https:\/\/kassandra-palace.com\/#website","url":"https:\/\/kassandra-palace.com\/","name":"Kassandra Palace","description":"","potentialAction":[{"@type":"SearchAction","target":{"@type":"EntryPoint","urlTemplate":"https:\/\/kassandra-palace.com\/?s={search_term_string}"},"query-input":{"@type":"PropertyValueSpecification","valueRequired":true,"valueName":"search_term_string"}}],"inLanguage":"de"}]}},"post_mailing_queue_ids":[],"_links":{"self":[{"href":"https:\/\/kassandra-palace.com\/de\/wp-json\/wp\/v2\/pages\/2377","targetHints":{"allow":["GET"]}}],"collection":[{"href":"https:\/\/kassandra-palace.com\/de\/wp-json\/wp\/v2\/pages"}],"about":[{"href":"https:\/\/kassandra-palace.com\/de\/wp-json\/wp\/v2\/types\/page"}],"author":[{"embeddable":true,"href":"https:\/\/kassandra-palace.com\/de\/wp-json\/wp\/v2\/users\/1"}],"replies":[{"embeddable":true,"href":"https:\/\/kassandra-palace.com\/de\/wp-json\/wp\/v2\/comments?post=2377"}],"version-history":[{"count":0,"href":"https:\/\/kassandra-palace.com\/de\/wp-json\/wp\/v2\/pages\/2377\/revisions"}],"wp:attachment":[{"href":"https:\/\/kassandra-palace.com\/de\/wp-json\/wp\/v2\/media?parent=2377"}],"curies":[{"name":"wp","href":"https:\/\/api.w.org\/{rel}","templated":true}]}}