{"id":2339,"date":"2020-01-14T16:08:38","date_gmt":"2020-01-14T14:08:38","guid":{"rendered":"https:\/\/kassandra-palace.com\/?page_id=2339\/"},"modified":"2024-05-14T10:11:12","modified_gmt":"2024-05-14T08:11:12","slug":"der-strand","status":"publish","type":"page","link":"https:\/\/kassandra-palace.com\/de\/freizeit-aktivitaeten\/der-strand\/","title":{"rendered":"Der Strand"},"content":{"rendered":"<div class=\"wpb-content-wrapper\"><p>[vc_row el_class=&#8220;top-bottom-padding boxed&#8220; css=&#8220;.vc_custom_1543309314172{padding-right: 5% !important;padding-bottom: 30px !important;padding-left: 5% !important;}&#8220;][vc_column]<div class=\"ult-content-box-container \" >\t\t<div class=\"ult-content-box\" style=\"box-shadow: px px px px none;-webkit-transition: all 700ms ease;-moz-transition: all 700ms ease;-ms-transition: all 700ms ease;-o-transition: all 700ms ease;transition: all 700ms ease;\"  data-hover_box_shadow=\"none\"    >[vc_custom_heading text=&#8220;Der Strand&#8220; font_container=&#8220;tag:h1|text_align:left|color:%23000000&#8243; google_fonts=&#8220;font_family:Arimo%3Aregular%2Citalic%2C700%2C700italic|font_style:400%20regular%3A400%3Anormal&#8220; css_animation=&#8220;fadeInUp&#8220; el_class=&#8220;small-heading line-left no-line&#8220;]\t\t<\/div><\/div>[vc_row_inner equal_height=&#8220;yes&#8220; gap=&#8220;30&#8243;][vc_column_inner width=&#8220;1\/2&#8243;][vc_custom_heading text=&#8220;Kassandra Palace bietet einen wundersch\u00f6nen, abgelegenen Strand in Kriopigi, der nur 40 Meter von Ihrem Zimmer entfernt liegt.&#8220; font_container=&#8220;tag:h2|font_size:2.5rem|text_align:left|color:%233d616f&#8220; google_fonts=&#8220;font_family:Roboto%20Slab%3A100%2C300%2Cregular%2C700|font_style:400%20regular%3A400%3Anormal&#8220; css_animation=&#8220;fadeInUp&#8220; el_class=&#8220;large-heading&#8220; css=&#8220;.vc_custom_1579010743922{margin-top: 0px !important;}&#8220;][\/vc_column_inner][vc_column_inner width=&#8220;1\/2&#8243;][vc_column_text css_animation=&#8220;fadeInUp&#8220;]Der Strand von Kassandra Palace besitzt die Blaue-Flagge-Zertifizierung. Er erf\u00fcllt die strengen Voraussetzungen in Bezug auf die Wasserqualit\u00e4t, Umwelterziehung und Umweltinformationen, sowie die Bereitstellung von Dienstleistungen und die allgemeinen Kriterien zum Umweltmanagement. Wir sind stolz auf unseren sauberen Strand und bitten Sie, uns bei unseren Bem\u00fchungen zu unterst\u00fctzen indem Sie den Strand w\u00e4hrend Ihres Aufenthalts sauber halten.<\/p>\n<p>Das verlockende kristallklare Wasser in den verschiedensten Blaut\u00f6nen, die Serviceleistungen und die verschiedenen Strandeinrichtungen bieten ein revitalisierendes Stranderlebnis. W\u00e4hlen Sie unter den Sonnenschirmen und Sonnenliegen am Meer Ihren Lieblingsplatz aus und genie\u00dfen Sie ein erfrischendes Getr\u00e4nk.[\/vc_column_text][\/vc_column_inner][\/vc_row_inner][\/vc_column][\/vc_row][vc_row full_width=&#8220;stretch_row&#8220; el_class=&#8220;top-bottom-padding bg-color1&#8243;][vc_column]<div class=\"ult-content-box-container site-container\" >\t\t<div class=\"ult-content-box\" style=\"box-shadow: px px px px none;-webkit-transition: all 700ms ease;-moz-transition: all 700ms ease;-ms-transition: all 700ms ease;-o-transition: all 700ms ease;transition: all 700ms ease;\"  data-hover_box_shadow=\"none\"    >[vc_column_text css=&#8220;.vc_custom_1543503539898{margin-bottom: 0px !important;padding-bottom: 0px !important;}&#8220;][\/vc_column_text]\t\t<\/div><\/div>[\/vc_column][\/vc_row][vc_row el_class=&#8220;top-bottom-padding boxed&#8220; css=&#8220;.vc_custom_1544023849305{padding-bottom: 20px !important;}&#8220;][vc_column]<div class=\"ult-content-box-container \" >\t\t<div class=\"ult-content-box\" style=\"box-shadow: px px px px none;-webkit-transition: all 700ms ease;-moz-transition: all 700ms ease;-ms-transition: all 700ms ease;-o-transition: all 700ms ease;transition: all 700ms ease;\"  data-hover_box_shadow=\"none\"    >[vc_custom_heading text=&#8220;Hoteleinrichtungen&#8220; font_container=&#8220;tag:h1|text_align:center|color:%23000000&#8243; google_fonts=&#8220;font_family:Arimo%3Aregular%2Citalic%2C700%2C700italic|font_style:400%20regular%3A400%3Anormal&#8220; css_animation=&#8220;fadeInUp&#8220; el_class=&#8220;small-heading &#8222;]<div class=\"ult-spacer spacer-69e7a7c8216eb\" data-id=\"69e7a7c8216eb\" data-height=\"10\" data-height-mobile=\"10\" data-height-tab=\"10\" data-height-tab-portrait=\"\" data-height-mobile-landscape=\"\" style=\"clear:both;display:block;\"><\/div>\t\t<\/div><\/div>[vc_row_inner css=&#8220;.vc_custom_1543336126862{padding-right: 0px !important;padding-left: 0px !important;}&#8220;][vc_column_inner width=&#8220;1\/2&#8243;]<div tabindex=\"0\" class=\"ult-new-ib ult-ib-effect-style9  ult-ib-resp ult-ib2-min-height \" data-min-width=\"768\" data-max-width=\"900\" style=\" opacity:0; \" data-opacity=\"1\" data-hover-opacity=\"1\"  data-min-height=\"450\" ><img decoding=\"async\" class=\"ult-new-ib-img\" style=\"opacity:1;\" alt=\"null\" src=\"https:\/\/kassandra-palace.com\/wp-content\/uploads\/2024\/05\/OasisPoolBar.jpg\"  data-min-height=\"450\"   \/><div id=\"interactive-banner-wrap-1444\" class=\"ult-new-ib-desc\" style=\"\"><h2 class=\"ult-new-ib-title ult-responsive\"  data-ultimate-target='#interactive-banner-wrap-1444 .ult-new-ib-title'  data-responsive-json-new='{\"font-size\":\"desktop:25px;\",\"line-height\":\"\"}'  style=\"font-family:&#039;Roboto Slab&#039;;font-weight:normal;\">Pools<\/h2><div class=\"ult-new-ib-content ult-responsive\"  data-ultimate-target='#interactive-banner-wrap-1444 .ult-new-ib-content'  data-responsive-json-new='{\"font-size\":\"desktop:15px;\",\"line-height\":\"\"}'  style=\"font-weight:normal;\"><p>Outdoor &amp; Indoor heated<\/p><\/div><\/div><a class=\"ult-new-ib-link\" href=\"http:\/\/kassandra-palace.com\/leisure\/pools\/\"  ><\/a><\/div>[\/vc_column_inner][vc_column_inner width=&#8220;1\/2&#8243;]<div tabindex=\"0\" class=\"ult-new-ib ult-ib-effect-style9  ult-ib-resp ult-ib2-min-height \" data-min-width=\"768\" data-max-width=\"900\" style=\" opacity:0; \" data-opacity=\"1\" data-hover-opacity=\"1\"  data-min-height=\"450\" ><img decoding=\"async\" class=\"ult-new-ib-img\" style=\"opacity:1;\" alt=\"Kassandra Palace Children Activities\" src=\"https:\/\/kassandra-palace.com\/wp-content\/uploads\/2018\/11\/children-activities-home.jpg\"  data-min-height=\"450\"   \/><div id=\"interactive-banner-wrap-3625\" class=\"ult-new-ib-desc\" style=\"\"><h2 class=\"ult-new-ib-title ult-responsive\"  data-ultimate-target='#interactive-banner-wrap-3625 .ult-new-ib-title'  data-responsive-json-new='{\"font-size\":\"desktop:25px;\",\"line-height\":\"\"}'  style=\"font-family:&#039;Roboto Slab&#039;;font-weight:normal;\">Playlab<\/h2><div class=\"ult-new-ib-content ult-responsive\"  data-ultimate-target='#interactive-banner-wrap-3625 .ult-new-ib-content'  data-responsive-json-new='{\"font-size\":\"desktop:15px;\",\"line-height\":\"\"}'  style=\"font-weight:normal;\"><p>Ages 4-12<\/p><\/div><\/div><a class=\"ult-new-ib-link\" href=\"http:\/\/kassandra-palace.com\/leisure\/kids\/\"  ><\/a><\/div>[\/vc_column_inner][\/vc_row_inner][\/vc_column][\/vc_row][vc_row full_width=&#8220;stretch_row&#8220; el_class=&#8220;top-bottom-padding&#8220;][vc_column][vc_custom_heading text=&#8220;FOLGEN SIE UNS AUF INSTAGRAM&#8220; font_container=&#8220;tag:h1|text_align:center|color:%23000000&#8243; google_fonts=&#8220;font_family:Arimo%3Aregular%2Citalic%2C700%2C700italic|font_style:400%20regular%3A400%3Anormal&#8220; css_animation=&#8220;fadeInUp&#8220; el_class=&#8220;small-heading&#8220;][vc_custom_heading text=&#8220;#THEHUMANTOUCH #KASSANDRAPALACE&#8220; font_container=&#8220;tag:h2|font_size:2.3rem|text_align:center|color:%233d616f&#8220; google_fonts=&#8220;font_family:Roboto%20Slab%3A100%2C300%2Cregular%2C700|font_style:400%20regular%3A400%3Anormal&#8220; css_animation=&#8220;none&#8220; el_class=&#8220;large-heading&#8220;][vc_column_text][insta-gallery id=&#8220;1&#8243;][\/vc_column_text][\/vc_column][\/vc_row]<\/p>\n<\/div>","protected":false},"excerpt":{"rendered":"[vc_row el_class=&#8220;top-bottom-padding boxed&#8220; css=&#8220;.vc_custom_1543309314172{padding-right: 5% !important;padding-bottom: 30px !important;padding-left: 5% !important;}&#8220;][vc_column][vc_row_inner equal_height=&#8220;yes&#8220; gap=&#8220;30&#8243;][vc_column_inner width=&#8220;1\/2&#8243;][vc_custom_heading text=&#8220;Kassandra Palace bietet einen wundersch\u00f6nen, abgelegenen Strand in Kriopigi, der nur 40 Meter von Ihrem Zimmer entfernt liegt.&#8220; font_container=&#8220;tag:h2|font_size:2.5rem|text_align:left|color:%233d616f&#8220; google_fonts=&#8220;font_family:Roboto%20Slab%3A100%2C300%2Cregular%2C700|font_style:400%20regular%3A400%3Anormal&#8220; css_animation=&#8220;fadeInUp&#8220; el_class=&#8220;large-heading&#8220; css=&#8220;.vc_custom_1579010743922{margin-top: 0px !important;}&#8220;][\/vc_column_inner][vc_column_inner width=&#8220;1\/2&#8243;][vc_column_text css_animation=&#8220;fadeInUp&#8220;]Der Strand von Kassandra Palace besitzt die Blaue-Flagge-Zertifizierung. Er erf\u00fcllt die strengen Voraussetzungen in Bezug auf&#8230; <a class=\"view-article\" href=\"https:\/\/kassandra-palace.com\/de\/freizeit-aktivitaeten\/der-strand\/\">Artikel ansehen<\/a>","protected":false},"author":1,"featured_media":0,"parent":2332,"menu_order":0,"comment_status":"closed","ping_status":"closed","template":"","meta":{"_acf_changed":false,"footnotes":""},"class_list":["post-2339","page","type-page","status-publish","hentry"],"acf":[],"yoast_head":"<!-- This site is optimized with the Yoast SEO plugin v25.9 - https:\/\/yoast.com\/wordpress\/plugins\/seo\/ -->\n<title>Der Strand - Kassandra Palace<\/title>\n<meta name=\"robots\" content=\"index, follow, max-snippet:-1, max-image-preview:large, max-video-preview:-1\" \/>\n<link rel=\"canonical\" href=\"https:\/\/kassandra-palace.com\/de\/freizeit-aktivitaeten\/der-strand\/\" \/>\n<meta property=\"og:locale\" content=\"de_DE\" \/>\n<meta property=\"og:type\" content=\"article\" \/>\n<meta property=\"og:title\" content=\"Der Strand - Kassandra Palace\" \/>\n<meta property=\"og:description\" content=\"[vc_row el_class=&#8220;top-bottom-padding boxed&#8220; css=&#8220;.vc_custom_1543309314172{padding-right: 5% !important;padding-bottom: 30px !important;padding-left: 5% !important;}&#8220;][vc_column][vc_row_inner equal_height=&#8220;yes&#8220; gap=&#8220;30&#8243;][vc_column_inner width=&#8220;1\/2&#8243;][vc_custom_heading text=&#8220;Kassandra Palace bietet einen wundersch\u00f6nen, abgelegenen Strand in Kriopigi, der nur 40 Meter von Ihrem Zimmer entfernt liegt.&#8220; font_container=&#8220;tag:h2|font_size:2.5rem|text_align:left|color:%233d616f&#8220; google_fonts=&#8220;font_family:Roboto%20Slab%3A100%2C300%2Cregular%2C700|font_style:400%20regular%3A400%3Anormal&#8220; css_animation=&#8220;fadeInUp&#8220; el_class=&#8220;large-heading&#8220; css=&#8220;.vc_custom_1579010743922{margin-top: 0px !important;}&#8220;][\/vc_column_inner][vc_column_inner width=&#8220;1\/2&#8243;][vc_column_text css_animation=&#8220;fadeInUp&#8220;]Der Strand von Kassandra Palace besitzt die Blaue-Flagge-Zertifizierung. Er erf\u00fcllt die strengen Voraussetzungen in Bezug auf... Artikel ansehen\" \/>\n<meta property=\"og:url\" content=\"https:\/\/kassandra-palace.com\/de\/freizeit-aktivitaeten\/der-strand\/\" \/>\n<meta property=\"og:site_name\" content=\"Kassandra Palace\" \/>\n<meta property=\"article:modified_time\" content=\"2024-05-14T08:11:12+00:00\" \/>\n<meta name=\"twitter:card\" content=\"summary_large_image\" \/>\n<meta name=\"twitter:label1\" content=\"Gesch\u00e4tzte Lesezeit\" \/>\n\t<meta name=\"twitter:data1\" content=\"4\u00a0Minuten\" \/>\n<script type=\"application\/ld+json\" class=\"yoast-schema-graph\">{\"@context\":\"https:\/\/schema.org\",\"@graph\":[{\"@type\":\"WebPage\",\"@id\":\"https:\/\/kassandra-palace.com\/de\/freizeit-aktivitaeten\/der-strand\/\",\"url\":\"https:\/\/kassandra-palace.com\/de\/freizeit-aktivitaeten\/der-strand\/\",\"name\":\"Der Strand - Kassandra Palace\",\"isPartOf\":{\"@id\":\"https:\/\/kassandra-palace.com\/#website\"},\"datePublished\":\"2020-01-14T14:08:38+00:00\",\"dateModified\":\"2024-05-14T08:11:12+00:00\",\"breadcrumb\":{\"@id\":\"https:\/\/kassandra-palace.com\/de\/freizeit-aktivitaeten\/der-strand\/#breadcrumb\"},\"inLanguage\":\"de\",\"potentialAction\":[{\"@type\":\"ReadAction\",\"target\":[\"https:\/\/kassandra-palace.com\/de\/freizeit-aktivitaeten\/der-strand\/\"]}]},{\"@type\":\"BreadcrumbList\",\"@id\":\"https:\/\/kassandra-palace.com\/de\/freizeit-aktivitaeten\/der-strand\/#breadcrumb\",\"itemListElement\":[{\"@type\":\"ListItem\",\"position\":1,\"name\":\"Home\",\"item\":\"https:\/\/kassandra-palace.com\/de\/\"},{\"@type\":\"ListItem\",\"position\":2,\"name\":\"Freizeit &#038; Aktivit\u00e4ten\",\"item\":\"https:\/\/kassandra-palace.com\/de\/freizeit-aktivitaeten\/\"},{\"@type\":\"ListItem\",\"position\":3,\"name\":\"Der Strand\"}]},{\"@type\":\"WebSite\",\"@id\":\"https:\/\/kassandra-palace.com\/#website\",\"url\":\"https:\/\/kassandra-palace.com\/\",\"name\":\"Kassandra Palace\",\"description\":\"\",\"potentialAction\":[{\"@type\":\"SearchAction\",\"target\":{\"@type\":\"EntryPoint\",\"urlTemplate\":\"https:\/\/kassandra-palace.com\/?s={search_term_string}\"},\"query-input\":{\"@type\":\"PropertyValueSpecification\",\"valueRequired\":true,\"valueName\":\"search_term_string\"}}],\"inLanguage\":\"de\"}]}<\/script>\n<!-- \/ Yoast SEO plugin. -->","yoast_head_json":{"title":"Der Strand - Kassandra Palace","robots":{"index":"index","follow":"follow","max-snippet":"max-snippet:-1","max-image-preview":"max-image-preview:large","max-video-preview":"max-video-preview:-1"},"canonical":"https:\/\/kassandra-palace.com\/de\/freizeit-aktivitaeten\/der-strand\/","og_locale":"de_DE","og_type":"article","og_title":"Der Strand - Kassandra Palace","og_description":"[vc_row el_class=&#8220;top-bottom-padding boxed&#8220; css=&#8220;.vc_custom_1543309314172{padding-right: 5% !important;padding-bottom: 30px !important;padding-left: 5% !important;}&#8220;][vc_column][vc_row_inner equal_height=&#8220;yes&#8220; gap=&#8220;30&#8243;][vc_column_inner width=&#8220;1\/2&#8243;][vc_custom_heading text=&#8220;Kassandra Palace bietet einen wundersch\u00f6nen, abgelegenen Strand in Kriopigi, der nur 40 Meter von Ihrem Zimmer entfernt liegt.&#8220; font_container=&#8220;tag:h2|font_size:2.5rem|text_align:left|color:%233d616f&#8220; google_fonts=&#8220;font_family:Roboto%20Slab%3A100%2C300%2Cregular%2C700|font_style:400%20regular%3A400%3Anormal&#8220; css_animation=&#8220;fadeInUp&#8220; el_class=&#8220;large-heading&#8220; css=&#8220;.vc_custom_1579010743922{margin-top: 0px !important;}&#8220;][\/vc_column_inner][vc_column_inner width=&#8220;1\/2&#8243;][vc_column_text css_animation=&#8220;fadeInUp&#8220;]Der Strand von Kassandra Palace besitzt die Blaue-Flagge-Zertifizierung. Er erf\u00fcllt die strengen Voraussetzungen in Bezug auf... Artikel ansehen","og_url":"https:\/\/kassandra-palace.com\/de\/freizeit-aktivitaeten\/der-strand\/","og_site_name":"Kassandra Palace","article_modified_time":"2024-05-14T08:11:12+00:00","twitter_card":"summary_large_image","twitter_misc":{"Gesch\u00e4tzte Lesezeit":"4\u00a0Minuten"},"schema":{"@context":"https:\/\/schema.org","@graph":[{"@type":"WebPage","@id":"https:\/\/kassandra-palace.com\/de\/freizeit-aktivitaeten\/der-strand\/","url":"https:\/\/kassandra-palace.com\/de\/freizeit-aktivitaeten\/der-strand\/","name":"Der Strand - Kassandra Palace","isPartOf":{"@id":"https:\/\/kassandra-palace.com\/#website"},"datePublished":"2020-01-14T14:08:38+00:00","dateModified":"2024-05-14T08:11:12+00:00","breadcrumb":{"@id":"https:\/\/kassandra-palace.com\/de\/freizeit-aktivitaeten\/der-strand\/#breadcrumb"},"inLanguage":"de","potentialAction":[{"@type":"ReadAction","target":["https:\/\/kassandra-palace.com\/de\/freizeit-aktivitaeten\/der-strand\/"]}]},{"@type":"BreadcrumbList","@id":"https:\/\/kassandra-palace.com\/de\/freizeit-aktivitaeten\/der-strand\/#breadcrumb","itemListElement":[{"@type":"ListItem","position":1,"name":"Home","item":"https:\/\/kassandra-palace.com\/de\/"},{"@type":"ListItem","position":2,"name":"Freizeit &#038; Aktivit\u00e4ten","item":"https:\/\/kassandra-palace.com\/de\/freizeit-aktivitaeten\/"},{"@type":"ListItem","position":3,"name":"Der Strand"}]},{"@type":"WebSite","@id":"https:\/\/kassandra-palace.com\/#website","url":"https:\/\/kassandra-palace.com\/","name":"Kassandra Palace","description":"","potentialAction":[{"@type":"SearchAction","target":{"@type":"EntryPoint","urlTemplate":"https:\/\/kassandra-palace.com\/?s={search_term_string}"},"query-input":{"@type":"PropertyValueSpecification","valueRequired":true,"valueName":"search_term_string"}}],"inLanguage":"de"}]}},"post_mailing_queue_ids":[],"_links":{"self":[{"href":"https:\/\/kassandra-palace.com\/de\/wp-json\/wp\/v2\/pages\/2339","targetHints":{"allow":["GET"]}}],"collection":[{"href":"https:\/\/kassandra-palace.com\/de\/wp-json\/wp\/v2\/pages"}],"about":[{"href":"https:\/\/kassandra-palace.com\/de\/wp-json\/wp\/v2\/types\/page"}],"author":[{"embeddable":true,"href":"https:\/\/kassandra-palace.com\/de\/wp-json\/wp\/v2\/users\/1"}],"replies":[{"embeddable":true,"href":"https:\/\/kassandra-palace.com\/de\/wp-json\/wp\/v2\/comments?post=2339"}],"version-history":[{"count":0,"href":"https:\/\/kassandra-palace.com\/de\/wp-json\/wp\/v2\/pages\/2339\/revisions"}],"up":[{"embeddable":true,"href":"https:\/\/kassandra-palace.com\/de\/wp-json\/wp\/v2\/pages\/2332"}],"wp:attachment":[{"href":"https:\/\/kassandra-palace.com\/de\/wp-json\/wp\/v2\/media?parent=2339"}],"curies":[{"name":"wp","href":"https:\/\/api.w.org\/{rel}","templated":true}]}}