{"id":2332,"date":"2020-01-14T15:38:33","date_gmt":"2020-01-14T13:38:33","guid":{"rendered":"https:\/\/kassandra-palace.com\/?page_id=2332\/"},"modified":"2023-09-15T11:55:48","modified_gmt":"2023-09-15T09:55:48","slug":"freizeit-aktivitaeten","status":"publish","type":"page","link":"https:\/\/kassandra-palace.com\/de\/freizeit-aktivitaeten\/","title":{"rendered":"Freizeit &#038; Aktivit\u00e4ten"},"content":{"rendered":"<div class=\"wpb-content-wrapper\"><p>[vc_row el_class=&#8220;top-bottom-padding boxed&#8220; css=&#8220;.vc_custom_1543309314172{padding-right: 5% !important;padding-bottom: 30px !important;padding-left: 5% !important;}&#8220;][vc_column]<div class=\"ult-content-box-container \" >\t\t<div class=\"ult-content-box\" style=\"box-shadow: px px px px none;-webkit-transition: all 700ms ease;-moz-transition: all 700ms ease;-ms-transition: all 700ms ease;-o-transition: all 700ms ease;transition: all 700ms ease;\"  data-hover_box_shadow=\"none\"    >[vc_custom_heading text=&#8220;FREIZEIT&#8220; font_container=&#8220;tag:h1|text_align:left|color:%23000000&#8243; google_fonts=&#8220;font_family:Arimo%3Aregular%2Citalic%2C700%2C700italic|font_style:400%20regular%3A400%3Anormal&#8220; css_animation=&#8220;fadeInUp&#8220; el_class=&#8220;small-heading line-left no-line&#8220;]\t\t<\/div><\/div>[vc_row_inner equal_height=&#8220;yes&#8220; gap=&#8220;30&#8243;][vc_column_inner width=&#8220;1\/2&#8243;][vc_custom_heading text=&#8220;Im Kassandra Palace Seaside Resort finden Sie nur wenige Schritte von Ihrem Zimmer entfernt eine unvergleichbare Strand- und Poollandschaft.&#8220; font_container=&#8220;tag:h2|font_size:2.5rem|text_align:left|color:%233d616f&#8220; google_fonts=&#8220;font_family:Roboto%20Slab%3A100%2C300%2Cregular%2C700|font_style:400%20regular%3A400%3Anormal&#8220; css_animation=&#8220;fadeInUp&#8220; el_class=&#8220;large-heading&#8220; css=&#8220;.vc_custom_1673440899110{margin-top: 0px !important;}&#8220;][\/vc_column_inner][vc_column_inner width=&#8220;1\/2&#8243;][vc_column_text css_animation=&#8220;fadeInUp&#8220;]Kassandra Palace Seaside Resort verwandelt Ihren Aufenthalt in ein faszinierendes Urlaubserlebnis voller Momente der Unterhaltung und Erholung. Sie werden von der breiten Auswahl an Freizeit- und Sportaktivit\u00e4ten beeindruckt sein und viele Unterhaltungsoptionen f\u00fcr den ganzen Tag entdecken.[\/vc_column_text][\/vc_column_inner][\/vc_row_inner][\/vc_column][\/vc_row][vc_row el_class=&#8220;top-bottom-padding boxed&#8220; css=&#8220;.vc_custom_1543400275756{padding-top: 0px !important;}&#8220;][vc_column][vc_row_inner][vc_column_inner]<div class=\"ult-content-box-container content-box-padded\" >\t\t<div class=\"ult-content-box\" style=\"box-shadow: px px px px none;-webkit-transition: all 700ms ease;-moz-transition: all 700ms ease;-ms-transition: all 700ms ease;-o-transition: all 700ms ease;transition: all 700ms ease;\"  data-hover_box_shadow=\"none\"    >[vc_custom_heading text=&#8220;OUR FACILITIES IN DETAILS&#8220; font_container=&#8220;tag:h1|text_align:center|color:%23000000&#8243; google_fonts=&#8220;font_family:Arimo%3Aregular%2Citalic%2C700%2C700italic|font_style:400%20regular%3A400%3Anormal&#8220; css_animation=&#8220;none&#8220; el_class=&#8220;small-heading&#8220;]<div class=\"ult-spacer spacer-69e78275164b4\" data-id=\"69e78275164b4\" data-height=\"10\" data-height-mobile=\"10\" data-height-tab=\"10\" data-height-tab-portrait=\"\" data-height-mobile-landscape=\"\" style=\"clear:both;display:block;\"><\/div>\t\t<\/div><\/div>[\/vc_column_inner][\/vc_row_inner][vc_row_inner css=&#8220;.vc_custom_1543336126862{padding-right: 0px !important;padding-left: 0px !important;}&#8220;][vc_column_inner width=&#8220;1\/4&#8243;]<div tabindex=\"0\" class=\"ult-new-ib ult-ib-effect-style9  ult-ib-resp ult-ib2-min-height \" data-min-width=\"768\" data-max-width=\"900\" style=\" opacity:0; \" data-opacity=\"1\" data-hover-opacity=\"1\"  data-min-height=\"400\" ><img decoding=\"async\" class=\"ult-new-ib-img\" style=\"opacity:1;\" alt=\"null\" src=\"https:\/\/kassandra-palace.com\/wp-content\/uploads\/2020\/07\/Pools.jpg\"  data-min-height=\"400\"   \/><div id=\"interactive-banner-wrap-9525\" class=\"ult-new-ib-desc\" style=\"\"><h2 class=\"ult-new-ib-title ult-responsive\"  data-ultimate-target='#interactive-banner-wrap-9525 .ult-new-ib-title'  data-responsive-json-new='{\"font-size\":\"desktop:25px;\",\"line-height\":\"\"}'  style=\"font-family:&#039;Roboto Slab&#039;;font-weight:normal;\">Pools<\/h2><div class=\"ult-new-ib-content ult-responsive\"  data-ultimate-target='#interactive-banner-wrap-9525 .ult-new-ib-content'  data-responsive-json-new='{\"font-size\":\"desktop:15px;\",\"line-height\":\"\"}'  style=\"font-weight:normal;\"><p>Outdoor &amp; Indoor heated<\/p><\/div><\/div><a class=\"ult-new-ib-link\" href=\"http:\/\/kassandra-palace.com\/leisure\/pools\/\"  ><\/a><\/div>[\/vc_column_inner][vc_column_inner width=&#8220;1\/4&#8243;]<div tabindex=\"0\" class=\"ult-new-ib ult-ib-effect-style9  ult-ib-resp ult-ib2-min-height \" data-min-width=\"768\" data-max-width=\"900\" style=\" opacity:0; \" data-opacity=\"1\" data-hover-opacity=\"1\"  data-min-height=\"400\" ><img decoding=\"async\" class=\"ult-new-ib-img\" style=\"opacity:1;\" alt=\"null\" src=\"https:\/\/kassandra-palace.com\/wp-content\/uploads\/2019\/01\/beach-home-2.jpg\"  data-min-height=\"400\"   \/><div id=\"interactive-banner-wrap-2071\" class=\"ult-new-ib-desc\" style=\"\"><h2 class=\"ult-new-ib-title ult-responsive\"  data-ultimate-target='#interactive-banner-wrap-2071 .ult-new-ib-title'  data-responsive-json-new='{\"font-size\":\"desktop:25px;\",\"line-height\":\"\"}'  style=\"font-family:&#039;Roboto Slab&#039;;font-weight:normal;\">The Beach<\/h2><div class=\"ult-new-ib-content ult-responsive\"  data-ultimate-target='#interactive-banner-wrap-2071 .ult-new-ib-content'  data-responsive-json-new='{\"font-size\":\"desktop:15px;\",\"line-height\":\"\"}'  style=\"font-weight:normal;\"><p>Blue Flag<\/p><\/div><\/div><a class=\"ult-new-ib-link\" href=\"http:\/\/kassandra-palace.com\/leisure\/the-beach\/\"  ><\/a><\/div>[\/vc_column_inner][vc_column_inner width=&#8220;1\/4&#8243;]<div tabindex=\"0\" class=\"ult-new-ib ult-ib-effect-style9  ult-ib-resp ult-ib2-min-height \" data-min-width=\"768\" data-max-width=\"900\" style=\" opacity:0; \" data-opacity=\"1\" data-hover-opacity=\"1\"  data-min-height=\"400\" ><img decoding=\"async\" class=\"ult-new-ib-img\" style=\"opacity:1;\" alt=\"Kassandra Palace Children Activities\" src=\"https:\/\/kassandra-palace.com\/wp-content\/uploads\/2018\/11\/children-activities-home.jpg\"  data-min-height=\"400\"   \/><div id=\"interactive-banner-wrap-5798\" class=\"ult-new-ib-desc\" style=\"\"><h2 class=\"ult-new-ib-title ult-responsive\"  data-ultimate-target='#interactive-banner-wrap-5798 .ult-new-ib-title'  data-responsive-json-new='{\"font-size\":\"desktop:25px;\",\"line-height\":\"\"}'  style=\"font-family:&#039;Roboto Slab&#039;;font-weight:normal;\">Playlab<\/h2><div class=\"ult-new-ib-content ult-responsive\"  data-ultimate-target='#interactive-banner-wrap-5798 .ult-new-ib-content'  data-responsive-json-new='{\"font-size\":\"desktop:15px;\",\"line-height\":\"\"}'  style=\"font-weight:normal;\"><p>Ages 4-12<\/p><\/div><\/div><a class=\"ult-new-ib-link\" href=\"http:\/\/kassandra-palace.com\/leisure\/kids\/\"  ><\/a><\/div>[\/vc_column_inner][vc_column_inner width=&#8220;1\/4&#8243;]<div tabindex=\"0\" class=\"ult-new-ib ult-ib-effect-style9  ult-ib-resp ult-ib2-min-height \" data-min-width=\"768\" data-max-width=\"900\" style=\" opacity:0; \" data-opacity=\"1\" data-hover-opacity=\"1\"  data-min-height=\"400\" ><img decoding=\"async\" class=\"ult-new-ib-img\" style=\"opacity:1;\" alt=\"null\" src=\"https:\/\/kassandra-palace.com\/wp-content\/uploads\/2023\/09\/glgl2.jpg\"  data-min-height=\"400\"   \/><div id=\"interactive-banner-wrap-9439\" class=\"ult-new-ib-desc\" style=\"\"><h2 class=\"ult-new-ib-title ult-responsive\"  data-ultimate-target='#interactive-banner-wrap-9439 .ult-new-ib-title'  data-responsive-json-new='{\"font-size\":\"desktop:25px;\",\"line-height\":\"\"}'  style=\"font-family:&#039;Roboto Slab&#039;;font-weight:normal;\">Gamelab<\/h2><\/div><a class=\"ult-new-ib-link\" href=\"https:\/\/kassandra-palace.com\/de\/freizeit-aktivitaeten\/gamelab\/\"  ><\/a><\/div>[\/vc_column_inner][\/vc_row_inner][\/vc_column][\/vc_row][vc_row full_width=&#8220;stretch_row&#8220; gap=&#8220;10&#8243; equal_height=&#8220;yes&#8220; css=&#8220;.vc_custom_1543401890687{margin-bottom: 50px !important;padding-bottom: 25px !important;}&#8220;][vc_column css_animation=&#8220;fadeInLeft&#8220; offset=&#8220;vc_col-lg-6&#8243;][vc_column_text css=&#8220;.vc_custom_1543403026909{margin-bottom: 0px !important;padding-bottom: 0px !important;}&#8220;][\/vc_column_text][\/vc_column][vc_column el_class=&#8220;spa-menu-container bg-color1&#8243; offset=&#8220;vc_col-lg-6&#8243;][vc_custom_heading text=&#8220;AKTIVIT\u00c4TEN&#8220; font_container=&#8220;tag:h1|text_align:left|color:%23000000&#8243; google_fonts=&#8220;font_family:Arimo%3Aregular%2Citalic%2C700%2C700italic|font_style:400%20regular%3A400%3Anormal&#8220; css_animation=&#8220;fadeInUp&#8220; el_class=&#8220;small-heading no-line&#8220;][vc_custom_heading text=&#8220;Genie\u00dfen Sie Momente der Entspannung<br \/>\n&#8220; font_container=&#8220;tag:h2|font_size:2.5rem|text_align:left|color:%233d616f&#8220; google_fonts=&#8220;font_family:Roboto%20Slab%3A100%2C300%2Cregular%2C700|font_style:400%20regular%3A400%3Anormal&#8220; css_animation=&#8220;fadeInUp&#8220; el_class=&#8220;large-heading&#8220; css=&#8220;.vc_custom_1579006049342{margin-top: 0px !important;}&#8220;]<div class=\"ult-content-box-container spa-menu\" >\t\t<div class=\"ult-content-box\" style=\"background-color:#e0e8ea;box-shadow: px px px px none;border-style:none;border-width:1px;border-color:#dbae1d;-webkit-transition: all 700ms ease;-moz-transition: all 700ms ease;-ms-transition: all 700ms ease;-o-transition: all 700ms ease;transition: all 700ms ease;\"  data-hover_box_shadow=\"none\"     data-bg=\"#e0e8ea\"  data-border_color=\"#dbae1d\" >[vc_tta_accordion style=&#8220;flat&#8220; shape=&#8220;square&#8220; active_section=&#8220;1&#8243; el_class=&#8220;custom-style&#8220; css=&#8220;.vc_custom_1542891839416{margin-bottom: 0px !important;}&#8220;][vc_tta_section title=&#8220;Tennis&#8220; tab_id=&#8220;1543318628427-1bfa292a-afe41543401881193&#8243;][vc_column_text]<span style=\"font-weight: 400;\">Es sind zwei (2) ausgestattete Tennispl\u00e4tze verf\u00fcgbar.<\/span>[\/vc_column_text][\/vc_tta_section][vc_tta_section title=&#8220;Yoga-Stunden&#8220; tab_id=&#8220;1543318628590-38200838-21de1543401881193&#8243;][vc_column_text]<span style=\"font-weight: 400;\">G\u00e4ste, die w\u00e4hrend ihres Urlaubs fit bleiben m\u00f6chten, k\u00f6nnen Yoga-Stunden nehmen und das Pilates- und Aqua Aerobic-Angebot nutzen.<\/span>[\/vc_column_text][\/vc_tta_section][vc_tta_section title=&#8220;Fitnessraum&#8220; tab_id=&#8220;1543318628751-f2045c3a-9bc81543401881193&#8243;][vc_column_text]<span style=\"font-weight: 400;\">G\u00e4ste, die w\u00e4hrend ihres Urlaubs fit bleiben m\u00f6chten k\u00f6nnen das voll ausgestattete Fitnessstudio kostenlos nutzen und auf den Laufb\u00e4ndern, Fahrr\u00e4dern und an den Gewichten trainieren und so den optimalen Zustand der Entspannung erreichen.<\/span>[\/vc_column_text][\/vc_tta_section][vc_tta_section title=&#8220;Fahrradfahren &amp; Wandern&#8220; tab_id=&#8220;1543318628907-4b5a2e91-0fe51543401881193&#8243;][vc_column_text]<span style=\"font-weight: 400;\">Unsere G\u00e4ste haben die M\u00f6glichkeit, eine Wandertour zu unternehmen und die wundersch\u00f6ne Landschaft von Halkidiki \u00fcber die zahlreichen Wanderwege zu erkunden. Von unserem Hotel aus f\u00fchrt ein wundersch\u00f6ner alter Wanderweg zum Dorf von Kriopigi an der K\u00fcste. Dank des komplexen Gel\u00e4ndes der Gegend ist Mountainbiken ein einzigartiges Erlebnis, das k\u00f6rperliche Bet\u00e4tigung mit geistiger Stimulation kombiniert.<\/span>[\/vc_column_text][\/vc_tta_section][vc_tta_section title=&#8220;Spielzimmer mit Billardtischen&#8220; tab_id=&#8220;1543318629223-3fb8c6e2-b12a1543401881193&#8243;][vc_column_text]<span style=\"font-weight: 400;\">Spielzimmer mit Billard- und Kartenspieltischen.<\/span>[\/vc_column_text][\/vc_tta_section][\/vc_tta_accordion]\t\t<\/div><\/div>[\/vc_column][\/vc_row][vc_row full_width=&#8220;stretch_row&#8220; el_class=&#8220;top-bottom-padding &#8220; css=&#8220;.vc_custom_1541599268262{padding-top: 0px !important;}&#8220;][vc_column width=&#8220;1\/2&#8243;][vc_column_text]<div class='simple-banner style2 ' style='max-height:550px '><picture> <img src='https:\/\/kassandra-palace.com\/wp-content\/uploads\/2018\/12\/latest-offers-200x200.jpg' alt='' style='opacity: 0;' \/> <\/picture><div class='simple-banner-bg-wrapper'> <div class='simple-banner-bg lazy-ld' data-bg='url(https:\/\/kassandra-palace.com\/wp-content\/uploads\/2018\/12\/latest-offers.jpg)' ><\/div> <div class='overlay' style='opacity: 0.1'><\/div> <\/div><div class='caption-wrapper'><div class='title-wrapper'><span class='title'>Latest offers<\/span><\/div><div class='subtitle-wrapper'><span class='subtitle'>Exclusive Packages<\/span><\/div><\/div><a href='http:\/\/kassandra-palace.com\/offers\/' class='link'><\/a><\/div>[\/vc_column_text][\/vc_column][vc_column width=&#8220;1\/2&#8243;][vc_column_text]<div class='simple-banner style2 ' style='max-height:550px '><picture> <img src='https:\/\/kassandra-palace.com\/wp-content\/uploads\/2018\/10\/grand-suite-sea-view-18-200x200.jpg' alt='' style='opacity: 0;' \/> <\/picture><div class='simple-banner-bg-wrapper'> <div class='simple-banner-bg lazy-ld' data-bg='url(https:\/\/kassandra-palace.com\/wp-content\/uploads\/2018\/10\/grand-suite-sea-view-18.jpg)' ><\/div> <div class='overlay' style='opacity: 0.1'><\/div> <\/div><div class='caption-wrapper'><div class='title-wrapper'><span class='title'>Upgrade your stay<\/span><\/div><div class='subtitle-wrapper'><span class='subtitle'>View more rooms<\/span><\/div><\/div><a href='http:\/\/kassandra-palace.com\/rooms-overview\/' class='link'><\/a><\/div>[\/vc_column_text][\/vc_column][\/vc_row]<\/p>\n<\/div>","protected":false},"excerpt":{"rendered":"[vc_row el_class=&#8220;top-bottom-padding boxed&#8220; css=&#8220;.vc_custom_1543309314172{padding-right: 5% !important;padding-bottom: 30px !important;padding-left: 5% !important;}&#8220;][vc_column][vc_row_inner equal_height=&#8220;yes&#8220; gap=&#8220;30&#8243;][vc_column_inner width=&#8220;1\/2&#8243;][vc_custom_heading text=&#8220;Im Kassandra Palace Seaside Resort finden Sie nur wenige Schritte von Ihrem Zimmer entfernt eine unvergleichbare Strand- und Poollandschaft.&#8220; font_container=&#8220;tag:h2|font_size:2.5rem|text_align:left|color:%233d616f&#8220; google_fonts=&#8220;font_family:Roboto%20Slab%3A100%2C300%2Cregular%2C700|font_style:400%20regular%3A400%3Anormal&#8220; css_animation=&#8220;fadeInUp&#8220; el_class=&#8220;large-heading&#8220; css=&#8220;.vc_custom_1673440899110{margin-top: 0px !important;}&#8220;][\/vc_column_inner][vc_column_inner width=&#8220;1\/2&#8243;][vc_column_text css_animation=&#8220;fadeInUp&#8220;]Kassandra Palace Seaside Resort verwandelt Ihren Aufenthalt in ein faszinierendes Urlaubserlebnis voller Momente der Unterhaltung&#8230; <a class=\"view-article\" href=\"https:\/\/kassandra-palace.com\/de\/freizeit-aktivitaeten\/\">Artikel ansehen<\/a>","protected":false},"author":1,"featured_media":0,"parent":0,"menu_order":0,"comment_status":"closed","ping_status":"closed","template":"","meta":{"_acf_changed":false,"footnotes":""},"class_list":["post-2332","page","type-page","status-publish","hentry"],"acf":[],"yoast_head":"<!-- This site is optimized with the Yoast SEO plugin v25.9 - https:\/\/yoast.com\/wordpress\/plugins\/seo\/ -->\n<title>Freizeit &amp; Aktivit\u00e4ten - Kassandra Palace<\/title>\n<meta name=\"robots\" content=\"index, follow, max-snippet:-1, max-image-preview:large, max-video-preview:-1\" \/>\n<link rel=\"canonical\" href=\"https:\/\/kassandra-palace.com\/de\/freizeit-aktivitaeten\/\" \/>\n<meta property=\"og:locale\" content=\"de_DE\" \/>\n<meta property=\"og:type\" content=\"article\" \/>\n<meta property=\"og:title\" content=\"Freizeit &amp; Aktivit\u00e4ten - Kassandra Palace\" \/>\n<meta property=\"og:description\" content=\"[vc_row el_class=&#8220;top-bottom-padding boxed&#8220; css=&#8220;.vc_custom_1543309314172{padding-right: 5% !important;padding-bottom: 30px !important;padding-left: 5% !important;}&#8220;][vc_column][vc_row_inner equal_height=&#8220;yes&#8220; gap=&#8220;30&#8243;][vc_column_inner width=&#8220;1\/2&#8243;][vc_custom_heading text=&#8220;Im Kassandra Palace Seaside Resort finden Sie nur wenige Schritte von Ihrem Zimmer entfernt eine unvergleichbare Strand- und Poollandschaft.&#8220; font_container=&#8220;tag:h2|font_size:2.5rem|text_align:left|color:%233d616f&#8220; google_fonts=&#8220;font_family:Roboto%20Slab%3A100%2C300%2Cregular%2C700|font_style:400%20regular%3A400%3Anormal&#8220; css_animation=&#8220;fadeInUp&#8220; el_class=&#8220;large-heading&#8220; css=&#8220;.vc_custom_1673440899110{margin-top: 0px !important;}&#8220;][\/vc_column_inner][vc_column_inner width=&#8220;1\/2&#8243;][vc_column_text css_animation=&#8220;fadeInUp&#8220;]Kassandra Palace Seaside Resort verwandelt Ihren Aufenthalt in ein faszinierendes Urlaubserlebnis voller Momente der Unterhaltung... Artikel ansehen\" \/>\n<meta property=\"og:url\" content=\"https:\/\/kassandra-palace.com\/de\/freizeit-aktivitaeten\/\" \/>\n<meta property=\"og:site_name\" content=\"Kassandra Palace\" \/>\n<meta property=\"article:modified_time\" content=\"2023-09-15T09:55:48+00:00\" \/>\n<meta name=\"twitter:card\" content=\"summary_large_image\" \/>\n<meta name=\"twitter:label1\" content=\"Gesch\u00e4tzte Lesezeit\" \/>\n\t<meta name=\"twitter:data1\" content=\"6\u00a0Minuten\" \/>\n<script type=\"application\/ld+json\" class=\"yoast-schema-graph\">{\"@context\":\"https:\/\/schema.org\",\"@graph\":[{\"@type\":\"WebPage\",\"@id\":\"https:\/\/kassandra-palace.com\/de\/freizeit-aktivitaeten\/\",\"url\":\"https:\/\/kassandra-palace.com\/de\/freizeit-aktivitaeten\/\",\"name\":\"Freizeit & Aktivit\u00e4ten - Kassandra Palace\",\"isPartOf\":{\"@id\":\"https:\/\/kassandra-palace.com\/#website\"},\"datePublished\":\"2020-01-14T13:38:33+00:00\",\"dateModified\":\"2023-09-15T09:55:48+00:00\",\"breadcrumb\":{\"@id\":\"https:\/\/kassandra-palace.com\/de\/freizeit-aktivitaeten\/#breadcrumb\"},\"inLanguage\":\"de\",\"potentialAction\":[{\"@type\":\"ReadAction\",\"target\":[\"https:\/\/kassandra-palace.com\/de\/freizeit-aktivitaeten\/\"]}]},{\"@type\":\"BreadcrumbList\",\"@id\":\"https:\/\/kassandra-palace.com\/de\/freizeit-aktivitaeten\/#breadcrumb\",\"itemListElement\":[{\"@type\":\"ListItem\",\"position\":1,\"name\":\"Home\",\"item\":\"https:\/\/kassandra-palace.com\/de\/\"},{\"@type\":\"ListItem\",\"position\":2,\"name\":\"Freizeit &#038; Aktivit\u00e4ten\"}]},{\"@type\":\"WebSite\",\"@id\":\"https:\/\/kassandra-palace.com\/#website\",\"url\":\"https:\/\/kassandra-palace.com\/\",\"name\":\"Kassandra Palace\",\"description\":\"\",\"potentialAction\":[{\"@type\":\"SearchAction\",\"target\":{\"@type\":\"EntryPoint\",\"urlTemplate\":\"https:\/\/kassandra-palace.com\/?s={search_term_string}\"},\"query-input\":{\"@type\":\"PropertyValueSpecification\",\"valueRequired\":true,\"valueName\":\"search_term_string\"}}],\"inLanguage\":\"de\"}]}<\/script>\n<!-- \/ Yoast SEO plugin. -->","yoast_head_json":{"title":"Freizeit & Aktivit\u00e4ten - Kassandra Palace","robots":{"index":"index","follow":"follow","max-snippet":"max-snippet:-1","max-image-preview":"max-image-preview:large","max-video-preview":"max-video-preview:-1"},"canonical":"https:\/\/kassandra-palace.com\/de\/freizeit-aktivitaeten\/","og_locale":"de_DE","og_type":"article","og_title":"Freizeit & Aktivit\u00e4ten - Kassandra Palace","og_description":"[vc_row el_class=&#8220;top-bottom-padding boxed&#8220; css=&#8220;.vc_custom_1543309314172{padding-right: 5% !important;padding-bottom: 30px !important;padding-left: 5% !important;}&#8220;][vc_column][vc_row_inner equal_height=&#8220;yes&#8220; gap=&#8220;30&#8243;][vc_column_inner width=&#8220;1\/2&#8243;][vc_custom_heading text=&#8220;Im Kassandra Palace Seaside Resort finden Sie nur wenige Schritte von Ihrem Zimmer entfernt eine unvergleichbare Strand- und Poollandschaft.&#8220; font_container=&#8220;tag:h2|font_size:2.5rem|text_align:left|color:%233d616f&#8220; google_fonts=&#8220;font_family:Roboto%20Slab%3A100%2C300%2Cregular%2C700|font_style:400%20regular%3A400%3Anormal&#8220; css_animation=&#8220;fadeInUp&#8220; el_class=&#8220;large-heading&#8220; css=&#8220;.vc_custom_1673440899110{margin-top: 0px !important;}&#8220;][\/vc_column_inner][vc_column_inner width=&#8220;1\/2&#8243;][vc_column_text css_animation=&#8220;fadeInUp&#8220;]Kassandra Palace Seaside Resort verwandelt Ihren Aufenthalt in ein faszinierendes Urlaubserlebnis voller Momente der Unterhaltung... Artikel ansehen","og_url":"https:\/\/kassandra-palace.com\/de\/freizeit-aktivitaeten\/","og_site_name":"Kassandra Palace","article_modified_time":"2023-09-15T09:55:48+00:00","twitter_card":"summary_large_image","twitter_misc":{"Gesch\u00e4tzte Lesezeit":"6\u00a0Minuten"},"schema":{"@context":"https:\/\/schema.org","@graph":[{"@type":"WebPage","@id":"https:\/\/kassandra-palace.com\/de\/freizeit-aktivitaeten\/","url":"https:\/\/kassandra-palace.com\/de\/freizeit-aktivitaeten\/","name":"Freizeit & Aktivit\u00e4ten - Kassandra Palace","isPartOf":{"@id":"https:\/\/kassandra-palace.com\/#website"},"datePublished":"2020-01-14T13:38:33+00:00","dateModified":"2023-09-15T09:55:48+00:00","breadcrumb":{"@id":"https:\/\/kassandra-palace.com\/de\/freizeit-aktivitaeten\/#breadcrumb"},"inLanguage":"de","potentialAction":[{"@type":"ReadAction","target":["https:\/\/kassandra-palace.com\/de\/freizeit-aktivitaeten\/"]}]},{"@type":"BreadcrumbList","@id":"https:\/\/kassandra-palace.com\/de\/freizeit-aktivitaeten\/#breadcrumb","itemListElement":[{"@type":"ListItem","position":1,"name":"Home","item":"https:\/\/kassandra-palace.com\/de\/"},{"@type":"ListItem","position":2,"name":"Freizeit &#038; Aktivit\u00e4ten"}]},{"@type":"WebSite","@id":"https:\/\/kassandra-palace.com\/#website","url":"https:\/\/kassandra-palace.com\/","name":"Kassandra Palace","description":"","potentialAction":[{"@type":"SearchAction","target":{"@type":"EntryPoint","urlTemplate":"https:\/\/kassandra-palace.com\/?s={search_term_string}"},"query-input":{"@type":"PropertyValueSpecification","valueRequired":true,"valueName":"search_term_string"}}],"inLanguage":"de"}]}},"post_mailing_queue_ids":[],"_links":{"self":[{"href":"https:\/\/kassandra-palace.com\/de\/wp-json\/wp\/v2\/pages\/2332","targetHints":{"allow":["GET"]}}],"collection":[{"href":"https:\/\/kassandra-palace.com\/de\/wp-json\/wp\/v2\/pages"}],"about":[{"href":"https:\/\/kassandra-palace.com\/de\/wp-json\/wp\/v2\/types\/page"}],"author":[{"embeddable":true,"href":"https:\/\/kassandra-palace.com\/de\/wp-json\/wp\/v2\/users\/1"}],"replies":[{"embeddable":true,"href":"https:\/\/kassandra-palace.com\/de\/wp-json\/wp\/v2\/comments?post=2332"}],"version-history":[{"count":0,"href":"https:\/\/kassandra-palace.com\/de\/wp-json\/wp\/v2\/pages\/2332\/revisions"}],"wp:attachment":[{"href":"https:\/\/kassandra-palace.com\/de\/wp-json\/wp\/v2\/media?parent=2332"}],"curies":[{"name":"wp","href":"https:\/\/api.w.org\/{rel}","templated":true}]}}