{"id":2329,"date":"2020-01-14T14:40:48","date_gmt":"2020-01-14T12:40:48","guid":{"rendered":"https:\/\/kassandra-palace.com\/?page_id=2329\/"},"modified":"2026-04-22T13:08:41","modified_gmt":"2026-04-22T11:08:41","slug":"spa-wellness","status":"publish","type":"page","link":"https:\/\/kassandra-palace.com\/de\/spa-wellness\/","title":{"rendered":"Spa &#038; Wellness"},"content":{"rendered":"<div class=\"wpb-content-wrapper\"><p>[vc_row el_class=&#8220;top-bottom-padding boxed&#8220; css=&#8220;.vc_custom_1543309314172{padding-right: 5% !important;padding-bottom: 30px !important;padding-left: 5% !important;}&#8220;][vc_column]<div class=\"ult-content-box-container \" >\t\t<div class=\"ult-content-box\" style=\"box-shadow: px px px px none;-webkit-transition: all 700ms ease;-moz-transition: all 700ms ease;-ms-transition: all 700ms ease;-o-transition: all 700ms ease;transition: all 700ms ease;\"  data-hover_box_shadow=\"none\"    >[vc_custom_heading text=&#8220;HOTEL MIT SPA IN HALKIDIKI&#8220; font_container=&#8220;tag:h1|text_align:left|color:%23000000&#8243; google_fonts=&#8220;font_family:Arimo%3Aregular%2Citalic%2C700%2C700italic|font_style:400%20regular%3A400%3Anormal&#8220; css_animation=&#8220;fadeInUp&#8220; el_class=&#8220;small-heading line-left no-line&#8220;]\t\t<\/div><\/div>[vc_row_inner equal_height=&#8220;yes&#8220; gap=&#8220;30&#8243;][vc_column_inner width=&#8220;1\/2&#8243;][vc_custom_heading text=&#8220;Inmitten einer Aura nat\u00fcrlicher Gl\u00fcckseligkeit bietet Kassandra Palace Seaside Resort ein revitalisierendes Spa- und Wellness-Center in Halkidiki, das ultimative Entspannung und Verw\u00f6hnung f\u00fcr alle G\u00e4ste verspricht.&#8220; font_container=&#8220;tag:h2|font_size:2.5rem|text_align:left|color:%233d616f&#8220; google_fonts=&#8220;font_family:Roboto%20Slab%3A100%2C300%2Cregular%2C700|font_style:400%20regular%3A400%3Anormal&#8220; css_animation=&#8220;fadeInUp&#8220; css=&#8220;.vc_custom_1673441417885{margin-top: 0px !important;}&#8220; el_class=&#8220;large-heading&#8220;][\/vc_column_inner][vc_column_inner width=&#8220;1\/2&#8243;][vc_column_text css_animation=&#8220;fadeInUp&#8220;]<span style=\"font-weight: 400;\">Im einladenden, luxuri\u00f6sen Umfeld unserer Spaanlage werden Sie eine gen\u00fcssliche Art der Entspannung entdecken. Genie\u00dfen Sie Massagen und Signature-Behandlungen f\u00fcr Gesicht und K\u00f6rper.<\/span><\/p>\n<p><span style=\"font-weight: 400;\">Das Spamen\u00fc bietet eine gro\u00dfe Auswahl an entspannenden und therapeutischen K\u00f6rpermassagen und Gesichtsbehandlungen f\u00fcr alle Hauttypen, Sch\u00f6nheitsbehandlungen, einschlie\u00dflich holistischer Gesichtskuren, und Waxing, sowie einen Manik\u00fcre- und Pedik\u00fcre-Service. Besucher, die eine unvergessliche Spaerfahrung erleben m\u00f6chten, k\u00f6nnen alles oben Aufgef\u00fchrte mit einer Deluxe-Ritualbehandlung, die in der romantischen, ruhigen Atmosph\u00e4re des Spabereiches angeboten wird, zu erschwinglichen Preisen kombinieren. Das Spa von Kassandra Palace Seaside Resort bietet eine gro\u00dfe Auswahl an hochwertigen Serviceleistungen, die die absolute Belebung von K\u00f6rper, Geist und Seele versprechen.<\/span>[\/vc_column_text][\/vc_column_inner][\/vc_row_inner][\/vc_column][\/vc_row][vc_row full_width=&#8220;stretch_row&#8220; gap=&#8220;10&#8243; el_class=&#8220;top-bottom-padding&#8220; css=&#8220;.vc_custom_1543574897749{padding-top: 0px !important;}&#8220;][vc_column css_animation=&#8220;fadeInLeft&#8220; offset=&#8220;vc_col-lg-6&#8243;][vc_column_text css=&#8220;.vc_custom_1543575320559{margin-bottom: 0px !important;}&#8220;][\/vc_column_text][\/vc_column][vc_column offset=&#8220;vc_col-lg-6&#8243;]<div class=\"ult-content-box-container inner-block bg-color1\" >\t\t<div class=\"ult-content-box\" style=\"box-shadow: px px px px none;margin-right:0px;-webkit-transition: all 700ms ease;-moz-transition: all 700ms ease;-ms-transition: all 700ms ease;-o-transition: all 700ms ease;transition: all 700ms ease;\"  data-hover_box_shadow=\"none\"    data-normal_margins=\"margin-right:0px;\"  >[vc_custom_heading text=&#8220;INFORMATIONEN&#8220; font_container=&#8220;tag:h1|text_align:left|color:%23000000&#8243; google_fonts=&#8220;font_family:Arimo%3Aregular%2Citalic%2C700%2C700italic|font_style:400%20regular%3A400%3Anormal&#8220; css_animation=&#8220;fadeInUp&#8220; el_class=&#8220;small-heading no-line&#8220;][vc_custom_heading text=&#8220;Bei den Behandlungen werden ausschlie\u00dflich Produkte von APIVITA verwendet.&#8220; font_container=&#8220;tag:h2|text_align:left|color:%23998b83&#8243; google_fonts=&#8220;font_family:Roboto%20Slab%3A100%2C300%2Cregular%2C700|font_style:400%20regular%3A400%3Anormal&#8220;][vc_column_text css=&#8220;&#8220;]<\/p>\n<div class=\"spa-info-wrapper\">\n<p><span style=\"font-weight: 400;\">Zeiten:<\/span><span style=\"font-weight: 400;\"> 07:30 &#8211; 21:30 Uhr<\/span><\/p>\n<p><span style=\"font-weight: 400;\">Einrichtungen (mit Reservierung):<\/span><span style=\"font-weight: 400;\"> Sauna, Dampfbad, Whirlpool, Innenpool, Behandlungsr\u00e4ume<\/span><\/p>\n<p><span style=\"font-weight: 400;\">Einrichtungen (freie Nutzung):<\/span><span style=\"font-weight: 400;\"> Geheizter Innenpool, Fitnessraum<\/span><\/p>\n<p><span style=\"font-weight: 400;\">Mindestalter:<\/span><span style=\"font-weight: 400;\"> 16 Jahre<\/span><\/p>\n<p><span style=\"font-weight: 400;\">Lage:<\/span><span style=\"font-weight: 400;\"> Hauptgeb\u00e4ude<\/span><\/p>\n<p><span style=\"font-weight: 400;\">Kleidung:<\/span><span style=\"font-weight: 400;\"> Badekleidung<\/span><\/p>\n<\/div>\n<p>[\/vc_column_text][vc_raw_html]JTNDZGl2JTIwY2xhc3MlM0QlMjJzcGEtbWVudS1idXR0b24td3JhcHBlciUyMiUzRSU1QnNpbXBsZV9idXR0b24lMjB0ZXh0JTNEJTI3U1BBTUVOJUMzJTlDJTIwSEVSVU5URVJMQURFTiUyNyUyMHVybCUzRCUyN2h0dHBzJTNBJTJGJTJGa2Fzc2FuZHJhLXBhbGFjZS5jb20lMkZ3cC1jb250ZW50JTJGdXBsb2FkcyUyRjIwMjMlMkYwNSUyRlNwYUJyb2NodXJlMjAyMi5wZGYlMjclMjB0YXJnZXQlM0QlMjdfYmxhbmslMjclNUQlM0MlMkZkaXYlM0U=[\/vc_raw_html]\t\t<\/div><\/div>[\/vc_column][\/vc_row][vc_row full_width=&#8220;stretch_row&#8220; css_animation=&#8220;fadeIn&#8220; el_class=&#8220;top-bottom-padding bg-color1&#8243;][vc_column][vc_row_inner][vc_column_inner]<div class=\"ult-content-box-container content-box-padded\" >\t\t<div class=\"ult-content-box\" style=\"box-shadow: px px px px none;-webkit-transition: all 700ms ease;-moz-transition: all 700ms ease;-ms-transition: all 700ms ease;-o-transition: all 700ms ease;transition: all 700ms ease;\"  data-hover_box_shadow=\"none\"    ><div class=\"ult-spacer spacer-69ea57b9e70aa\" data-id=\"69ea57b9e70aa\" data-height=\"10\" data-height-mobile=\"10\" data-height-tab=\"10\" data-height-tab-portrait=\"\" data-height-mobile-landscape=\"20\" style=\"clear:both;display:block;\"><\/div>[vc_custom_heading text=&#8220;BEAUTY &amp; WELLNESS&#8220; font_container=&#8220;tag:h1|text_align:center|color:%23000000&#8243; google_fonts=&#8220;font_family:Arimo%3Aregular%2Citalic%2C700%2C700italic|font_style:400%20regular%3A400%3Anormal&#8220; css_animation=&#8220;none&#8220; el_class=&#8220;small-heading&#8220;][vc_custom_heading text=&#8220;ENTSPANNENDES ERLEBNIS&#8220; font_container=&#8220;tag:h2|font_size:2.5rem|text_align:center|color:%233d616f&#8220; google_fonts=&#8220;font_family:Roboto%20Slab%3A100%2C300%2Cregular%2C700|font_style:400%20regular%3A400%3Anormal&#8220; css_animation=&#8220;none&#8220; el_class=&#8220;large-heading&#8220;]<div class=\"ult-spacer spacer-69ea57b9e70da\" data-id=\"69ea57b9e70da\" data-height=\"10\" data-height-mobile=\"10\" data-height-tab=\"10\" data-height-tab-portrait=\"\" data-height-mobile-landscape=\"\" style=\"clear:both;display:block;\"><\/div>\t\t<\/div><\/div>[\/vc_column_inner][\/vc_row_inner][vc_row_inner equal_height=&#8220;yes&#8220; content_placement=&#8220;middle&#8220; gap=&#8220;20&#8243; el_class=&#8220;boxed&#8220; css=&#8220;.vc_custom_1542982096849{margin-bottom: 20px !important;}&#8220;][vc_column_inner width=&#8220;1\/2&#8243; css=&#8220;.vc_custom_1542980540080{background-color: #ffffff !important;}&#8220;]<div class=\"ult-content-box-container \" >\t\t<div class=\"ult-content-box\" style=\"box-shadow: px px px px none;padding:5%;-webkit-transition: all 700ms ease;-moz-transition: all 700ms ease;-ms-transition: all 700ms ease;-o-transition: all 700ms ease;transition: all 700ms ease;\"  data-hover_box_shadow=\"none\"    >[vc_custom_heading text=&#8220;Fitness Studio&#8220; font_container=&#8220;tag:h1|text_align:center|color:%23000000&#8243; google_fonts=&#8220;font_family:Arimo%3Aregular%2Citalic%2C700%2C700italic|font_style:400%20regular%3A400%3Anormal&#8220; css_animation=&#8220;none&#8220; el_class=&#8220;small-heading&#8220;][vc_column_text]Kassandra Palace Seaside Resort bietet ein voll ausgestattetes Fitnessstudio, um die Bed\u00fcrfnisse der G\u00e4ste zu erf\u00fcllen, die w\u00e4hrend ihres Urlaubs trainieren m\u00f6chten. Das Fitnessstudio ist mit hochmodernen Ger\u00e4ten ausgestattet und ist ein Teil des Kassandra Palace Spa.<\/p>\n<p>Alle G\u00e4ste k\u00f6nnen die Anlagen des Fitnessstudios kostenlos nutzen.[\/vc_column_text]\t\t<\/div><\/div>[\/vc_column_inner][vc_column_inner width=&#8220;1\/2&#8243; css=&#8220;.vc_custom_1542982063479{padding-right: 0px !important;padding-left: 0px !important;}&#8220;][vc_column_text css=&#8220;.vc_custom_1543320859621{margin-bottom: 0px !important;}&#8220;][\/vc_column_text][\/vc_column_inner][\/vc_row_inner][vc_row_inner equal_height=&#8220;yes&#8220; content_placement=&#8220;middle&#8220; gap=&#8220;20&#8243; disable_element=&#8220;yes&#8220; el_class=&#8220;boxed&#8220;][vc_column_inner el_class=&#8220;.flex-order-second-medium&#8220; width=&#8220;1\/2&#8243; css=&#8220;.vc_custom_1653373779932{padding-right: 0px !important;padding-left: 0px !important;}&#8220; offset=&#8220;vc_hidden-lg vc_hidden-md vc_hidden-sm vc_hidden-xs&#8220;][vc_column_text css=&#8220;.vc_custom_1543320868832{margin-bottom: 0px !important;}&#8220;][\/vc_column_text][\/vc_column_inner][vc_column_inner width=&#8220;1\/2&#8243; css=&#8220;.vc_custom_1542978790638{background-color: #ffffff !important;}&#8220;]<div class=\"ult-content-box-container \" >\t\t<div class=\"ult-content-box\" style=\"box-shadow: px px px px none;padding:5%;-webkit-transition: all 700ms ease;-moz-transition: all 700ms ease;-ms-transition: all 700ms ease;-o-transition: all 700ms ease;transition: all 700ms ease;\"  data-hover_box_shadow=\"none\"    >[vc_custom_heading text=&#8220;FRISEURSALON&#8220; font_container=&#8220;tag:h1|text_align:center|color:%23000000&#8243; google_fonts=&#8220;font_family:Arimo%3Aregular%2Citalic%2C700%2C700italic|font_style:400%20regular%3A400%3Anormal&#8220; css_animation=&#8220;none&#8220; el_class=&#8220;small-heading&#8220;][vc_column_text]G\u00f6nnen Sie sich w\u00e4hrend Ihres Aufenthalts im Kassandra Palace Hotel &amp; Spa Momente purer Entspannung und Pflege im Friseursalon. Unsere engagierten Hairstyling-Experten werden Sie in ein einmaliges Haarpflege-Ritual einweihen und verleihen Ihnen den extra Touch, der Sie zu jeder Gelegenheit strahlen l\u00e4sst. Im Friseursalon finden Sie zudem Nagelbehandlungen wie Manik\u00fcre und Pedik\u00fcre.[\/vc_column_text]\t\t<\/div><\/div>[\/vc_column_inner][\/vc_row_inner][\/vc_column][\/vc_row][vc_row full_width=&#8220;stretch_row&#8220; el_class=&#8220;top-bottom-padding&#8220;][vc_column width=&#8220;1\/2&#8243;][vc_column_text]<div class='simple-banner style2 ' style='max-height:550px '><picture> <img src='https:\/\/kassandra-palace.com\/wp-content\/uploads\/2018\/12\/latest-offers-200x200.jpg' alt='' style='opacity: 0;' \/> <\/picture><div class='simple-banner-bg-wrapper'> <div class='simple-banner-bg lazy-ld' data-bg='url(https:\/\/kassandra-palace.com\/wp-content\/uploads\/2018\/12\/latest-offers.jpg)' ><\/div> <div class='overlay' style='opacity: 0.1'><\/div> <\/div><div class='caption-wrapper'><div class='title-wrapper'><span class='title'>Latest offers<\/span><\/div><div class='subtitle-wrapper'><span class='subtitle'>Exclusive Packages<\/span><\/div><\/div><a href='http:\/\/kassandra-palace.com\/offers\/' class='link'><\/a><\/div>[\/vc_column_text][\/vc_column][vc_column width=&#8220;1\/2&#8243;][vc_column_text]<div class='simple-banner style2 ' style='max-height:550px '><picture> <img src='https:\/\/kassandra-palace.com\/wp-content\/uploads\/2018\/10\/grand-suite-sea-view-18-200x200.jpg' alt='' style='opacity: 0;' \/> <\/picture><div class='simple-banner-bg-wrapper'> <div class='simple-banner-bg lazy-ld' data-bg='url(https:\/\/kassandra-palace.com\/wp-content\/uploads\/2018\/10\/grand-suite-sea-view-18.jpg)' ><\/div> <div class='overlay' style='opacity: 0.1'><\/div> <\/div><div class='caption-wrapper'><div class='title-wrapper'><span class='title'>Upgrade your stay<\/span><\/div><div class='subtitle-wrapper'><span class='subtitle'>View more rooms<\/span><\/div><\/div><a href='http:\/\/kassandra-palace.com\/rooms-overview\/' class='link'><\/a><\/div>[\/vc_column_text][\/vc_column][\/vc_row]<\/p>\n<\/div>","protected":false},"excerpt":{"rendered":"[vc_row el_class=&#8220;top-bottom-padding boxed&#8220; css=&#8220;.vc_custom_1543309314172{padding-right: 5% !important;padding-bottom: 30px !important;padding-left: 5% !important;}&#8220;][vc_column][vc_row_inner equal_height=&#8220;yes&#8220; gap=&#8220;30&#8243;][vc_column_inner width=&#8220;1\/2&#8243;][vc_custom_heading text=&#8220;Inmitten einer Aura nat\u00fcrlicher Gl\u00fcckseligkeit bietet Kassandra Palace Seaside Resort ein revitalisierendes Spa- und Wellness-Center in Halkidiki, das ultimative Entspannung und Verw\u00f6hnung f\u00fcr alle G\u00e4ste verspricht.&#8220; font_container=&#8220;tag:h2|font_size:2.5rem|text_align:left|color:%233d616f&#8220; google_fonts=&#8220;font_family:Roboto%20Slab%3A100%2C300%2Cregular%2C700|font_style:400%20regular%3A400%3Anormal&#8220; css_animation=&#8220;fadeInUp&#8220; css=&#8220;.vc_custom_1673441417885{margin-top: 0px !important;}&#8220; el_class=&#8220;large-heading&#8220;][\/vc_column_inner][vc_column_inner width=&#8220;1\/2&#8243;][vc_column_text css_animation=&#8220;fadeInUp&#8220;]Im einladenden, luxuri\u00f6sen Umfeld unserer Spaanlage werden Sie&#8230; <a class=\"view-article\" href=\"https:\/\/kassandra-palace.com\/de\/spa-wellness\/\">Artikel ansehen<\/a>","protected":false},"author":1,"featured_media":0,"parent":0,"menu_order":0,"comment_status":"closed","ping_status":"closed","template":"","meta":{"_acf_changed":false,"footnotes":""},"class_list":["post-2329","page","type-page","status-publish","hentry"],"acf":[],"yoast_head":"<!-- This site is optimized with the Yoast SEO plugin v25.9 - https:\/\/yoast.com\/wordpress\/plugins\/seo\/ -->\n<title>Spa &amp; Wellness - Kassandra Palace<\/title>\n<meta name=\"robots\" content=\"index, follow, max-snippet:-1, max-image-preview:large, max-video-preview:-1\" \/>\n<link rel=\"canonical\" href=\"https:\/\/kassandra-palace.com\/de\/spa-wellness\/\" \/>\n<meta property=\"og:locale\" content=\"de_DE\" \/>\n<meta property=\"og:type\" content=\"article\" \/>\n<meta property=\"og:title\" content=\"Spa &amp; Wellness - Kassandra Palace\" \/>\n<meta property=\"og:description\" content=\"[vc_row el_class=&#8220;top-bottom-padding boxed&#8220; css=&#8220;.vc_custom_1543309314172{padding-right: 5% !important;padding-bottom: 30px !important;padding-left: 5% !important;}&#8220;][vc_column][vc_row_inner equal_height=&#8220;yes&#8220; gap=&#8220;30&#8243;][vc_column_inner width=&#8220;1\/2&#8243;][vc_custom_heading text=&#8220;Inmitten einer Aura nat\u00fcrlicher Gl\u00fcckseligkeit bietet Kassandra Palace Seaside Resort ein revitalisierendes Spa- und Wellness-Center in Halkidiki, das ultimative Entspannung und Verw\u00f6hnung f\u00fcr alle G\u00e4ste verspricht.&#8220; font_container=&#8220;tag:h2|font_size:2.5rem|text_align:left|color:%233d616f&#8220; google_fonts=&#8220;font_family:Roboto%20Slab%3A100%2C300%2Cregular%2C700|font_style:400%20regular%3A400%3Anormal&#8220; css_animation=&#8220;fadeInUp&#8220; css=&#8220;.vc_custom_1673441417885{margin-top: 0px !important;}&#8220; el_class=&#8220;large-heading&#8220;][\/vc_column_inner][vc_column_inner width=&#8220;1\/2&#8243;][vc_column_text css_animation=&#8220;fadeInUp&#8220;]Im einladenden, luxuri\u00f6sen Umfeld unserer Spaanlage werden Sie... Artikel ansehen\" \/>\n<meta property=\"og:url\" content=\"https:\/\/kassandra-palace.com\/de\/spa-wellness\/\" \/>\n<meta property=\"og:site_name\" content=\"Kassandra Palace\" \/>\n<meta property=\"article:modified_time\" content=\"2026-04-22T11:08:41+00:00\" \/>\n<meta name=\"twitter:card\" content=\"summary_large_image\" \/>\n<meta name=\"twitter:label1\" content=\"Gesch\u00e4tzte Lesezeit\" \/>\n\t<meta name=\"twitter:data1\" content=\"2\u00a0Minuten\" \/>\n<script type=\"application\/ld+json\" class=\"yoast-schema-graph\">{\"@context\":\"https:\/\/schema.org\",\"@graph\":[{\"@type\":\"WebPage\",\"@id\":\"https:\/\/kassandra-palace.com\/de\/spa-wellness\/\",\"url\":\"https:\/\/kassandra-palace.com\/de\/spa-wellness\/\",\"name\":\"Spa & Wellness - Kassandra Palace\",\"isPartOf\":{\"@id\":\"https:\/\/kassandra-palace.com\/#website\"},\"datePublished\":\"2020-01-14T12:40:48+00:00\",\"dateModified\":\"2026-04-22T11:08:41+00:00\",\"breadcrumb\":{\"@id\":\"https:\/\/kassandra-palace.com\/de\/spa-wellness\/#breadcrumb\"},\"inLanguage\":\"de\",\"potentialAction\":[{\"@type\":\"ReadAction\",\"target\":[\"https:\/\/kassandra-palace.com\/de\/spa-wellness\/\"]}]},{\"@type\":\"BreadcrumbList\",\"@id\":\"https:\/\/kassandra-palace.com\/de\/spa-wellness\/#breadcrumb\",\"itemListElement\":[{\"@type\":\"ListItem\",\"position\":1,\"name\":\"Home\",\"item\":\"https:\/\/kassandra-palace.com\/de\/\"},{\"@type\":\"ListItem\",\"position\":2,\"name\":\"Spa &#038; Wellness\"}]},{\"@type\":\"WebSite\",\"@id\":\"https:\/\/kassandra-palace.com\/#website\",\"url\":\"https:\/\/kassandra-palace.com\/\",\"name\":\"Kassandra Palace\",\"description\":\"\",\"potentialAction\":[{\"@type\":\"SearchAction\",\"target\":{\"@type\":\"EntryPoint\",\"urlTemplate\":\"https:\/\/kassandra-palace.com\/?s={search_term_string}\"},\"query-input\":{\"@type\":\"PropertyValueSpecification\",\"valueRequired\":true,\"valueName\":\"search_term_string\"}}],\"inLanguage\":\"de\"}]}<\/script>\n<!-- \/ Yoast SEO plugin. -->","yoast_head_json":{"title":"Spa & Wellness - Kassandra Palace","robots":{"index":"index","follow":"follow","max-snippet":"max-snippet:-1","max-image-preview":"max-image-preview:large","max-video-preview":"max-video-preview:-1"},"canonical":"https:\/\/kassandra-palace.com\/de\/spa-wellness\/","og_locale":"de_DE","og_type":"article","og_title":"Spa & Wellness - Kassandra Palace","og_description":"[vc_row el_class=&#8220;top-bottom-padding boxed&#8220; css=&#8220;.vc_custom_1543309314172{padding-right: 5% !important;padding-bottom: 30px !important;padding-left: 5% !important;}&#8220;][vc_column][vc_row_inner equal_height=&#8220;yes&#8220; gap=&#8220;30&#8243;][vc_column_inner width=&#8220;1\/2&#8243;][vc_custom_heading text=&#8220;Inmitten einer Aura nat\u00fcrlicher Gl\u00fcckseligkeit bietet Kassandra Palace Seaside Resort ein revitalisierendes Spa- und Wellness-Center in Halkidiki, das ultimative Entspannung und Verw\u00f6hnung f\u00fcr alle G\u00e4ste verspricht.&#8220; font_container=&#8220;tag:h2|font_size:2.5rem|text_align:left|color:%233d616f&#8220; google_fonts=&#8220;font_family:Roboto%20Slab%3A100%2C300%2Cregular%2C700|font_style:400%20regular%3A400%3Anormal&#8220; css_animation=&#8220;fadeInUp&#8220; css=&#8220;.vc_custom_1673441417885{margin-top: 0px !important;}&#8220; el_class=&#8220;large-heading&#8220;][\/vc_column_inner][vc_column_inner width=&#8220;1\/2&#8243;][vc_column_text css_animation=&#8220;fadeInUp&#8220;]Im einladenden, luxuri\u00f6sen Umfeld unserer Spaanlage werden Sie... Artikel ansehen","og_url":"https:\/\/kassandra-palace.com\/de\/spa-wellness\/","og_site_name":"Kassandra Palace","article_modified_time":"2026-04-22T11:08:41+00:00","twitter_card":"summary_large_image","twitter_misc":{"Gesch\u00e4tzte Lesezeit":"2\u00a0Minuten"},"schema":{"@context":"https:\/\/schema.org","@graph":[{"@type":"WebPage","@id":"https:\/\/kassandra-palace.com\/de\/spa-wellness\/","url":"https:\/\/kassandra-palace.com\/de\/spa-wellness\/","name":"Spa & Wellness - Kassandra Palace","isPartOf":{"@id":"https:\/\/kassandra-palace.com\/#website"},"datePublished":"2020-01-14T12:40:48+00:00","dateModified":"2026-04-22T11:08:41+00:00","breadcrumb":{"@id":"https:\/\/kassandra-palace.com\/de\/spa-wellness\/#breadcrumb"},"inLanguage":"de","potentialAction":[{"@type":"ReadAction","target":["https:\/\/kassandra-palace.com\/de\/spa-wellness\/"]}]},{"@type":"BreadcrumbList","@id":"https:\/\/kassandra-palace.com\/de\/spa-wellness\/#breadcrumb","itemListElement":[{"@type":"ListItem","position":1,"name":"Home","item":"https:\/\/kassandra-palace.com\/de\/"},{"@type":"ListItem","position":2,"name":"Spa &#038; Wellness"}]},{"@type":"WebSite","@id":"https:\/\/kassandra-palace.com\/#website","url":"https:\/\/kassandra-palace.com\/","name":"Kassandra Palace","description":"","potentialAction":[{"@type":"SearchAction","target":{"@type":"EntryPoint","urlTemplate":"https:\/\/kassandra-palace.com\/?s={search_term_string}"},"query-input":{"@type":"PropertyValueSpecification","valueRequired":true,"valueName":"search_term_string"}}],"inLanguage":"de"}]}},"post_mailing_queue_ids":[],"_links":{"self":[{"href":"https:\/\/kassandra-palace.com\/de\/wp-json\/wp\/v2\/pages\/2329","targetHints":{"allow":["GET"]}}],"collection":[{"href":"https:\/\/kassandra-palace.com\/de\/wp-json\/wp\/v2\/pages"}],"about":[{"href":"https:\/\/kassandra-palace.com\/de\/wp-json\/wp\/v2\/types\/page"}],"author":[{"embeddable":true,"href":"https:\/\/kassandra-palace.com\/de\/wp-json\/wp\/v2\/users\/1"}],"replies":[{"embeddable":true,"href":"https:\/\/kassandra-palace.com\/de\/wp-json\/wp\/v2\/comments?post=2329"}],"version-history":[{"count":5,"href":"https:\/\/kassandra-palace.com\/de\/wp-json\/wp\/v2\/pages\/2329\/revisions"}],"predecessor-version":[{"id":18290,"href":"https:\/\/kassandra-palace.com\/de\/wp-json\/wp\/v2\/pages\/2329\/revisions\/18290"}],"wp:attachment":[{"href":"https:\/\/kassandra-palace.com\/de\/wp-json\/wp\/v2\/media?parent=2329"}],"curies":[{"name":"wp","href":"https:\/\/api.w.org\/{rel}","templated":true}]}}